{"id":849,"date":"2020-09-17T16:19:36","date_gmt":"2020-09-17T14:19:36","guid":{"rendered":"https:\/\/berlinbrains.com\/%d8%a7%d9%84%d8%b5%d9%81%d8%ad%d8%a9-%d8%a7%d9%84%d8%b1%d8%a6%d9%8a%d8%b3%d9%8a%d8%a9\/"},"modified":"2021-03-22T13:55:28","modified_gmt":"2021-03-22T12:55:28","slug":"%d8%a7%d9%84%d8%b5%d9%81%d8%ad%d8%a9-%d8%a7%d9%84%d8%b1%d8%a6%d9%8a%d8%b3%d9%8a%d8%a9","status":"publish","type":"page","link":"https:\/\/berlinbrains.com\/ar\/","title":{"rendered":"\u0627\u0644\u0635\u0641\u062d\u0629 \u0627\u0644\u0631\u0626\u064a\u0633\u064a\u0629"},"content":{"rendered":"\t\t<div data-elementor-type=\"wp-post\" data-elementor-id=\"849\" class=\"elementor elementor-849 elementor-5\" data-elementor-settings=\"[]\">\n\t\t\t\t\t\t<div class=\"elementor-inner\">\n\t\t\t\t\t\t\t<div class=\"elementor-section-wrap\">\n\t\t\t\t\t\t\t<section class=\"elementor-section elementor-top-section elementor-element elementor-element-d9aa37e elementor-section-boxed elementor-section-height-default elementor-section-height-default\" data-id=\"d9aa37e\" data-element_type=\"section\">\n\t\t\t\t\t\t<div class=\"elementor-container elementor-column-gap-no\">\n\t\t\t\t\t\t\t<div class=\"elementor-row\">\n\t\t\t\t\t<div class=\"elementor-column elementor-col-100 elementor-top-column elementor-element elementor-element-04c68e7\" data-id=\"04c68e7\" data-element_type=\"column\">\n\t\t\t<div class=\"elementor-column-wrap elementor-element-populated\">\n\t\t\t\t\t\t\t<div class=\"elementor-widget-wrap\">\n\t\t\t\t\t\t<div class=\"elementor-element elementor-element-f2b33bd elementor-aspect-ratio-169 elementor-widget elementor-widget-video\" data-id=\"f2b33bd\" data-element_type=\"widget\" data-settings=\"{&quot;youtube_url&quot;:&quot;https:\\\/\\\/youtu.be\\\/NHlm4UyACc8&quot;,&quot;start&quot;:0,&quot;video_type&quot;:&quot;youtube&quot;,&quot;controls&quot;:&quot;yes&quot;,&quot;aspect_ratio&quot;:&quot;169&quot;}\" data-widget_type=\"video.default\">\n\t\t\t\t<div class=\"elementor-widget-container\">\n\t\t\t\t\t<div class=\"elementor-wrapper elementor-fit-aspect-ratio elementor-open-inline\">\n\t\t\t<div class=\"elementor-video\"><\/div>\t\t<\/div>\n\t\t\t\t<\/div>\n\t\t\t\t<\/div>\n\t\t\t\t<div class=\"elementor-element elementor-element-30a736b1 elementor-widget elementor-widget-heading\" data-id=\"30a736b1\" data-element_type=\"widget\" data-widget_type=\"heading.default\">\n\t\t\t\t<div class=\"elementor-widget-container\">\n\t\t\t<h2 class=\"elementor-heading-title elementor-size-default\">BerlinBrains \u062a\u0635\u0628\u062d \u062c\u0632\u0621\u0627 \u0645\u0646<\/h2>\t\t<\/div>\n\t\t\t\t<\/div>\n\t\t\t\t<div class=\"elementor-element elementor-element-1b177f65 elementor-widget elementor-widget-text-editor\" data-id=\"1b177f65\" data-element_type=\"widget\" data-widget_type=\"text-editor.default\">\n\t\t\t\t<div class=\"elementor-widget-container\">\n\t\t\t\t\t\t\t\t<div class=\"elementor-text-editor elementor-clearfix\">\n\t\t\t\t\t<div>\n<div>\n<div>\n<p><span style=\"color: #e94f14;\"><strong>BerlinBrains<\/strong><\/span> zieht der Hauptstadt die Zwangsjacke aus. Damit <span style=\"color: #e94f14;\"><strong>Berlin<\/strong><\/span> wieder durchatmen und wachsen kann.<\/p>\n<p><span style=\"color: #e94f13;\"><strong>Alan Wolan<\/strong><\/span> und <span style=\"color: #e94f13;\"><strong>Alexander Skora<\/strong><\/span> stellen ein <span style=\"color: #e94f13;\"><strong>Team<\/strong><\/span> zusammen, das <span style=\"color: #e94f13;\"><strong>Berlin<\/strong><\/span> beleben und auf einen neuen Weg f\u00fchren wird. Das biologische Gesetz, wonach alles stirbt, was nicht w\u00e4chst, gilt auch f\u00fcr die bev\u00f6lkerungsreichste Stadt Deutschlands. Die <span style=\"color: #e94f13;\"><strong>Hauptstadt<\/strong><\/span>, die aktuell wie ein <span style=\"color: #e94f13;\"><strong>Bonsai-B\u00e4umchen<\/strong><\/span> durch die <span style=\"color: #e94f13;\"><strong>Politik<\/strong><\/span> beengt und bevormundet wird, l\u00f6st Verwunderung und <span style=\"color: #e94f13;\"><strong>Kopfsch\u00fctteln<\/strong><\/span> auf der ganzen <span style=\"color: #e94f13;\"><strong>Welt<\/strong><\/span> aus. Es ist an der Zeit, aufzustehen und etwas zu <span style=\"color: #e94f13;\"><strong>\u00e4ndern<\/strong><\/span>.<\/p>\n<p>Wir suchen <span style=\"color: #e94f13;\"><strong>Menschen<\/strong><\/span>, die <span style=\"color: #e94f13;\"><strong>Berlin<\/strong><\/span> mit uns gemeinsam bewegen wollen. <strong><span style=\"color: #e94f13;\">Werde<\/span> <span style=\"color: #e94f13;\">ein BerlinBrain<\/span><\/strong>: Wir suchen <span style=\"color: #e94f13;\"><strong>Abenteurer, Unternehmer, Macher, Wissenschaftler<\/strong>, <strong>Philosophen<\/strong>, <strong>K\u00fcnstler<\/strong>, <strong>Dichter<\/strong>, <strong>Musiker<\/strong><\/span> und\u00a0<span style=\"color: #e94f13;\"><strong>Querdenker<\/strong><\/span>. Du willst der <span style=\"color: #e94f13;\"><strong>Hauptstadt<\/strong><\/span> neues Leben einhauchen bzw. sie \u00fcberhaupt wieder lebenswert machen? Dann werde jetzt Teil von BerlinBrains. Wir glauben an die <span style=\"color: #e94f13;\"><strong>Macht<\/strong><\/span> von <span style=\"color: #e94f13;\"><strong>Ideen<\/strong><\/span> und das <span style=\"color: #e94f13;\"><strong>Potenzial<\/strong><\/span> unserer <span style=\"color: #e94f13;\"><strong>Generation<\/strong><\/span>. Gemeinsam k\u00f6nnen wir <span style=\"color: #e94f13;\"><strong>Berlin<\/strong><\/span> ver\u00e4ndern und zu einer gro\u00dfartigen <span style=\"color: #e94f13;\"><strong>Metropole<\/strong><\/span> machen!<\/p>\n<\/div>\n<\/div>\n<\/div>\n\t\t\t\t\t<\/div>\n\t\t\t\t\t\t<\/div>\n\t\t\t\t<\/div>\n\t\t\t\t<div class=\"elementor-element elementor-element-644b873 elementor-widget elementor-widget-heading\" data-id=\"644b873\" data-element_type=\"widget\" data-widget_type=\"heading.default\">\n\t\t\t\t<div class=\"elementor-widget-container\">\n\t\t\t<h2 class=\"elementor-heading-title elementor-size-default\">\u0627\u0644\u0628\u0631\u0646\u0627\u0645\u062c :<\/h2>\t\t<\/div>\n\t\t\t\t<\/div>\n\t\t\t\t<div class=\"elementor-element elementor-element-6c68c83 elementor-align-left elementor-icon-list--layout-traditional elementor-list-item-link-full_width elementor-widget elementor-widget-icon-list\" data-id=\"6c68c83\" data-element_type=\"widget\" data-widget_type=\"icon-list.default\">\n\t\t\t\t<div class=\"elementor-widget-container\">\n\t\t\t\t\t<ul class=\"elementor-icon-list-items\">\n\t\t\t\t\t\t\t<li class=\"elementor-icon-list-item\">\n\t\t\t\t\t\t\t\t\t\t\t<span class=\"elementor-icon-list-icon\">\n\t\t\t\t\t\t\t<i aria-hidden=\"true\" class=\"fas fa-check\"><\/i>\t\t\t\t\t\t<\/span>\n\t\t\t\t\t\t\t\t\t\t<span class=\"elementor-icon-list-text\">\u062a\u0635\u0645\u064a\u0645 \"\u062a\u0623\u0637\u064a\u0631\" \u0627\u0644\u062f\u064a\u0645\u0642\u0631\u0627\u0637\u064a\u0647 <\/span>\n\t\t\t\t\t\t\t\t\t<\/li>\n\t\t\t\t\t\t\t\t<li class=\"elementor-icon-list-item\">\n\t\t\t\t\t\t\t\t\t\t\t<span class=\"elementor-icon-list-icon\">\n\t\t\t\t\t\t\t<i aria-hidden=\"true\" class=\"fas fa-check\"><\/i>\t\t\t\t\t\t<\/span>\n\t\t\t\t\t\t\t\t\t\t<span class=\"elementor-icon-list-text\">\u0633\u064a\u0627\u0633\u0647 \u0627\u064a\u062c\u0627\u0628\u064a\u0647 <\/span>\n\t\t\t\t\t\t\t\t\t<\/li>\n\t\t\t\t\t\t\t\t<li class=\"elementor-icon-list-item\">\n\t\t\t\t\t\t\t\t\t\t\t<span class=\"elementor-icon-list-icon\">\n\t\t\t\t\t\t\t<i aria-hidden=\"true\" class=\"fas fa-check\"><\/i>\t\t\t\t\t\t<\/span>\n\t\t\t\t\t\t\t\t\t\t<span class=\"elementor-icon-list-text\">\u0645\u0628\u0627\u062f\u0631\u0627\u062a \u063a\u064a\u0631 \u0645\u0627\u062f\u0644\u062c\u0647 \u0648\u063a\u064a\u0631 \u0627\u064a\u062f\u064a\u0648\u0644\u0648\u062c\u064a\u0647 <\/span>\n\t\t\t\t\t\t\t\t\t<\/li>\n\t\t\t\t\t\t\t\t<li class=\"elementor-icon-list-item\">\n\t\t\t\t\t\t\t\t\t\t\t<span class=\"elementor-icon-list-icon\">\n\t\t\t\t\t\t\t<i aria-hidden=\"true\" class=\"fas fa-check\"><\/i>\t\t\t\t\t\t<\/span>\n\t\t\t\t\t\t\t\t\t\t<span class=\"elementor-icon-list-text\">\u0627\u0646\u0634\u0627\u062a \u0639\u0644\u0649 \u0627\u0633\u0627\u0633 \u0627\u0644\u062d\u0627\u062c\u0647 \u0627\u0644\u0639\u0627\u062f\u0644\u0647 <\/span>\n\t\t\t\t\t\t\t\t\t<\/li>\n\t\t\t\t\t\t\t\t<li class=\"elementor-icon-list-item\">\n\t\t\t\t\t\t\t\t\t\t\t<span class=\"elementor-icon-list-icon\">\n\t\t\t\t\t\t\t<i aria-hidden=\"true\" class=\"fas fa-check\"><\/i>\t\t\t\t\t\t<\/span>\n\t\t\t\t\t\t\t\t\t\t<span class=\"elementor-icon-list-text\">\u0646\u0638\u0645 \u0627\u062f\u0627\u0631\u0647 \u0645\u062a\u0642\u062f\u0645\u0647 \u0648 \u0645\u062a\u0639\u0627\u0648\u0646\u0647 <\/span>\n\t\t\t\t\t\t\t\t\t<\/li>\n\t\t\t\t\t\t\t\t<li class=\"elementor-icon-list-item\">\n\t\t\t\t\t\t\t\t\t\t\t<span class=\"elementor-icon-list-icon\">\n\t\t\t\t\t\t\t<i aria-hidden=\"true\" class=\"fas fa-check\"><\/i>\t\t\t\t\t\t<\/span>\n\t\t\t\t\t\t\t\t\t\t<span class=\"elementor-icon-list-text\">\u0645\u062f\u0627\u0631\u0633 \u062e\u0627\u0635\u0647 \u0627\u062d\u062a\u0631\u0627\u0641\u064a\u0647 (\u0645\u0647\u0646\u064a\u0647( <\/span>\n\t\t\t\t\t\t\t\t\t<\/li>\n\t\t\t\t\t\t\t\t<li class=\"elementor-icon-list-item\">\n\t\t\t\t\t\t\t\t\t\t\t<span class=\"elementor-icon-list-icon\">\n\t\t\t\t\t\t\t<i aria-hidden=\"true\" class=\"fas fa-check\"><\/i>\t\t\t\t\t\t<\/span>\n\t\t\t\t\t\t\t\t\t\t<span class=\"elementor-icon-list-text\">\u062d\u0631\u0643\u0647 \u0645\u0631\u0648\u0631\u064a\u0647 \u0627\u0643\u062b\u0631 \u0647\u062f\u0648\u0621 \u0648\u0646\u0638\u0627\u0641\u0647 <\/span>\n\t\t\t\t\t\t\t\t\t<\/li>\n\t\t\t\t\t\t<\/ul>\n\t\t\t\t<\/div>\n\t\t\t\t<\/div>\n\t\t\t\t<div class=\"elementor-element elementor-element-d8a3b66 elementor-widget elementor-widget-heading\" data-id=\"d8a3b66\" data-element_type=\"widget\" data-widget_type=\"heading.default\">\n\t\t\t\t<div class=\"elementor-widget-container\">\n\t\t\t<h2 class=\"elementor-heading-title elementor-size-default\">Werde aktiv!<\/h2>\t\t<\/div>\n\t\t\t\t<\/div>\n\t\t\t\t<div class=\"elementor-element elementor-element-f225713 elementor-widget elementor-widget-text-editor\" data-id=\"f225713\" data-element_type=\"widget\" data-widget_type=\"text-editor.default\">\n\t\t\t\t<div class=\"elementor-widget-container\">\n\t\t\t\t\t\t\t\t<div class=\"elementor-text-editor elementor-clearfix\">\n\t\t\t\t\t<div>\n<div>\n<div>\n<p><span style=\"letter-spacing: 0.1px;\">Du warst <\/span><span style=\"letter-spacing: 0.1px; color: #e94f13;\"><strong>politisch<\/strong><\/span><span style=\"letter-spacing: 0.1px;\"> noch nicht aktiv, aber bist davon <\/span><span style=\"letter-spacing: 0.1px; color: #e94f13;\"><strong>\u00fcberzeugt<\/strong><\/span><span style=\"letter-spacing: 0.1px;\">, mit Deinen Ideen <\/span><span style=\"letter-spacing: 0.1px; color: #e94f13;\"><strong>Berlin<\/strong><\/span><span style=\"letter-spacing: 0.1px;\"> auf den richtigen Weg zu bringen? Du hast Lust ein <\/span><span style=\"letter-spacing: 0.1px; color: #e94f13;\"><strong>Berlinver\u00e4nderer<\/strong><\/span><span style=\"letter-spacing: 0.1px;\"> zu werden und mit uns gemeinsam die <\/span><span style=\"letter-spacing: 0.1px; color: #e94f13;\"><strong>Zukunft<\/strong><\/span><span style=\"letter-spacing: 0.1px;\"> neu zu gestalten? Du m\u00f6chtest an einem Alles-oder-Nichts-Projekt arbeiten?<\/span><\/p>\n<p>Dann schick uns Dein kurzes pers\u00f6nliches <span style=\"color: #e94f13;\"><strong>Profil<\/strong><\/span>, schreib uns was Dich in <span style=\"color: #e94f13;\"><strong>Berlin<\/strong><\/span> gerade so richtig <span style=\"color: #e94f13;\"><strong>\u00e4rgert<\/strong><\/span> und gib uns Deine <span style=\"color: #e94f13;\"><strong>Vision<\/strong><\/span> von einer lebenswerten Hauptstadt wieder. Bewirb Dich per E-Mail an:<\/p>\n<\/div>\n<\/div>\n<\/div>\n\t\t\t\t\t<\/div>\n\t\t\t\t\t\t<\/div>\n\t\t\t\t<\/div>\n\t\t\t\t<div class=\"elementor-element elementor-element-37933509 elementor-mobile-align-center elementor-widget elementor-widget-button\" data-id=\"37933509\" data-element_type=\"widget\" data-widget_type=\"button.default\">\n\t\t\t\t<div class=\"elementor-widget-container\">\n\t\t\t\t\t<div class=\"elementor-button-wrapper\">\n\t\t\t<a href=\"mailto:2021@BerlinBrains.com\" class=\"elementor-button-link elementor-button elementor-size-sm elementor-animation-grow\" role=\"button\">\n\t\t\t\t\t\t<span class=\"elementor-button-content-wrapper\">\n\t\t\t\t\t\t<span class=\"elementor-button-icon elementor-align-icon-left\">\n\t\t\t\t<i aria-hidden=\"true\" class=\"far fa-paper-plane\"><\/i>\t\t\t<\/span>\n\t\t\t\t\t\t<span class=\"elementor-button-text\">2021@BerlinBrains.com<\/span>\n\t\t<\/span>\n\t\t\t\t\t<\/a>\n\t\t<\/div>\n\t\t\t\t<\/div>\n\t\t\t\t<\/div>\n\t\t\t\t<div class=\"elementor-element elementor-element-2555139 elementor-widget elementor-widget-text-editor\" data-id=\"2555139\" data-element_type=\"widget\" data-widget_type=\"text-editor.default\">\n\t\t\t\t<div class=\"elementor-widget-container\">\n\t\t\t\t\t\t\t\t<div class=\"elementor-text-editor elementor-clearfix\">\n\t\t\t\t\t<p>\u0628\u0625\u0631\u0633\u0627\u0644 \u0627\u0644\u0628\u0631\u064a\u062f \u0627\u0644\u0627\u0644\u0643\u062a\u0631\u0648\u0646\u064a \u0627\u0644\u062e\u0627\u0635 \u0628\u0643\u060c \u0641\u0625\u0646\u0643 \u062a\u0642\u0631 \u0639\u0644\u064a \u0627\u0644\u0645\u0648\u0627\u0641\u0642\u0629 \u0639\u0644\u064a \u0633\u064a\u0627\u0633\u0629 \u0627\u0644\u062e\u0635\u0648\u0635\u064a\u0629 \u0627\u0644\u062e\u0627\u0635\u0629 \u0628\u0646\u0627 \u0648 \u0623\u0646\u0647 \u064a\u062c\u0648\u0632 \u0644\u0646\u0627 \u0627\u0633\u062a\u062e\u062f\u0627\u0645 \u0647\u0630\u0647 \u0627\u0644\u0645\u0639\u0644\u0648\u0645\u0627\u062a \u0644\u0644\u0625\u062a\u0635\u0627\u0644 \u0628\u0643. \u0644\u0646 \u0646\u0642\u0648\u0645 \u0628\u0645\u0634\u0627\u0631\u0643\u0629 \u0628\u064a\u0627\u0646\u0627\u062a\u0643 \u0645\u0639 \u0623\u064a \u0637\u0631\u0641 \u062b\u0627\u0644\u062b<\/p>\n\t\t\t\t\t<\/div>\n\t\t\t\t\t\t<\/div>\n\t\t\t\t<\/div>\n\t\t\t\t\t\t<\/div>\n\t\t\t\t\t<\/div>\n\t\t<\/div>\n\t\t\t\t\t\t\t\t<\/div>\n\t\t\t\t\t<\/div>\n\t\t<\/section>\n\t\t\t\t\t\t<\/div>\n\t\t\t\t\t\t<\/div>\n\t\t\t\t\t<\/div>\n\t\t","protected":false},"excerpt":{"rendered":"<p>BerlinBrains \u062a\u0635\u0628\u062d \u062c\u0632\u0621\u0627 \u0645\u0646 BerlinBrains zieht der Hauptstadt die Zwangsjacke aus. Damit Berlin wieder durchatmen und wachsen kann. Alan Wolan und Alexander Skora stellen ein Team zusammen, das Berlin beleben und auf einen neuen Weg f\u00fchren wird. Das biologische Gesetz, wonach alles stirbt, was nicht w\u00e4chst, gilt auch f\u00fcr die bev\u00f6lkerungsreichste Stadt Deutschlands. Die Hauptstadt, [&hellip;]<\/p>\n","protected":false},"author":1,"featured_media":0,"parent":0,"menu_order":0,"comment_status":"closed","ping_status":"closed","template":"","meta":[],"yoast_head":"<!-- This site is optimized with the Yoast SEO plugin v16.5 - https:\/\/yoast.com\/wordpress\/plugins\/seo\/ -->\n<title>\u0627\u0644\u0635\u0641\u062d\u0629 \u0627\u0644\u0631\u0626\u064a\u0633\u064a\u0629 | BerlinBrains<\/title>\n<meta name=\"robots\" content=\"index, follow, max-snippet:-1, max-image-preview:large, max-video-preview:-1\" \/>\n<link rel=\"canonical\" href=\"https:\/\/berlinbrains.com\/ar\/\" \/>\n<meta property=\"og:locale\" content=\"ar_AR\" \/>\n<meta property=\"og:type\" content=\"article\" \/>\n<meta property=\"og:title\" content=\"\u0627\u0644\u0635\u0641\u062d\u0629 \u0627\u0644\u0631\u0626\u064a\u0633\u064a\u0629 | BerlinBrains\" \/>\n<meta property=\"og:description\" content=\"BerlinBrains \u062a\u0635\u0628\u062d \u062c\u0632\u0621\u0627 \u0645\u0646 BerlinBrains zieht der Hauptstadt die Zwangsjacke aus. Damit Berlin wieder durchatmen und wachsen kann. Alan Wolan und Alexander Skora stellen ein Team zusammen, das Berlin beleben und auf einen neuen Weg f\u00fchren wird. Das biologische Gesetz, wonach alles stirbt, was nicht w\u00e4chst, gilt auch f\u00fcr die bev\u00f6lkerungsreichste Stadt Deutschlands. Die Hauptstadt, [&hellip;]\" \/>\n<meta property=\"og:url\" content=\"https:\/\/berlinbrains.com\/ar\/\" \/>\n<meta property=\"og:site_name\" content=\"BerlinBrains\" \/>\n<meta property=\"article:publisher\" content=\"https:\/\/www.facebook.com\/BerlinBrains\" \/>\n<meta property=\"article:modified_time\" content=\"2021-03-22T12:55:28+00:00\" \/>\n<meta name=\"twitter:card\" content=\"summary_large_image\" \/>\n<meta name=\"twitter:site\" content=\"@berlinbrains\" \/>\n<meta name=\"twitter:label1\" content=\"\u0648\u0642\u062a \u0627\u0644\u0642\u0631\u0627\u0621\u0629 \u0627\u0644\u0645\u064f\u0642\u062f\u0651\u0631\" \/>\n\t<meta name=\"twitter:data1\" content=\"1 \u062f\u0642\u064a\u0642\u0629\" \/>\n<script type=\"application\/ld+json\" class=\"yoast-schema-graph\">{\"@context\":\"https:\/\/schema.org\",\"@graph\":[{\"@type\":\"Organization\",\"@id\":\"https:\/\/berlinbrains.com\/#organization\",\"name\":\"BerlinBrains\",\"url\":\"https:\/\/berlinbrains.com\/\",\"sameAs\":[\"https:\/\/www.facebook.com\/BerlinBrains\",\"https:\/\/www.instagram.com\/BerlinBrains\/\",\"https:\/\/twitter.com\/berlinbrains\"],\"logo\":{\"@type\":\"ImageObject\",\"@id\":\"https:\/\/berlinbrains.com\/#logo\",\"inLanguage\":\"ar\",\"url\":\"https:\/\/berlinbrains.com\/wp-content\/uploads\/2020\/08\/berlinbrains-logo.svg\",\"contentUrl\":\"https:\/\/berlinbrains.com\/wp-content\/uploads\/2020\/08\/berlinbrains-logo.svg\",\"caption\":\"BerlinBrains\"},\"image\":{\"@id\":\"https:\/\/berlinbrains.com\/#logo\"}},{\"@type\":\"WebSite\",\"@id\":\"https:\/\/berlinbrains.com\/#website\",\"url\":\"https:\/\/berlinbrains.com\/\",\"name\":\"BerlinBrains\",\"description\":\"MISSION: DESIGN DEMOCRACY!\",\"publisher\":{\"@id\":\"https:\/\/berlinbrains.com\/#organization\"},\"potentialAction\":[{\"@type\":\"SearchAction\",\"target\":\"https:\/\/berlinbrains.com\/?s={search_term_string}\",\"query-input\":\"required name=search_term_string\"}],\"inLanguage\":\"ar\"},{\"@type\":\"WebPage\",\"@id\":\"https:\/\/berlinbrains.com\/ar\/#webpage\",\"url\":\"https:\/\/berlinbrains.com\/ar\/\",\"name\":\"\\u0627\\u0644\\u0635\\u0641\\u062d\\u0629 \\u0627\\u0644\\u0631\\u0626\\u064a\\u0633\\u064a\\u0629 | BerlinBrains\",\"isPartOf\":{\"@id\":\"https:\/\/berlinbrains.com\/#website\"},\"datePublished\":\"2020-09-17T14:19:36+00:00\",\"dateModified\":\"2021-03-22T12:55:28+00:00\",\"breadcrumb\":{\"@id\":\"https:\/\/berlinbrains.com\/ar\/#breadcrumb\"},\"inLanguage\":\"ar\",\"potentialAction\":[{\"@type\":\"ReadAction\",\"target\":[\"https:\/\/berlinbrains.com\/ar\/\"]}]},{\"@type\":\"BreadcrumbList\",\"@id\":\"https:\/\/berlinbrains.com\/ar\/#breadcrumb\",\"itemListElement\":[{\"@type\":\"ListItem\",\"position\":1,\"name\":\"Startseite\",\"item\":\"https:\/\/berlinbrains.com\/ar\/\"},{\"@type\":\"ListItem\",\"position\":2,\"name\":\"\\u0627\\u0644\\u0635\\u0641\\u062d\\u0629 \\u0627\\u0644\\u0631\\u0626\\u064a\\u0633\\u064a\\u0629\"}]}]}<\/script>\n<!-- \/ Yoast SEO plugin. -->","_links":{"self":[{"href":"https:\/\/berlinbrains.com\/ar\/wp-json\/wp\/v2\/pages\/849"}],"collection":[{"href":"https:\/\/berlinbrains.com\/ar\/wp-json\/wp\/v2\/pages"}],"about":[{"href":"https:\/\/berlinbrains.com\/ar\/wp-json\/wp\/v2\/types\/page"}],"author":[{"embeddable":true,"href":"https:\/\/berlinbrains.com\/ar\/wp-json\/wp\/v2\/users\/1"}],"replies":[{"embeddable":true,"href":"https:\/\/berlinbrains.com\/ar\/wp-json\/wp\/v2\/comments?post=849"}],"version-history":[{"count":5,"href":"https:\/\/berlinbrains.com\/ar\/wp-json\/wp\/v2\/pages\/849\/revisions"}],"predecessor-version":[{"id":1480,"href":"https:\/\/berlinbrains.com\/ar\/wp-json\/wp\/v2\/pages\/849\/revisions\/1480"}],"wp:attachment":[{"href":"https:\/\/berlinbrains.com\/ar\/wp-json\/wp\/v2\/media?parent=849"}],"curies":[{"name":"wp","href":"https:\/\/api.w.org\/{rel}","templated":true}]}}