{"id":691,"date":"2020-09-08T15:20:36","date_gmt":"2020-09-08T13:20:36","guid":{"rendered":"https:\/\/berlinbrains.com\/inicio\/"},"modified":"2021-03-22T13:56:07","modified_gmt":"2021-03-22T12:56:07","slug":"inicio","status":"publish","type":"page","link":"https:\/\/berlinbrains.com\/es\/","title":{"rendered":"Inicio"},"content":{"rendered":"\t\t<div data-elementor-type=\"wp-post\" data-elementor-id=\"691\" class=\"elementor elementor-691 elementor-5\" data-elementor-settings=\"[]\">\n\t\t\t\t\t\t<div class=\"elementor-inner\">\n\t\t\t\t\t\t\t<div class=\"elementor-section-wrap\">\n\t\t\t\t\t\t\t<section class=\"elementor-section elementor-top-section elementor-element elementor-element-d9aa37e elementor-section-boxed elementor-section-height-default elementor-section-height-default\" data-id=\"d9aa37e\" data-element_type=\"section\">\n\t\t\t\t\t\t<div class=\"elementor-container elementor-column-gap-no\">\n\t\t\t\t\t\t\t<div class=\"elementor-row\">\n\t\t\t\t\t<div class=\"elementor-column elementor-col-100 elementor-top-column elementor-element elementor-element-04c68e7\" data-id=\"04c68e7\" data-element_type=\"column\">\n\t\t\t<div class=\"elementor-column-wrap elementor-element-populated\">\n\t\t\t\t\t\t\t<div class=\"elementor-widget-wrap\">\n\t\t\t\t\t\t<div class=\"elementor-element elementor-element-f2b33bd elementor-aspect-ratio-169 elementor-widget elementor-widget-video\" data-id=\"f2b33bd\" data-element_type=\"widget\" data-settings=\"{&quot;youtube_url&quot;:&quot;https:\\\/\\\/youtu.be\\\/NHlm4UyACc8&quot;,&quot;start&quot;:0,&quot;video_type&quot;:&quot;youtube&quot;,&quot;controls&quot;:&quot;yes&quot;,&quot;aspect_ratio&quot;:&quot;169&quot;}\" data-widget_type=\"video.default\">\n\t\t\t\t<div class=\"elementor-widget-container\">\n\t\t\t\t\t<div class=\"elementor-wrapper elementor-fit-aspect-ratio elementor-open-inline\">\n\t\t\t<div class=\"elementor-video\"><\/div>\t\t<\/div>\n\t\t\t\t<\/div>\n\t\t\t\t<\/div>\n\t\t\t\t<div class=\"elementor-element elementor-element-30a736b1 elementor-widget elementor-widget-heading\" data-id=\"30a736b1\" data-element_type=\"widget\" data-widget_type=\"heading.default\">\n\t\t\t\t<div class=\"elementor-widget-container\">\n\t\t\t<h2 class=\"elementor-heading-title elementor-size-default\">\u00a1S\u00e9 parte de BerlinBrains!<\/h2>\t\t<\/div>\n\t\t\t\t<\/div>\n\t\t\t\t<div class=\"elementor-element elementor-element-1b177f65 elementor-widget elementor-widget-text-editor\" data-id=\"1b177f65\" data-element_type=\"widget\" data-widget_type=\"text-editor.default\">\n\t\t\t\t<div class=\"elementor-widget-container\">\n\t\t\t\t\t\t\t\t<div class=\"elementor-text-editor elementor-clearfix\">\n\t\t\t\t\t<p>BerlinBrains quiere quitarle la camisa de fuerza a la capital. As\u00ed Berl\u00edn podr\u00e1 respirar y crecer de nuevo.<\/p>\n<p>Alan Wolan y Alexander Skora est\u00e1n formando un equipo multidisciplinar para reactivar Berl\u00edn y llevarla por un nuevo camino. La ley biol\u00f3gica, seg\u00fan la cual todo lo que no crece, muere, tambi\u00e9n puede aplicarse a la ciudad m\u00e1s poblada de Alemania.<\/p>\n<p>La capital, que actualmente es controlada y patrocinada por la pol\u00edtica como si fuera un peque\u00f1o Bonsai, no deja de causar asombro y sacudidas de cabeza en todo el mundo.<\/p>\n<p>\u00a1Es hora de levantarse y hacer un cambio!<\/p>\n<p>Buscamos personas que quieran mover Berlin junto a nosotros. S\u00e9 un BerlinBrain: Buscamos aventureros, emprendedores, creadores, cient\u00edficos, fil\u00f3sofos, artistas, poetas, m\u00fasicos y pensadores cr\u00edticos. \u00bfQuieres darle una nueva vida a la capital o hacer que de nuevo valga la pena vivir en ella? Entonces forma parte de BerlinBrains. Creemos en el poder de las ideas y en el potencial de nuestra generaci\u00f3n. \u00a1Juntos podemos cambiar Berl\u00edn y convertirla en una gran metr\u00f3polis!<\/p>\n<p>\u00bfNunca has sido pol\u00edticamente activo pero est\u00e1s convencido de que tus ideas llevar\u00edan a Berl\u00edn por el camino correcto? \u00bfTe gustar\u00eda cambiar Berl\u00edn y darle forma al futuro junto con nosotros? \u00bfQuerr\u00edas trabajar en un proyecto de todo o nada?<\/p>\n<p>Entonces env\u00edanos un breve perfil personal a nuestro correo electr\u00f3nico: 2021@BerlinBrains.com, escr\u00edbenos acerca de lo que te no te gusta en Berl\u00edn y cu\u00e9ntanos cual es tu visi\u00f3n de una capital en la que valga la pena vivir.<\/p>\n\t\t\t\t\t<\/div>\n\t\t\t\t\t\t<\/div>\n\t\t\t\t<\/div>\n\t\t\t\t<div class=\"elementor-element elementor-element-644b873 elementor-widget elementor-widget-heading\" data-id=\"644b873\" data-element_type=\"widget\" data-widget_type=\"heading.default\">\n\t\t\t\t<div class=\"elementor-widget-container\">\n\t\t\t<h2 class=\"elementor-heading-title elementor-size-default\">Nuestro programa<\/h2>\t\t<\/div>\n\t\t\t\t<\/div>\n\t\t\t\t<div class=\"elementor-element elementor-element-6c68c83 elementor-align-left elementor-icon-list--layout-traditional elementor-list-item-link-full_width elementor-widget elementor-widget-icon-list\" data-id=\"6c68c83\" data-element_type=\"widget\" data-widget_type=\"icon-list.default\">\n\t\t\t\t<div class=\"elementor-widget-container\">\n\t\t\t\t\t<ul class=\"elementor-icon-list-items\">\n\t\t\t\t\t\t\t<li class=\"elementor-icon-list-item\">\n\t\t\t\t\t\t\t\t\t\t\t<span class=\"elementor-icon-list-icon\">\n\t\t\t\t\t\t\t<i aria-hidden=\"true\" class=\"fas fa-check\"><\/i>\t\t\t\t\t\t<\/span>\n\t\t\t\t\t\t\t\t\t\t<span class=\"elementor-icon-list-text\">Dise\u00f1o para la Democracia<\/span>\n\t\t\t\t\t\t\t\t\t<\/li>\n\t\t\t\t\t\t\t\t<li class=\"elementor-icon-list-item\">\n\t\t\t\t\t\t\t\t\t\t\t<span class=\"elementor-icon-list-icon\">\n\t\t\t\t\t\t\t<i aria-hidden=\"true\" class=\"fas fa-check\"><\/i>\t\t\t\t\t\t<\/span>\n\t\t\t\t\t\t\t\t\t\t<span class=\"elementor-icon-list-text\">Pol\u00edtica Positiva<\/span>\n\t\t\t\t\t\t\t\t\t<\/li>\n\t\t\t\t\t\t\t\t<li class=\"elementor-icon-list-item\">\n\t\t\t\t\t\t\t\t\t\t\t<span class=\"elementor-icon-list-icon\">\n\t\t\t\t\t\t\t<i aria-hidden=\"true\" class=\"fas fa-check\"><\/i>\t\t\t\t\t\t<\/span>\n\t\t\t\t\t\t\t\t\t\t<span class=\"elementor-icon-list-text\">Iniciativas libres de Ideolog\u00edas<\/span>\n\t\t\t\t\t\t\t\t\t<\/li>\n\t\t\t\t\t\t\t\t<li class=\"elementor-icon-list-item\">\n\t\t\t\t\t\t\t\t\t\t\t<span class=\"elementor-icon-list-icon\">\n\t\t\t\t\t\t\t<i aria-hidden=\"true\" class=\"fas fa-check\"><\/i>\t\t\t\t\t\t<\/span>\n\t\t\t\t\t\t\t\t\t\t<span class=\"elementor-icon-list-text\">Construir seg\u00fan las necesidades<\/span>\n\t\t\t\t\t\t\t\t\t<\/li>\n\t\t\t\t\t\t\t\t<li class=\"elementor-icon-list-item\">\n\t\t\t\t\t\t\t\t\t\t\t<span class=\"elementor-icon-list-icon\">\n\t\t\t\t\t\t\t<i aria-hidden=\"true\" class=\"fas fa-check\"><\/i>\t\t\t\t\t\t<\/span>\n\t\t\t\t\t\t\t\t\t\t<span class=\"elementor-icon-list-text\">Gesti\u00f3n digital amigable<\/span>\n\t\t\t\t\t\t\t\t\t<\/li>\n\t\t\t\t\t\t\t\t<li class=\"elementor-icon-list-item\">\n\t\t\t\t\t\t\t\t\t\t\t<span class=\"elementor-icon-list-icon\">\n\t\t\t\t\t\t\t<i aria-hidden=\"true\" class=\"fas fa-check\"><\/i>\t\t\t\t\t\t<\/span>\n\t\t\t\t\t\t\t\t\t\t<span class=\"elementor-icon-list-text\">Colegios privados profesionales<\/span>\n\t\t\t\t\t\t\t\t\t<\/li>\n\t\t\t\t\t\t\t\t<li class=\"elementor-icon-list-item\">\n\t\t\t\t\t\t\t\t\t\t\t<span class=\"elementor-icon-list-icon\">\n\t\t\t\t\t\t\t<i aria-hidden=\"true\" class=\"fas fa-check\"><\/i>\t\t\t\t\t\t<\/span>\n\t\t\t\t\t\t\t\t\t\t<span class=\"elementor-icon-list-text\">Tr\u00e1fico silencioso y libre de contaminaci\u00f3n<\/span>\n\t\t\t\t\t\t\t\t\t<\/li>\n\t\t\t\t\t\t<\/ul>\n\t\t\t\t<\/div>\n\t\t\t\t<\/div>\n\t\t\t\t<div class=\"elementor-element elementor-element-d8a3b66 elementor-widget elementor-widget-heading\" data-id=\"d8a3b66\" data-element_type=\"widget\" data-widget_type=\"heading.default\">\n\t\t\t\t<div class=\"elementor-widget-container\">\n\t\t\t<h2 class=\"elementor-heading-title elementor-size-default\">Werde aktiv!<\/h2>\t\t<\/div>\n\t\t\t\t<\/div>\n\t\t\t\t<div class=\"elementor-element elementor-element-f225713 elementor-widget elementor-widget-text-editor\" data-id=\"f225713\" data-element_type=\"widget\" data-widget_type=\"text-editor.default\">\n\t\t\t\t<div class=\"elementor-widget-container\">\n\t\t\t\t\t\t\t\t<div class=\"elementor-text-editor elementor-clearfix\">\n\t\t\t\t\t<div>\n<div>\n<div>\n<p><span style=\"letter-spacing: 0.1px;\">Du warst <\/span><span style=\"letter-spacing: 0.1px; color: #e94f13;\"><strong>politisch<\/strong><\/span><span style=\"letter-spacing: 0.1px;\"> noch nicht aktiv, aber bist davon <\/span><span style=\"letter-spacing: 0.1px; color: #e94f13;\"><strong>\u00fcberzeugt<\/strong><\/span><span style=\"letter-spacing: 0.1px;\">, mit Deinen Ideen <\/span><span style=\"letter-spacing: 0.1px; color: #e94f13;\"><strong>Berlin<\/strong><\/span><span style=\"letter-spacing: 0.1px;\"> auf den richtigen Weg zu bringen? Du hast Lust ein <\/span><span style=\"letter-spacing: 0.1px; color: #e94f13;\"><strong>Berlinver\u00e4nderer<\/strong><\/span><span style=\"letter-spacing: 0.1px;\"> zu werden und mit uns gemeinsam die <\/span><span style=\"letter-spacing: 0.1px; color: #e94f13;\"><strong>Zukunft<\/strong><\/span><span style=\"letter-spacing: 0.1px;\"> neu zu gestalten? Du m\u00f6chtest an einem Alles-oder-Nichts-Projekt arbeiten?<\/span><\/p>\n<p>Dann schick uns Dein kurzes pers\u00f6nliches <span style=\"color: #e94f13;\"><strong>Profil<\/strong><\/span>, schreib uns was Dich in <span style=\"color: #e94f13;\"><strong>Berlin<\/strong><\/span> gerade so richtig <span style=\"color: #e94f13;\"><strong>\u00e4rgert<\/strong><\/span> und gib uns Deine <span style=\"color: #e94f13;\"><strong>Vision<\/strong><\/span> von einer lebenswerten Hauptstadt wieder. Bewirb Dich per E-Mail an:<\/p>\n<\/div>\n<\/div>\n<\/div>\n\t\t\t\t\t<\/div>\n\t\t\t\t\t\t<\/div>\n\t\t\t\t<\/div>\n\t\t\t\t<div class=\"elementor-element elementor-element-37933509 elementor-mobile-align-center elementor-widget elementor-widget-button\" data-id=\"37933509\" data-element_type=\"widget\" data-widget_type=\"button.default\">\n\t\t\t\t<div class=\"elementor-widget-container\">\n\t\t\t\t\t<div class=\"elementor-button-wrapper\">\n\t\t\t<a href=\"mailto:2021@BerlinBrains.com\" class=\"elementor-button-link elementor-button elementor-size-sm elementor-animation-grow\" role=\"button\">\n\t\t\t\t\t\t<span class=\"elementor-button-content-wrapper\">\n\t\t\t\t\t\t<span class=\"elementor-button-icon elementor-align-icon-left\">\n\t\t\t\t<i aria-hidden=\"true\" class=\"far fa-paper-plane\"><\/i>\t\t\t<\/span>\n\t\t\t\t\t\t<span class=\"elementor-button-text\">2021@BerlinBrains.com<\/span>\n\t\t<\/span>\n\t\t\t\t\t<\/a>\n\t\t<\/div>\n\t\t\t\t<\/div>\n\t\t\t\t<\/div>\n\t\t\t\t<div class=\"elementor-element elementor-element-2555139 elementor-widget elementor-widget-text-editor\" data-id=\"2555139\" data-element_type=\"widget\" data-widget_type=\"text-editor.default\">\n\t\t\t\t<div class=\"elementor-widget-container\">\n\t\t\t\t\t\t\t\t<div class=\"elementor-text-editor elementor-clearfix\">\n\t\t\t\t\t<p>Al enviar su correo electr\u00f3nico, confirma que acepta nuestra pol\u00edtica de privacidad y que podemos utilizar sus datos para comunicarnos con usted. No cedemos sus datos a terceros.<\/p>\n\t\t\t\t\t<\/div>\n\t\t\t\t\t\t<\/div>\n\t\t\t\t<\/div>\n\t\t\t\t\t\t<\/div>\n\t\t\t\t\t<\/div>\n\t\t<\/div>\n\t\t\t\t\t\t\t\t<\/div>\n\t\t\t\t\t<\/div>\n\t\t<\/section>\n\t\t\t\t\t\t<\/div>\n\t\t\t\t\t\t<\/div>\n\t\t\t\t\t<\/div>\n\t\t","protected":false},"excerpt":{"rendered":"<p>\u00a1S\u00e9 parte de BerlinBrains! BerlinBrains quiere quitarle la camisa de fuerza a la capital. As\u00ed Berl\u00edn podr\u00e1 respirar y crecer de nuevo. Alan Wolan y Alexander Skora est\u00e1n formando un equipo multidisciplinar para reactivar Berl\u00edn y llevarla por un nuevo camino. La ley biol\u00f3gica, seg\u00fan la cual todo lo que no crece, muere, tambi\u00e9n puede [&hellip;]<\/p>\n","protected":false},"author":1,"featured_media":0,"parent":0,"menu_order":0,"comment_status":"closed","ping_status":"closed","template":"","meta":[],"yoast_head":"<!-- This site is optimized with the Yoast SEO plugin v16.5 - https:\/\/yoast.com\/wordpress\/plugins\/seo\/ -->\n<title>Inicio | BerlinBrains<\/title>\n<meta name=\"robots\" content=\"index, follow, max-snippet:-1, max-image-preview:large, max-video-preview:-1\" \/>\n<link rel=\"canonical\" href=\"https:\/\/berlinbrains.com\/es\/\" \/>\n<meta property=\"og:locale\" content=\"es_ES\" \/>\n<meta property=\"og:type\" content=\"article\" \/>\n<meta property=\"og:title\" content=\"Inicio | BerlinBrains\" \/>\n<meta property=\"og:description\" content=\"\u00a1S\u00e9 parte de BerlinBrains! BerlinBrains quiere quitarle la camisa de fuerza a la capital. As\u00ed Berl\u00edn podr\u00e1 respirar y crecer de nuevo. Alan Wolan y Alexander Skora est\u00e1n formando un equipo multidisciplinar para reactivar Berl\u00edn y llevarla por un nuevo camino. La ley biol\u00f3gica, seg\u00fan la cual todo lo que no crece, muere, tambi\u00e9n puede [&hellip;]\" \/>\n<meta property=\"og:url\" content=\"https:\/\/berlinbrains.com\/es\/\" \/>\n<meta property=\"og:site_name\" content=\"BerlinBrains\" \/>\n<meta property=\"article:publisher\" content=\"https:\/\/www.facebook.com\/BerlinBrains\" \/>\n<meta property=\"article:modified_time\" content=\"2021-03-22T12:56:07+00:00\" \/>\n<meta name=\"twitter:card\" content=\"summary_large_image\" \/>\n<meta name=\"twitter:site\" content=\"@berlinbrains\" \/>\n<meta name=\"twitter:label1\" content=\"Tiempo de lectura\" \/>\n\t<meta name=\"twitter:data1\" content=\"2 minutos\" \/>\n<script type=\"application\/ld+json\" class=\"yoast-schema-graph\">{\"@context\":\"https:\/\/schema.org\",\"@graph\":[{\"@type\":\"Organization\",\"@id\":\"https:\/\/berlinbrains.com\/#organization\",\"name\":\"BerlinBrains\",\"url\":\"https:\/\/berlinbrains.com\/\",\"sameAs\":[\"https:\/\/www.facebook.com\/BerlinBrains\",\"https:\/\/www.instagram.com\/BerlinBrains\/\",\"https:\/\/twitter.com\/berlinbrains\"],\"logo\":{\"@type\":\"ImageObject\",\"@id\":\"https:\/\/berlinbrains.com\/#logo\",\"inLanguage\":\"es\",\"url\":\"https:\/\/berlinbrains.com\/wp-content\/uploads\/2020\/08\/berlinbrains-logo.svg\",\"contentUrl\":\"https:\/\/berlinbrains.com\/wp-content\/uploads\/2020\/08\/berlinbrains-logo.svg\",\"caption\":\"BerlinBrains\"},\"image\":{\"@id\":\"https:\/\/berlinbrains.com\/#logo\"}},{\"@type\":\"WebSite\",\"@id\":\"https:\/\/berlinbrains.com\/#website\",\"url\":\"https:\/\/berlinbrains.com\/\",\"name\":\"BerlinBrains\",\"description\":\"MISSION: DESIGN DEMOCRACY!\",\"publisher\":{\"@id\":\"https:\/\/berlinbrains.com\/#organization\"},\"potentialAction\":[{\"@type\":\"SearchAction\",\"target\":\"https:\/\/berlinbrains.com\/?s={search_term_string}\",\"query-input\":\"required name=search_term_string\"}],\"inLanguage\":\"es\"},{\"@type\":\"WebPage\",\"@id\":\"https:\/\/berlinbrains.com\/es\/#webpage\",\"url\":\"https:\/\/berlinbrains.com\/es\/\",\"name\":\"Inicio | BerlinBrains\",\"isPartOf\":{\"@id\":\"https:\/\/berlinbrains.com\/#website\"},\"datePublished\":\"2020-09-08T13:20:36+00:00\",\"dateModified\":\"2021-03-22T12:56:07+00:00\",\"breadcrumb\":{\"@id\":\"https:\/\/berlinbrains.com\/es\/#breadcrumb\"},\"inLanguage\":\"es\",\"potentialAction\":[{\"@type\":\"ReadAction\",\"target\":[\"https:\/\/berlinbrains.com\/es\/\"]}]},{\"@type\":\"BreadcrumbList\",\"@id\":\"https:\/\/berlinbrains.com\/es\/#breadcrumb\",\"itemListElement\":[{\"@type\":\"ListItem\",\"position\":1,\"name\":\"Startseite\",\"item\":\"https:\/\/berlinbrains.com\/es\/\"},{\"@type\":\"ListItem\",\"position\":2,\"name\":\"Inicio\"}]}]}<\/script>\n<!-- \/ Yoast SEO plugin. -->","_links":{"self":[{"href":"https:\/\/berlinbrains.com\/es\/wp-json\/wp\/v2\/pages\/691"}],"collection":[{"href":"https:\/\/berlinbrains.com\/es\/wp-json\/wp\/v2\/pages"}],"about":[{"href":"https:\/\/berlinbrains.com\/es\/wp-json\/wp\/v2\/types\/page"}],"author":[{"embeddable":true,"href":"https:\/\/berlinbrains.com\/es\/wp-json\/wp\/v2\/users\/1"}],"replies":[{"embeddable":true,"href":"https:\/\/berlinbrains.com\/es\/wp-json\/wp\/v2\/comments?post=691"}],"version-history":[{"count":5,"href":"https:\/\/berlinbrains.com\/es\/wp-json\/wp\/v2\/pages\/691\/revisions"}],"predecessor-version":[{"id":1614,"href":"https:\/\/berlinbrains.com\/es\/wp-json\/wp\/v2\/pages\/691\/revisions\/1614"}],"wp:attachment":[{"href":"https:\/\/berlinbrains.com\/es\/wp-json\/wp\/v2\/media?parent=691"}],"curies":[{"name":"wp","href":"https:\/\/api.w.org\/{rel}","templated":true}]}}