{"id":713,"date":"2020-09-08T15:25:59","date_gmt":"2020-09-08T13:25:59","guid":{"rendered":"https:\/\/berlinbrains.com\/nuestra-vision\/"},"modified":"2020-12-05T09:05:11","modified_gmt":"2020-12-05T08:05:11","slug":"nuestra-vision","status":"publish","type":"page","link":"https:\/\/berlinbrains.com\/es\/nuestra-vision\/","title":{"rendered":"Nuestra Visi\u00f3n"},"content":{"rendered":"\t\t<div data-elementor-type=\"wp-post\" data-elementor-id=\"713\" class=\"elementor elementor-713 elementor-212\" data-elementor-settings=\"[]\">\n\t\t\t\t\t\t<div class=\"elementor-inner\">\n\t\t\t\t\t\t\t<div class=\"elementor-section-wrap\">\n\t\t\t\t\t\t\t<section class=\"elementor-section elementor-top-section elementor-element elementor-element-5b72a74 elementor-section-boxed elementor-section-height-default elementor-section-height-default\" data-id=\"5b72a74\" data-element_type=\"section\">\n\t\t\t\t\t\t<div class=\"elementor-container elementor-column-gap-no\">\n\t\t\t\t\t\t\t<div class=\"elementor-row\">\n\t\t\t\t\t<div class=\"elementor-column elementor-col-100 elementor-top-column elementor-element elementor-element-620856d\" data-id=\"620856d\" data-element_type=\"column\">\n\t\t\t<div class=\"elementor-column-wrap elementor-element-populated\">\n\t\t\t\t\t\t\t<div class=\"elementor-widget-wrap\">\n\t\t\t\t\t\t<div class=\"elementor-element elementor-element-37a56c6 elementor-widget elementor-widget-heading\" data-id=\"37a56c6\" data-element_type=\"widget\" data-widget_type=\"heading.default\">\n\t\t\t\t<div class=\"elementor-widget-container\">\n\t\t\t<h2 class=\"elementor-heading-title elementor-size-default\">La Visi\u00f3n<\/h2>\t\t<\/div>\n\t\t\t\t<\/div>\n\t\t\t\t<div class=\"elementor-element elementor-element-ea5e1c9 elementor-widget elementor-widget-text-editor\" data-id=\"ea5e1c9\" data-element_type=\"widget\" data-widget_type=\"text-editor.default\">\n\t\t\t\t<div class=\"elementor-widget-container\">\n\t\t\t\t\t\t\t\t<div class=\"elementor-text-editor elementor-clearfix\">\n\t\t\t\t\t<p>Como se describe en el libro &#8220;Atlas Shrugged&#8221; de Ayn Rand, la visi\u00f3n detr\u00e1s de BerlinBrains es motivar a personas valientes de todos los \u00e1mbitos para hacer de Berl\u00edn un lugar mejor para todos. Queremos empoderar a los creadores, a aquellos que poseen esp\u00edritu emprendedor en todos los campos para que se unan a nosotros e inspiren a otros tambi\u00e9n a involucrarse.<\/p>\n<p>Queremos dar ejemplo para cambiar las actitudes de los bur\u00f3cratas profesionales que ralentizan Berlin para que se enfoquen en hallar soluciones de sentido com\u00fan a los problemas cotidianos. Berl\u00edn puede convertirse as\u00ed en la metr\u00f3polis que merece ser.<\/p>\n<p>En la novela de 1957 &#8220;Atlas Shrugged&#8221;, Ayn Rand describe una sociedad en declive, donde los l\u00edderes, empresarios y creadores se declaran en huelga contra una burocracia gubernamental demasiado intrusiva y se retiran, dejando al resto de la sociedad a su suerte. Por muy ficticia que sea esta novela, podemos ver que estas tendencias ocurren ya en Berl\u00edn.<\/p>\n<p>Ning\u00fan partido pol\u00edtico actual tiene personas plenamente respaldadas por el respeto y la confianza de los berlineses, que puedan atraer a los ciudadanos de a pie y motivarlos a participar.<\/p>\n<p>Administraciones que no funcionan y obstruyen un sistema que ya se mueve lentamente y desmotiva a los ciudadanos llev\u00e1ndolos a un estado semiconsciente y pasivo, que no es sino un recordatorio de los tiempos en que el Muro de Berl\u00edn dividi\u00f3 nuestra ciudad y nuestro pa\u00eds.<\/p>\n<p>Berl\u00edn tiene un gran potencial en s\u00ed mismo a trav\u00e9s de las muchas empresas emergentes, berlineses emprendedores y visitantes de todo el mundo, pero todos estos problemas le impiden respirar como si estuviera bajo una c\u00fapula o con una camisa de fuerza.<\/p>\n<p>Ninguno de los partidos existentes tiene el poder personal o la integridad que le permitan seguir los pasos de John F. Kennedy cuando dijo: &#8220;No preguntes qu\u00e9 puede hacer Berl\u00edn por ti, preg\u00fantate qu\u00e9 puedes hacer t\u00fa por Berl\u00edn&#8221;<\/p>\n<p>\u00a1Queremos eso y lo vamos a cambiar!<\/p>\n<p>Alan y Alexander<\/p>\n\t\t\t\t\t<\/div>\n\t\t\t\t\t\t<\/div>\n\t\t\t\t<\/div>\n\t\t\t\t<div class=\"elementor-element elementor-element-b5e9630 elementor-widget elementor-widget-image\" data-id=\"b5e9630\" data-element_type=\"widget\" data-widget_type=\"image.default\">\n\t\t\t\t<div class=\"elementor-widget-container\">\n\t\t\t\t\t\t\t\t<div class=\"elementor-image\">\n\t\t\t\t\t\t\t\t\t\t\t\t<img width=\"1024\" height=\"768\" src=\"https:\/\/berlinbrains.com\/wp-content\/uploads\/2020\/01\/0aee428f-ed17-47e1-99a0-239b54768b12.jpg\" class=\"attachment-full size-full\" alt=\"\" srcset=\"https:\/\/berlinbrains.com\/wp-content\/uploads\/2020\/01\/0aee428f-ed17-47e1-99a0-239b54768b12.jpg 1024w, https:\/\/berlinbrains.com\/wp-content\/uploads\/2020\/01\/0aee428f-ed17-47e1-99a0-239b54768b12-300x225.jpg 300w, https:\/\/berlinbrains.com\/wp-content\/uploads\/2020\/01\/0aee428f-ed17-47e1-99a0-239b54768b12-768x576.jpg 768w\" sizes=\"(max-width: 1024px) 100vw, 1024px\" \/>\t\t\t\t\t\t\t\t\t\t\t\t\t\t<\/div>\n\t\t\t\t\t\t<\/div>\n\t\t\t\t<\/div>\n\t\t\t\t\t\t<\/div>\n\t\t\t\t\t<\/div>\n\t\t<\/div>\n\t\t\t\t\t\t\t\t<\/div>\n\t\t\t\t\t<\/div>\n\t\t<\/section>\n\t\t\t\t\t\t<\/div>\n\t\t\t\t\t\t<\/div>\n\t\t\t\t\t<\/div>\n\t\t","protected":false},"excerpt":{"rendered":"<p>La Visi\u00f3n Como se describe en el libro &#8220;Atlas Shrugged&#8221; de Ayn Rand, la visi\u00f3n detr\u00e1s de BerlinBrains es motivar a personas valientes de todos los \u00e1mbitos para hacer de Berl\u00edn un lugar mejor para todos. Queremos empoderar a los creadores, a aquellos que poseen esp\u00edritu emprendedor en todos los campos para que se unan [&hellip;]<\/p>\n","protected":false},"author":1,"featured_media":0,"parent":0,"menu_order":0,"comment_status":"closed","ping_status":"closed","template":"","meta":[],"yoast_head":"<!-- This site is optimized with the Yoast SEO plugin v16.5 - https:\/\/yoast.com\/wordpress\/plugins\/seo\/ -->\n<title>Nuestra Visi\u00f3n | BerlinBrains<\/title>\n<meta name=\"robots\" content=\"index, follow, max-snippet:-1, max-image-preview:large, max-video-preview:-1\" \/>\n<link rel=\"canonical\" href=\"https:\/\/berlinbrains.com\/es\/nuestra-vision\/\" \/>\n<meta property=\"og:locale\" content=\"es_ES\" \/>\n<meta property=\"og:type\" content=\"article\" \/>\n<meta property=\"og:title\" content=\"Nuestra Visi\u00f3n | BerlinBrains\" \/>\n<meta property=\"og:description\" content=\"La Visi\u00f3n Como se describe en el libro &#8220;Atlas Shrugged&#8221; de Ayn Rand, la visi\u00f3n detr\u00e1s de BerlinBrains es motivar a personas valientes de todos los \u00e1mbitos para hacer de Berl\u00edn un lugar mejor para todos. Queremos empoderar a los creadores, a aquellos que poseen esp\u00edritu emprendedor en todos los campos para que se unan [&hellip;]\" \/>\n<meta property=\"og:url\" content=\"https:\/\/berlinbrains.com\/es\/nuestra-vision\/\" \/>\n<meta property=\"og:site_name\" content=\"BerlinBrains\" \/>\n<meta property=\"article:publisher\" content=\"https:\/\/www.facebook.com\/BerlinBrains\" \/>\n<meta property=\"article:modified_time\" content=\"2020-12-05T08:05:11+00:00\" \/>\n<meta property=\"og:image\" content=\"https:\/\/berlinbrains.com\/wp-content\/uploads\/2020\/01\/0aee428f-ed17-47e1-99a0-239b54768b12.jpg\" \/>\n<meta name=\"twitter:card\" content=\"summary_large_image\" \/>\n<meta name=\"twitter:site\" content=\"@berlinbrains\" \/>\n<meta name=\"twitter:label1\" content=\"Tiempo de lectura\" \/>\n\t<meta name=\"twitter:data1\" content=\"2 minutos\" \/>\n<script type=\"application\/ld+json\" class=\"yoast-schema-graph\">{\"@context\":\"https:\/\/schema.org\",\"@graph\":[{\"@type\":\"Organization\",\"@id\":\"https:\/\/berlinbrains.com\/#organization\",\"name\":\"BerlinBrains\",\"url\":\"https:\/\/berlinbrains.com\/\",\"sameAs\":[\"https:\/\/www.facebook.com\/BerlinBrains\",\"https:\/\/www.instagram.com\/BerlinBrains\/\",\"https:\/\/twitter.com\/berlinbrains\"],\"logo\":{\"@type\":\"ImageObject\",\"@id\":\"https:\/\/berlinbrains.com\/#logo\",\"inLanguage\":\"es\",\"url\":\"https:\/\/berlinbrains.com\/wp-content\/uploads\/2020\/08\/berlinbrains-logo.svg\",\"contentUrl\":\"https:\/\/berlinbrains.com\/wp-content\/uploads\/2020\/08\/berlinbrains-logo.svg\",\"caption\":\"BerlinBrains\"},\"image\":{\"@id\":\"https:\/\/berlinbrains.com\/#logo\"}},{\"@type\":\"WebSite\",\"@id\":\"https:\/\/berlinbrains.com\/#website\",\"url\":\"https:\/\/berlinbrains.com\/\",\"name\":\"BerlinBrains\",\"description\":\"MISSION: DESIGN DEMOCRACY!\",\"publisher\":{\"@id\":\"https:\/\/berlinbrains.com\/#organization\"},\"potentialAction\":[{\"@type\":\"SearchAction\",\"target\":\"https:\/\/berlinbrains.com\/?s={search_term_string}\",\"query-input\":\"required name=search_term_string\"}],\"inLanguage\":\"es\"},{\"@type\":\"ImageObject\",\"@id\":\"https:\/\/berlinbrains.com\/es\/nuestra-vision\/#primaryimage\",\"inLanguage\":\"es\",\"url\":\"https:\/\/berlinbrains.com\/wp-content\/uploads\/2020\/01\/0aee428f-ed17-47e1-99a0-239b54768b12.jpg\",\"contentUrl\":\"https:\/\/berlinbrains.com\/wp-content\/uploads\/2020\/01\/0aee428f-ed17-47e1-99a0-239b54768b12.jpg\",\"width\":1024,\"height\":768},{\"@type\":\"WebPage\",\"@id\":\"https:\/\/berlinbrains.com\/es\/nuestra-vision\/#webpage\",\"url\":\"https:\/\/berlinbrains.com\/es\/nuestra-vision\/\",\"name\":\"Nuestra Visi\\u00f3n | BerlinBrains\",\"isPartOf\":{\"@id\":\"https:\/\/berlinbrains.com\/#website\"},\"primaryImageOfPage\":{\"@id\":\"https:\/\/berlinbrains.com\/es\/nuestra-vision\/#primaryimage\"},\"datePublished\":\"2020-09-08T13:25:59+00:00\",\"dateModified\":\"2020-12-05T08:05:11+00:00\",\"breadcrumb\":{\"@id\":\"https:\/\/berlinbrains.com\/es\/nuestra-vision\/#breadcrumb\"},\"inLanguage\":\"es\",\"potentialAction\":[{\"@type\":\"ReadAction\",\"target\":[\"https:\/\/berlinbrains.com\/es\/nuestra-vision\/\"]}]},{\"@type\":\"BreadcrumbList\",\"@id\":\"https:\/\/berlinbrains.com\/es\/nuestra-vision\/#breadcrumb\",\"itemListElement\":[{\"@type\":\"ListItem\",\"position\":1,\"name\":\"Startseite\",\"item\":\"https:\/\/berlinbrains.com\/es\/\"},{\"@type\":\"ListItem\",\"position\":2,\"name\":\"Nuestra Visi\\u00f3n\"}]}]}<\/script>\n<!-- \/ Yoast SEO plugin. -->","_links":{"self":[{"href":"https:\/\/berlinbrains.com\/es\/wp-json\/wp\/v2\/pages\/713"}],"collection":[{"href":"https:\/\/berlinbrains.com\/es\/wp-json\/wp\/v2\/pages"}],"about":[{"href":"https:\/\/berlinbrains.com\/es\/wp-json\/wp\/v2\/types\/page"}],"author":[{"embeddable":true,"href":"https:\/\/berlinbrains.com\/es\/wp-json\/wp\/v2\/users\/1"}],"replies":[{"embeddable":true,"href":"https:\/\/berlinbrains.com\/es\/wp-json\/wp\/v2\/comments?post=713"}],"version-history":[{"count":1,"href":"https:\/\/berlinbrains.com\/es\/wp-json\/wp\/v2\/pages\/713\/revisions"}],"predecessor-version":[{"id":714,"href":"https:\/\/berlinbrains.com\/es\/wp-json\/wp\/v2\/pages\/713\/revisions\/714"}],"wp:attachment":[{"href":"https:\/\/berlinbrains.com\/es\/wp-json\/wp\/v2\/media?parent=713"}],"curies":[{"name":"wp","href":"https:\/\/api.w.org\/{rel}","templated":true}]}}