{"id":654,"date":"2020-09-08T14:51:44","date_gmt":"2020-09-08T12:51:44","guid":{"rendered":"https:\/\/berlinbrains.com\/berlinbrains\/"},"modified":"2022-01-14T15:39:44","modified_gmt":"2022-01-14T14:39:44","slug":"berlinbrains","status":"publish","type":"page","link":"https:\/\/berlinbrains.com\/fr\/berlinbrains\/","title":{"rendered":"BerlinBrains"},"content":{"rendered":"\t\t<div data-elementor-type=\"wp-post\" data-elementor-id=\"654\" class=\"elementor elementor-654 elementor-308\" data-elementor-settings=\"[]\">\n\t\t\t\t\t\t<div class=\"elementor-inner\">\n\t\t\t\t\t\t\t<div class=\"elementor-section-wrap\">\n\t\t\t\t\t\t\t<section class=\"elementor-section elementor-top-section elementor-element elementor-element-18e63dc elementor-section-boxed elementor-section-height-default elementor-section-height-default\" data-id=\"18e63dc\" data-element_type=\"section\">\n\t\t\t\t\t\t<div class=\"elementor-container elementor-column-gap-no\">\n\t\t\t\t\t\t\t<div class=\"elementor-row\">\n\t\t\t\t\t<div class=\"elementor-column elementor-col-100 elementor-top-column elementor-element elementor-element-d379f4e\" data-id=\"d379f4e\" data-element_type=\"column\">\n\t\t\t<div class=\"elementor-column-wrap elementor-element-populated\">\n\t\t\t\t\t\t\t<div class=\"elementor-widget-wrap\">\n\t\t\t\t\t\t<div class=\"elementor-element elementor-element-14014c5 elementor-widget elementor-widget-heading\" data-id=\"14014c5\" data-element_type=\"widget\" data-widget_type=\"heading.default\">\n\t\t\t\t<div class=\"elementor-widget-container\">\n\t\t\t<h2 class=\"elementor-heading-title elementor-size-default\">Membres Fondateurs<\/h2>\t\t<\/div>\n\t\t\t\t<\/div>\n\t\t\t\t<div class=\"elementor-element elementor-element-109589b elementor-widget elementor-widget-text-editor\" data-id=\"109589b\" data-element_type=\"widget\" data-widget_type=\"text-editor.default\">\n\t\t\t\t<div class=\"elementor-widget-container\">\n\t\t\t\t\t\t\t\t<div class=\"elementor-text-editor elementor-clearfix\">\n\t\t\t\t\t<p><strong>Pr\u00e9sident:<\/strong>\u00a0Peter Alexander Skora, Entrepreneur, <strong>Berlin\u2028Vice-pr\u00e9sidente:<\/strong>\u00a0Mareen Eichinger, Entrepreneure, Berlin<br \/><strong>Directrice politique:<\/strong>\u00a0Saadet B\u00f6ttiger, Entrepreuneure, Berlin<br \/><strong>Tr\u00e9sorier f\u00e9d\u00e9ral:<\/strong>\u00a0Harald Peicher, Expert-comptable, Berlin<br \/><strong>Secr\u00e9taire g\u00e9n\u00e9ral:<\/strong>\u00a0Roland B\u00f6ttiger, Entrepreneur, Berlin<br \/><strong>Membre fondateur:<\/strong>\u00a0Funda Petersen, H\u00f4teli\u00e8re, Berlin<br \/><strong>Membre fondateur:<\/strong>\u00a0Alexandra Sczepanski, Conseill\u00e8re fiscale, Berlin<br \/><strong>Membre fondateur:<\/strong>\u00a0Dirk Jochheim, Hotelier, Berlin<br \/><strong>Membre fondateur:<\/strong>\u00a0Nicolai Manke, Avocat, Berlin<br \/><strong>Membre fondateur:<\/strong>\u00a0Dr. Muna Reichelt, Avocate, Berlin<\/p>\n\t\t\t\t\t<\/div>\n\t\t\t\t\t\t<\/div>\n\t\t\t\t<\/div>\n\t\t\t\t<div class=\"elementor-element elementor-element-30a736b1 elementor-widget elementor-widget-heading\" data-id=\"30a736b1\" data-element_type=\"widget\" data-widget_type=\"heading.default\">\n\t\t\t\t<div class=\"elementor-widget-container\">\n\t\t\t<h2 class=\"elementor-heading-title elementor-size-default\">Remerciements \u00e0 <\/h2>\t\t<\/div>\n\t\t\t\t<\/div>\n\t\t\t\t<div class=\"elementor-element elementor-element-0ac4314 elementor-widget elementor-widget-text-editor\" data-id=\"0ac4314\" data-element_type=\"widget\" data-widget_type=\"text-editor.default\">\n\t\t\t\t<div class=\"elementor-widget-container\">\n\t\t\t\t\t\t\t\t<div class=\"elementor-text-editor elementor-clearfix\">\n\t\t\t\t\t<p>Dr. Erik Bettin, <a href=\"https:\/\/Michel-Notare.de\" target=\"_blank\" rel=\"noopener\">Michel-Notare.de<\/a><br \/>Alexander Hillbricht, <a href=\"http:\/\/padelberlin.de\/\">PadelBerlin.de<\/a><br \/>Iwona Sibierska, <a href=\"http:\/\/happyhotelberlin.de\/\">HappyHotelBerlin.de<\/a><br \/>Concetta Halstead, <a href=\"http:\/\/www.lordcreative.com\/\">Lordcreative.com<\/a><br \/>Mihai Danzke, <a href=\"http:\/\/www.kulturplakatierung.de\/\">Kulturplakatierung.de<\/a><br \/>Hendrik Gergen, <a href=\"http:\/\/hendrikgergen.de\">hendrikgergen.de<\/a><br \/>Stefan Dominiak, AXA Versicherungen<br \/>Melissa Steckbauer, <a href=\"https:\/\/thesensoriuminstitute.weebly.com\">The Sensorium Institute<\/a><br \/>Carola Mildenberger, <a href=\"https:\/\/www.mildenberger-rae.de\/\">Soziet\u00e4t Mildenberger<\/a><br \/>Dirk Jochheim, <a href=\"http:\/\/happygoluckyhearts.com\/\">HappyGoLuckyHearts<\/a><br \/>Funda Petersen, <a href=\"http:\/\/hotel-berliner-baer.de\/\">Hotel Berliner B\u00e4r<\/a><br \/>Olga Gomez<br \/>Fernando Ledesma<br \/>Elodie Gracia, <a href=\"http:\/\/fastenkur-zu-hause.com\">fastenkur-zu-hause.com<\/a><br \/>Team <a href=\"http:\/\/Fahrradkoppel.de\">Fahrradkoppel.de<\/a><\/p><p><strong>Nous nous r\u00e9jouissons de votre soutien et de vos dons sur le compte bancaire de la Berliner Volksbank pour BerlinBrains e. V.:<\/strong><\/p><p>IBAN: DE35100900002831646007<br \/>BIC : BEVODEBBXXX<\/p>\t\t\t\t\t<\/div>\n\t\t\t\t\t\t<\/div>\n\t\t\t\t<\/div>\n\t\t\t\t\t\t<\/div>\n\t\t\t\t\t<\/div>\n\t\t<\/div>\n\t\t\t\t\t\t\t\t<\/div>\n\t\t\t\t\t<\/div>\n\t\t<\/section>\n\t\t\t\t\t\t<\/div>\n\t\t\t\t\t\t<\/div>\n\t\t\t\t\t<\/div>\n\t\t","protected":false},"excerpt":{"rendered":"<p>Membres Fondateurs Pr\u00e9sident:\u00a0Peter Alexander Skora, Entrepreneur, Berlin\u2028Vice-pr\u00e9sidente:\u00a0Mareen Eichinger, Entrepreneure, BerlinDirectrice politique:\u00a0Saadet B\u00f6ttiger, Entrepreuneure, BerlinTr\u00e9sorier f\u00e9d\u00e9ral:\u00a0Harald Peicher, Expert-comptable, BerlinSecr\u00e9taire g\u00e9n\u00e9ral:\u00a0Roland B\u00f6ttiger, Entrepreneur, BerlinMembre fondateur:\u00a0Funda Petersen, H\u00f4teli\u00e8re, BerlinMembre fondateur:\u00a0Alexandra Sczepanski, Conseill\u00e8re fiscale, BerlinMembre fondateur:\u00a0Dirk Jochheim, Hotelier, BerlinMembre fondateur:\u00a0Nicolai Manke, Avocat, BerlinMembre fondateur:\u00a0Dr. Muna Reichelt, Avocate, Berlin Remerciements \u00e0 Dr. Erik Bettin, Michel-Notare.deAlexander Hillbricht, PadelBerlin.deIwona Sibierska, HappyHotelBerlin.deConcetta Halstead, [&hellip;]<\/p>\n","protected":false},"author":1,"featured_media":0,"parent":0,"menu_order":0,"comment_status":"closed","ping_status":"closed","template":"","meta":[],"yoast_head":"<!-- This site is optimized with the Yoast SEO plugin v16.5 - https:\/\/yoast.com\/wordpress\/plugins\/seo\/ -->\n<title>BerlinBrains | BerlinBrains<\/title>\n<meta name=\"robots\" content=\"index, follow, max-snippet:-1, max-image-preview:large, max-video-preview:-1\" \/>\n<link rel=\"canonical\" href=\"https:\/\/berlinbrains.com\/fr\/berlinbrains\/\" \/>\n<meta property=\"og:locale\" content=\"fr_FR\" \/>\n<meta property=\"og:type\" content=\"article\" \/>\n<meta property=\"og:title\" content=\"BerlinBrains | BerlinBrains\" \/>\n<meta property=\"og:description\" content=\"Membres Fondateurs Pr\u00e9sident:\u00a0Peter Alexander Skora, Entrepreneur, Berlin\u2028Vice-pr\u00e9sidente:\u00a0Mareen Eichinger, Entrepreneure, BerlinDirectrice politique:\u00a0Saadet B\u00f6ttiger, Entrepreuneure, BerlinTr\u00e9sorier f\u00e9d\u00e9ral:\u00a0Harald Peicher, Expert-comptable, BerlinSecr\u00e9taire g\u00e9n\u00e9ral:\u00a0Roland B\u00f6ttiger, Entrepreneur, BerlinMembre fondateur:\u00a0Funda Petersen, H\u00f4teli\u00e8re, BerlinMembre fondateur:\u00a0Alexandra Sczepanski, Conseill\u00e8re fiscale, BerlinMembre fondateur:\u00a0Dirk Jochheim, Hotelier, BerlinMembre fondateur:\u00a0Nicolai Manke, Avocat, BerlinMembre fondateur:\u00a0Dr. Muna Reichelt, Avocate, Berlin Remerciements \u00e0 Dr. Erik Bettin, Michel-Notare.deAlexander Hillbricht, PadelBerlin.deIwona Sibierska, HappyHotelBerlin.deConcetta Halstead, [&hellip;]\" \/>\n<meta property=\"og:url\" content=\"https:\/\/berlinbrains.com\/fr\/berlinbrains\/\" \/>\n<meta property=\"og:site_name\" content=\"BerlinBrains\" \/>\n<meta property=\"article:publisher\" content=\"https:\/\/www.facebook.com\/BerlinBrains\" \/>\n<meta property=\"article:modified_time\" content=\"2022-01-14T14:39:44+00:00\" \/>\n<meta name=\"twitter:card\" content=\"summary_large_image\" \/>\n<meta name=\"twitter:site\" content=\"@berlinbrains\" \/>\n<meta name=\"twitter:label1\" content=\"Dur\u00e9e de lecture est.\" \/>\n\t<meta name=\"twitter:data1\" content=\"1 minute\" \/>\n<script type=\"application\/ld+json\" class=\"yoast-schema-graph\">{\"@context\":\"https:\/\/schema.org\",\"@graph\":[{\"@type\":\"Organization\",\"@id\":\"https:\/\/berlinbrains.com\/#organization\",\"name\":\"BerlinBrains\",\"url\":\"https:\/\/berlinbrains.com\/\",\"sameAs\":[\"https:\/\/www.facebook.com\/BerlinBrains\",\"https:\/\/www.instagram.com\/BerlinBrains\/\",\"https:\/\/twitter.com\/berlinbrains\"],\"logo\":{\"@type\":\"ImageObject\",\"@id\":\"https:\/\/berlinbrains.com\/#logo\",\"inLanguage\":\"fr-FR\",\"url\":\"https:\/\/berlinbrains.com\/wp-content\/uploads\/2020\/08\/berlinbrains-logo.svg\",\"contentUrl\":\"https:\/\/berlinbrains.com\/wp-content\/uploads\/2020\/08\/berlinbrains-logo.svg\",\"caption\":\"BerlinBrains\"},\"image\":{\"@id\":\"https:\/\/berlinbrains.com\/#logo\"}},{\"@type\":\"WebSite\",\"@id\":\"https:\/\/berlinbrains.com\/#website\",\"url\":\"https:\/\/berlinbrains.com\/\",\"name\":\"BerlinBrains\",\"description\":\"MISSION: DESIGN DEMOCRACY!\",\"publisher\":{\"@id\":\"https:\/\/berlinbrains.com\/#organization\"},\"potentialAction\":[{\"@type\":\"SearchAction\",\"target\":\"https:\/\/berlinbrains.com\/?s={search_term_string}\",\"query-input\":\"required name=search_term_string\"}],\"inLanguage\":\"fr-FR\"},{\"@type\":\"WebPage\",\"@id\":\"https:\/\/berlinbrains.com\/fr\/berlinbrains\/#webpage\",\"url\":\"https:\/\/berlinbrains.com\/fr\/berlinbrains\/\",\"name\":\"BerlinBrains | BerlinBrains\",\"isPartOf\":{\"@id\":\"https:\/\/berlinbrains.com\/#website\"},\"datePublished\":\"2020-09-08T12:51:44+00:00\",\"dateModified\":\"2022-01-14T14:39:44+00:00\",\"breadcrumb\":{\"@id\":\"https:\/\/berlinbrains.com\/fr\/berlinbrains\/#breadcrumb\"},\"inLanguage\":\"fr-FR\",\"potentialAction\":[{\"@type\":\"ReadAction\",\"target\":[\"https:\/\/berlinbrains.com\/fr\/berlinbrains\/\"]}]},{\"@type\":\"BreadcrumbList\",\"@id\":\"https:\/\/berlinbrains.com\/fr\/berlinbrains\/#breadcrumb\",\"itemListElement\":[{\"@type\":\"ListItem\",\"position\":1,\"name\":\"Startseite\",\"item\":\"https:\/\/berlinbrains.com\/fr\/\"},{\"@type\":\"ListItem\",\"position\":2,\"name\":\"BerlinBrains\"}]}]}<\/script>\n<!-- \/ Yoast SEO plugin. -->","_links":{"self":[{"href":"https:\/\/berlinbrains.com\/fr\/wp-json\/wp\/v2\/pages\/654"}],"collection":[{"href":"https:\/\/berlinbrains.com\/fr\/wp-json\/wp\/v2\/pages"}],"about":[{"href":"https:\/\/berlinbrains.com\/fr\/wp-json\/wp\/v2\/types\/page"}],"author":[{"embeddable":true,"href":"https:\/\/berlinbrains.com\/fr\/wp-json\/wp\/v2\/users\/1"}],"replies":[{"embeddable":true,"href":"https:\/\/berlinbrains.com\/fr\/wp-json\/wp\/v2\/comments?post=654"}],"version-history":[{"count":11,"href":"https:\/\/berlinbrains.com\/fr\/wp-json\/wp\/v2\/pages\/654\/revisions"}],"predecessor-version":[{"id":1703,"href":"https:\/\/berlinbrains.com\/fr\/wp-json\/wp\/v2\/pages\/654\/revisions\/1703"}],"wp:attachment":[{"href":"https:\/\/berlinbrains.com\/fr\/wp-json\/wp\/v2\/media?parent=654"}],"curies":[{"name":"wp","href":"https:\/\/api.w.org\/{rel}","templated":true}]}}