{"id":657,"date":"2020-09-08T14:57:23","date_gmt":"2020-09-08T12:57:23","guid":{"rendered":"https:\/\/berlinbrains.com\/notre-vision\/"},"modified":"2020-12-05T09:05:06","modified_gmt":"2020-12-05T08:05:06","slug":"notre-vision","status":"publish","type":"page","link":"https:\/\/berlinbrains.com\/fr\/notre-vision\/","title":{"rendered":"Notre vision"},"content":{"rendered":"\t\t<div data-elementor-type=\"wp-post\" data-elementor-id=\"657\" class=\"elementor elementor-657 elementor-212\" data-elementor-settings=\"[]\">\n\t\t\t\t\t\t<div class=\"elementor-inner\">\n\t\t\t\t\t\t\t<div class=\"elementor-section-wrap\">\n\t\t\t\t\t\t\t<section class=\"elementor-section elementor-top-section elementor-element elementor-element-5b72a74 elementor-section-boxed elementor-section-height-default elementor-section-height-default\" data-id=\"5b72a74\" data-element_type=\"section\">\n\t\t\t\t\t\t<div class=\"elementor-container elementor-column-gap-no\">\n\t\t\t\t\t\t\t<div class=\"elementor-row\">\n\t\t\t\t\t<div class=\"elementor-column elementor-col-100 elementor-top-column elementor-element elementor-element-620856d\" data-id=\"620856d\" data-element_type=\"column\">\n\t\t\t<div class=\"elementor-column-wrap elementor-element-populated\">\n\t\t\t\t\t\t\t<div class=\"elementor-widget-wrap\">\n\t\t\t\t\t\t<div class=\"elementor-element elementor-element-37a56c6 elementor-widget elementor-widget-heading\" data-id=\"37a56c6\" data-element_type=\"widget\" data-widget_type=\"heading.default\">\n\t\t\t\t<div class=\"elementor-widget-container\">\n\t\t\t<h2 class=\"elementor-heading-title elementor-size-default\">La vision<\/h2>\t\t<\/div>\n\t\t\t\t<\/div>\n\t\t\t\t<div class=\"elementor-element elementor-element-ea5e1c9 elementor-widget elementor-widget-text-editor\" data-id=\"ea5e1c9\" data-element_type=\"widget\" data-widget_type=\"text-editor.default\">\n\t\t\t\t<div class=\"elementor-widget-container\">\n\t\t\t\t\t\t\t\t<div class=\"elementor-text-editor elementor-clearfix\">\n\t\t\t\t\t<p>Comme d\u00e9crit dans le livre \u00ab\u00a0La R\u00e9volte d\u2019Atlas\u00a0\u00bb d\u2019Ayn Rand, notre vision est de motiver les personnes de tous horizons et courageuses \u00e0 faire de Berlin un meilleur endroit pour tous. Nous souhaitons donner aux personnes dot\u00e9es d\u2019un esprit d\u2019entreprise quelque soit le domaine, les moyens de nous rejoindre et d\u2019inspirer d\u2019autres personnes \u00e0 s\u2019engager \u00e9galement.<\/p>\n<p>En se concentrant sur la recherche de solutions cens\u00e9es et adapt\u00e9es aux probl\u00e8mes quotidiens, nous voulons montrer l\u2019exemple et transformer l\u2019attitude des bureaucrates qui freinent actuellement Berlin.<\/p>\n<p>Ainsi, Berlin deviendra la m\u00e9tropole qu\u2019elle m\u00e9rite enfin d\u2019\u00eatre!<\/p>\n<p>Dans le roman \u00ab\u00a0la R\u00e9volte d\u2019Atlas\u00a0\u00bb de 1957, Ayn Rand d\u00e9crit une soci\u00e9t\u00e9 en d\u00e9clin, dans laquelle les dirigeants, les entrepreneurs et les cr\u00e9ateurs se mettent en gr\u00e8ve contre une bureaucratie gouvernementale trop envahissante et se retirent, laissant le reste de la soci\u00e9t\u00e9 livr\u00e9 \u00e0 lui-m\u00eame.<\/p>\n<p>Aussi fictif que soit ce roman, ces tendances \u00e9mergent petit \u00e0 petit \u00e0 Berlin.<\/p>\n<p>Aucun des partis politiques actuels ne dispose de membres ayant gagn\u00e9 le respect et la confiance des Berlinois et pouvant les encourager \u00e0 s\u2019investir.<\/p>\n<p>Ces bureaucrates aux m\u00e9thodes inefficaces ne font qu\u2019obstruer un syst\u00e8me d\u00e9j\u00e0 lent et d\u00e9motivent les citoyens en les mettant dans un \u00e9tat semi-conscient ou passif, ce qui rappelle fortement l\u2019\u00e9poque o\u00f9 le Mur de Berlin \u00e9tait encore debout.<\/p>\n<p>Ce carcan emp\u00eache Berlin d\u2019exprimer l\u2019incroyable potentiel qu\u2019elle d\u00e9tient gr\u00e2ce \u00e0 ses nombreuses start-ups, ses habitants entrepreneurs et ses visiteurs venant du monde entier.<\/p>\n<p>Aucun des partis en place n\u2019a le pouvoir ou l\u2019int\u00e9grit\u00e9 n\u00e9cessaires pour suivre les traces de John F. Kennedy en affirmant: \u00ab\u00a0Ne te demande pas ce que Berlin peut faire pour toi, mais demande-toi plut\u00f4t ce que tu peux faire pour Berlin!\u00a0\u00bb<\/p>\n<p>Nous voulons et nous allons changer cela!<\/p>\n<p>Alan &amp; Alexander<\/p>\n\t\t\t\t\t<\/div>\n\t\t\t\t\t\t<\/div>\n\t\t\t\t<\/div>\n\t\t\t\t<div class=\"elementor-element elementor-element-b5e9630 elementor-widget elementor-widget-image\" data-id=\"b5e9630\" data-element_type=\"widget\" data-widget_type=\"image.default\">\n\t\t\t\t<div class=\"elementor-widget-container\">\n\t\t\t\t\t\t\t\t<div class=\"elementor-image\">\n\t\t\t\t\t\t\t\t\t\t\t\t<img width=\"1024\" height=\"768\" src=\"https:\/\/berlinbrains.com\/wp-content\/uploads\/2020\/01\/0aee428f-ed17-47e1-99a0-239b54768b12.jpg\" class=\"attachment-full size-full\" alt=\"\" srcset=\"https:\/\/berlinbrains.com\/wp-content\/uploads\/2020\/01\/0aee428f-ed17-47e1-99a0-239b54768b12.jpg 1024w, https:\/\/berlinbrains.com\/wp-content\/uploads\/2020\/01\/0aee428f-ed17-47e1-99a0-239b54768b12-300x225.jpg 300w, https:\/\/berlinbrains.com\/wp-content\/uploads\/2020\/01\/0aee428f-ed17-47e1-99a0-239b54768b12-768x576.jpg 768w\" sizes=\"(max-width: 1024px) 100vw, 1024px\" \/>\t\t\t\t\t\t\t\t\t\t\t\t\t\t<\/div>\n\t\t\t\t\t\t<\/div>\n\t\t\t\t<\/div>\n\t\t\t\t\t\t<\/div>\n\t\t\t\t\t<\/div>\n\t\t<\/div>\n\t\t\t\t\t\t\t\t<\/div>\n\t\t\t\t\t<\/div>\n\t\t<\/section>\n\t\t\t\t\t\t<\/div>\n\t\t\t\t\t\t<\/div>\n\t\t\t\t\t<\/div>\n\t\t","protected":false},"excerpt":{"rendered":"<p>La vision Comme d\u00e9crit dans le livre \u00ab\u00a0La R\u00e9volte d\u2019Atlas\u00a0\u00bb d\u2019Ayn Rand, notre vision est de motiver les personnes de tous horizons et courageuses \u00e0 faire de Berlin un meilleur endroit pour tous. Nous souhaitons donner aux personnes dot\u00e9es d\u2019un esprit d\u2019entreprise quelque soit le domaine, les moyens de nous rejoindre et d\u2019inspirer d\u2019autres personnes [&hellip;]<\/p>\n","protected":false},"author":1,"featured_media":0,"parent":0,"menu_order":0,"comment_status":"closed","ping_status":"closed","template":"","meta":[],"yoast_head":"<!-- This site is optimized with the Yoast SEO plugin v16.5 - https:\/\/yoast.com\/wordpress\/plugins\/seo\/ -->\n<title>Notre vision | BerlinBrains<\/title>\n<meta name=\"robots\" content=\"index, follow, max-snippet:-1, max-image-preview:large, max-video-preview:-1\" \/>\n<link rel=\"canonical\" href=\"https:\/\/berlinbrains.com\/fr\/notre-vision\/\" \/>\n<meta property=\"og:locale\" content=\"fr_FR\" \/>\n<meta property=\"og:type\" content=\"article\" \/>\n<meta property=\"og:title\" content=\"Notre vision | BerlinBrains\" \/>\n<meta property=\"og:description\" content=\"La vision Comme d\u00e9crit dans le livre \u00ab\u00a0La R\u00e9volte d\u2019Atlas\u00a0\u00bb d\u2019Ayn Rand, notre vision est de motiver les personnes de tous horizons et courageuses \u00e0 faire de Berlin un meilleur endroit pour tous. Nous souhaitons donner aux personnes dot\u00e9es d\u2019un esprit d\u2019entreprise quelque soit le domaine, les moyens de nous rejoindre et d\u2019inspirer d\u2019autres personnes [&hellip;]\" \/>\n<meta property=\"og:url\" content=\"https:\/\/berlinbrains.com\/fr\/notre-vision\/\" \/>\n<meta property=\"og:site_name\" content=\"BerlinBrains\" \/>\n<meta property=\"article:publisher\" content=\"https:\/\/www.facebook.com\/BerlinBrains\" \/>\n<meta property=\"article:modified_time\" content=\"2020-12-05T08:05:06+00:00\" \/>\n<meta property=\"og:image\" content=\"https:\/\/berlinbrains.com\/wp-content\/uploads\/2020\/01\/0aee428f-ed17-47e1-99a0-239b54768b12.jpg\" \/>\n<meta name=\"twitter:card\" content=\"summary_large_image\" \/>\n<meta name=\"twitter:site\" content=\"@berlinbrains\" \/>\n<meta name=\"twitter:label1\" content=\"Dur\u00e9e de lecture est.\" \/>\n\t<meta name=\"twitter:data1\" content=\"2 minutes\" \/>\n<script type=\"application\/ld+json\" class=\"yoast-schema-graph\">{\"@context\":\"https:\/\/schema.org\",\"@graph\":[{\"@type\":\"Organization\",\"@id\":\"https:\/\/berlinbrains.com\/#organization\",\"name\":\"BerlinBrains\",\"url\":\"https:\/\/berlinbrains.com\/\",\"sameAs\":[\"https:\/\/www.facebook.com\/BerlinBrains\",\"https:\/\/www.instagram.com\/BerlinBrains\/\",\"https:\/\/twitter.com\/berlinbrains\"],\"logo\":{\"@type\":\"ImageObject\",\"@id\":\"https:\/\/berlinbrains.com\/#logo\",\"inLanguage\":\"fr-FR\",\"url\":\"https:\/\/berlinbrains.com\/wp-content\/uploads\/2020\/08\/berlinbrains-logo.svg\",\"contentUrl\":\"https:\/\/berlinbrains.com\/wp-content\/uploads\/2020\/08\/berlinbrains-logo.svg\",\"caption\":\"BerlinBrains\"},\"image\":{\"@id\":\"https:\/\/berlinbrains.com\/#logo\"}},{\"@type\":\"WebSite\",\"@id\":\"https:\/\/berlinbrains.com\/#website\",\"url\":\"https:\/\/berlinbrains.com\/\",\"name\":\"BerlinBrains\",\"description\":\"MISSION: DESIGN DEMOCRACY!\",\"publisher\":{\"@id\":\"https:\/\/berlinbrains.com\/#organization\"},\"potentialAction\":[{\"@type\":\"SearchAction\",\"target\":\"https:\/\/berlinbrains.com\/?s={search_term_string}\",\"query-input\":\"required name=search_term_string\"}],\"inLanguage\":\"fr-FR\"},{\"@type\":\"ImageObject\",\"@id\":\"https:\/\/berlinbrains.com\/fr\/notre-vision\/#primaryimage\",\"inLanguage\":\"fr-FR\",\"url\":\"https:\/\/berlinbrains.com\/wp-content\/uploads\/2020\/01\/0aee428f-ed17-47e1-99a0-239b54768b12.jpg\",\"contentUrl\":\"https:\/\/berlinbrains.com\/wp-content\/uploads\/2020\/01\/0aee428f-ed17-47e1-99a0-239b54768b12.jpg\",\"width\":1024,\"height\":768},{\"@type\":\"WebPage\",\"@id\":\"https:\/\/berlinbrains.com\/fr\/notre-vision\/#webpage\",\"url\":\"https:\/\/berlinbrains.com\/fr\/notre-vision\/\",\"name\":\"Notre vision | BerlinBrains\",\"isPartOf\":{\"@id\":\"https:\/\/berlinbrains.com\/#website\"},\"primaryImageOfPage\":{\"@id\":\"https:\/\/berlinbrains.com\/fr\/notre-vision\/#primaryimage\"},\"datePublished\":\"2020-09-08T12:57:23+00:00\",\"dateModified\":\"2020-12-05T08:05:06+00:00\",\"breadcrumb\":{\"@id\":\"https:\/\/berlinbrains.com\/fr\/notre-vision\/#breadcrumb\"},\"inLanguage\":\"fr-FR\",\"potentialAction\":[{\"@type\":\"ReadAction\",\"target\":[\"https:\/\/berlinbrains.com\/fr\/notre-vision\/\"]}]},{\"@type\":\"BreadcrumbList\",\"@id\":\"https:\/\/berlinbrains.com\/fr\/notre-vision\/#breadcrumb\",\"itemListElement\":[{\"@type\":\"ListItem\",\"position\":1,\"name\":\"Startseite\",\"item\":\"https:\/\/berlinbrains.com\/fr\/\"},{\"@type\":\"ListItem\",\"position\":2,\"name\":\"Notre vision\"}]}]}<\/script>\n<!-- \/ Yoast SEO plugin. -->","_links":{"self":[{"href":"https:\/\/berlinbrains.com\/fr\/wp-json\/wp\/v2\/pages\/657"}],"collection":[{"href":"https:\/\/berlinbrains.com\/fr\/wp-json\/wp\/v2\/pages"}],"about":[{"href":"https:\/\/berlinbrains.com\/fr\/wp-json\/wp\/v2\/types\/page"}],"author":[{"embeddable":true,"href":"https:\/\/berlinbrains.com\/fr\/wp-json\/wp\/v2\/users\/1"}],"replies":[{"embeddable":true,"href":"https:\/\/berlinbrains.com\/fr\/wp-json\/wp\/v2\/comments?post=657"}],"version-history":[{"count":1,"href":"https:\/\/berlinbrains.com\/fr\/wp-json\/wp\/v2\/pages\/657\/revisions"}],"predecessor-version":[{"id":658,"href":"https:\/\/berlinbrains.com\/fr\/wp-json\/wp\/v2\/pages\/657\/revisions\/658"}],"wp:attachment":[{"href":"https:\/\/berlinbrains.com\/fr\/wp-json\/wp\/v2\/media?parent=657"}],"curies":[{"name":"wp","href":"https:\/\/api.w.org\/{rel}","templated":true}]}}