{"id":663,"date":"2020-09-08T15:02:18","date_gmt":"2020-09-08T13:02:18","guid":{"rendered":"https:\/\/berlinbrains.com\/accueil\/"},"modified":"2021-03-22T13:58:50","modified_gmt":"2021-03-22T12:58:50","slug":"accueil","status":"publish","type":"page","link":"https:\/\/berlinbrains.com\/fr\/","title":{"rendered":"Accueil"},"content":{"rendered":"\t\t<div data-elementor-type=\"wp-post\" data-elementor-id=\"663\" class=\"elementor elementor-663 elementor-5\" data-elementor-settings=\"[]\">\n\t\t\t\t\t\t<div class=\"elementor-inner\">\n\t\t\t\t\t\t\t<div class=\"elementor-section-wrap\">\n\t\t\t\t\t\t\t<section class=\"elementor-section elementor-top-section elementor-element elementor-element-d9aa37e elementor-section-boxed elementor-section-height-default elementor-section-height-default\" data-id=\"d9aa37e\" data-element_type=\"section\">\n\t\t\t\t\t\t<div class=\"elementor-container elementor-column-gap-no\">\n\t\t\t\t\t\t\t<div class=\"elementor-row\">\n\t\t\t\t\t<div class=\"elementor-column elementor-col-100 elementor-top-column elementor-element elementor-element-04c68e7\" data-id=\"04c68e7\" data-element_type=\"column\">\n\t\t\t<div class=\"elementor-column-wrap elementor-element-populated\">\n\t\t\t\t\t\t\t<div class=\"elementor-widget-wrap\">\n\t\t\t\t\t\t<div class=\"elementor-element elementor-element-f2b33bd elementor-aspect-ratio-169 elementor-widget elementor-widget-video\" data-id=\"f2b33bd\" data-element_type=\"widget\" data-settings=\"{&quot;youtube_url&quot;:&quot;https:\\\/\\\/youtu.be\\\/NHlm4UyACc8&quot;,&quot;start&quot;:0,&quot;video_type&quot;:&quot;youtube&quot;,&quot;controls&quot;:&quot;yes&quot;,&quot;aspect_ratio&quot;:&quot;169&quot;}\" data-widget_type=\"video.default\">\n\t\t\t\t<div class=\"elementor-widget-container\">\n\t\t\t\t\t<div class=\"elementor-wrapper elementor-fit-aspect-ratio elementor-open-inline\">\n\t\t\t<div class=\"elementor-video\"><\/div>\t\t<\/div>\n\t\t\t\t<\/div>\n\t\t\t\t<\/div>\n\t\t\t\t<div class=\"elementor-element elementor-element-30a736b1 elementor-widget elementor-widget-heading\" data-id=\"30a736b1\" data-element_type=\"widget\" data-widget_type=\"heading.default\">\n\t\t\t\t<div class=\"elementor-widget-container\">\n\t\t\t<h2 class=\"elementor-heading-title elementor-size-default\">Rejoins BerlinBrains!<\/h2>\t\t<\/div>\n\t\t\t\t<\/div>\n\t\t\t\t<div class=\"elementor-element elementor-element-1b177f65 elementor-widget elementor-widget-text-editor\" data-id=\"1b177f65\" data-element_type=\"widget\" data-widget_type=\"text-editor.default\">\n\t\t\t\t<div class=\"elementor-widget-container\">\n\t\t\t\t\t\t\t\t<div class=\"elementor-text-editor elementor-clearfix\">\n\t\t\t\t\t<p>BerlinBrains retire le carcan que porte la capitale! Pour que Berlin puisse respirer et grandir \u00e0 nouveau!<\/p>\n<p>Alan Wolan et Alexander Skora ont constitu\u00e9 une \u00e9quipe qui souhaite redonner de la vie \u00e0 Berlin et lui faire prendre une nouvelle direction.<\/p>\n<p>La loi biologique, selon laquelle tout ce qui ne grandit pas meurt, s\u2019applique \u00e9galement \u00e0 la ville la plus peupl\u00e9e d\u2019Allemagne. Actuellement, la capitale est non seulement \u00e0 l\u2019\u00e9troit mais aussi entretenue tel un arbre bonsa\u00ef par les politiciens, ce qui suscite l\u2019\u00e9tonnement et fait secouer les t\u00eates dans le monde entier.<\/p>\n<p>Il est temps de se lever et de changer quelque chose!<\/p>\n<p>Nous recherchons des personnes qui souhaitent faire bouger Berlin avec nous!Deviens un BerlinBrain: nous sommes \u00e0 la recherche d\u2019aventuriers, d\u2019entrepreneurs, de cr\u00e9ateurs, de scientifiques, de philosophes, d\u2019artistes, de po\u00e8tes, de musiciens et de penseurs lat\u00e9raux.<\/p>\n<p>Tu veux donner un nouveau souffle \u00e0 la capitale ou la rendre \u00e0 nouveau digne d\u2019y vivre? Alors rejoins BerlinBrains d\u00e8s maintenant. Nous croyons au pouvoir des id\u00e9es et au potentiel de notre g\u00e9n\u00e9ration. Ensemble, nous pouvons changer Berlin et en faire une grande m\u00e9tropole!<\/p>\n<p>Tu n\u2019\u00e9tais pas encore politiquement actif(-ve), mais tu es convaincu(-e) que tes id\u00e9es mettront Berlin sur la bonne voie? Tu souhaites changer Berlin et fa\u00e7onner son avenir avec nous? Tu es pr\u00eat(-e) \u00e0 travailler sur un projet \u00aball or nothing\u00bb?<\/p>\n<p>Alors envoie-nous un bref profil personnel par courriel, dis-nous ce qui te contrarie vraiment \u00e0 Berlin et d\u00e9cris-nous ta vision d\u2019une capitale vivable: 2021@BerlinBrains.com<\/p>\n\t\t\t\t\t<\/div>\n\t\t\t\t\t\t<\/div>\n\t\t\t\t<\/div>\n\t\t\t\t<div class=\"elementor-element elementor-element-644b873 elementor-widget elementor-widget-heading\" data-id=\"644b873\" data-element_type=\"widget\" data-widget_type=\"heading.default\">\n\t\t\t\t<div class=\"elementor-widget-container\">\n\t\t\t<h2 class=\"elementor-heading-title elementor-size-default\">Notre programme<\/h2>\t\t<\/div>\n\t\t\t\t<\/div>\n\t\t\t\t<div class=\"elementor-element elementor-element-6c68c83 elementor-align-left elementor-icon-list--layout-traditional elementor-list-item-link-full_width elementor-widget elementor-widget-icon-list\" data-id=\"6c68c83\" data-element_type=\"widget\" data-widget_type=\"icon-list.default\">\n\t\t\t\t<div class=\"elementor-widget-container\">\n\t\t\t\t\t<ul class=\"elementor-icon-list-items\">\n\t\t\t\t\t\t\t<li class=\"elementor-icon-list-item\">\n\t\t\t\t\t\t\t\t\t\t\t<span class=\"elementor-icon-list-icon\">\n\t\t\t\t\t\t\t<i aria-hidden=\"true\" class=\"fas fa-check\"><\/i>\t\t\t\t\t\t<\/span>\n\t\t\t\t\t\t\t\t\t\t<span class=\"elementor-icon-list-text\">Design d\u00e9mocratique<\/span>\n\t\t\t\t\t\t\t\t\t<\/li>\n\t\t\t\t\t\t\t\t<li class=\"elementor-icon-list-item\">\n\t\t\t\t\t\t\t\t\t\t\t<span class=\"elementor-icon-list-icon\">\n\t\t\t\t\t\t\t<i aria-hidden=\"true\" class=\"fas fa-check\"><\/i>\t\t\t\t\t\t<\/span>\n\t\t\t\t\t\t\t\t\t\t<span class=\"elementor-icon-list-text\">Politique positive<\/span>\n\t\t\t\t\t\t\t\t\t<\/li>\n\t\t\t\t\t\t\t\t<li class=\"elementor-icon-list-item\">\n\t\t\t\t\t\t\t\t\t\t\t<span class=\"elementor-icon-list-icon\">\n\t\t\t\t\t\t\t<i aria-hidden=\"true\" class=\"fas fa-check\"><\/i>\t\t\t\t\t\t<\/span>\n\t\t\t\t\t\t\t\t\t\t<span class=\"elementor-icon-list-text\">Initiatives non-id\u00e9ologiques<\/span>\n\t\t\t\t\t\t\t\t\t<\/li>\n\t\t\t\t\t\t\t\t<li class=\"elementor-icon-list-item\">\n\t\t\t\t\t\t\t\t\t\t\t<span class=\"elementor-icon-list-icon\">\n\t\t\t\t\t\t\t<i aria-hidden=\"true\" class=\"fas fa-check\"><\/i>\t\t\t\t\t\t<\/span>\n\t\t\t\t\t\t\t\t\t\t<span class=\"elementor-icon-list-text\">Construction adapt\u00e9e aux besoins<\/span>\n\t\t\t\t\t\t\t\t\t<\/li>\n\t\t\t\t\t\t\t\t<li class=\"elementor-icon-list-item\">\n\t\t\t\t\t\t\t\t\t\t\t<span class=\"elementor-icon-list-icon\">\n\t\t\t\t\t\t\t<i aria-hidden=\"true\" class=\"fas fa-check\"><\/i>\t\t\t\t\t\t<\/span>\n\t\t\t\t\t\t\t\t\t\t<span class=\"elementor-icon-list-text\">Administration num\u00e9rique conviviale<\/span>\n\t\t\t\t\t\t\t\t\t<\/li>\n\t\t\t\t\t\t\t\t<li class=\"elementor-icon-list-item\">\n\t\t\t\t\t\t\t\t\t\t\t<span class=\"elementor-icon-list-icon\">\n\t\t\t\t\t\t\t<i aria-hidden=\"true\" class=\"fas fa-check\"><\/i>\t\t\t\t\t\t<\/span>\n\t\t\t\t\t\t\t\t\t\t<span class=\"elementor-icon-list-text\">Ecoles priv\u00e9es professionnelles<\/span>\n\t\t\t\t\t\t\t\t\t<\/li>\n\t\t\t\t\t\t\t\t<li class=\"elementor-icon-list-item\">\n\t\t\t\t\t\t\t\t\t\t\t<span class=\"elementor-icon-list-icon\">\n\t\t\t\t\t\t\t<i aria-hidden=\"true\" class=\"fas fa-check\"><\/i>\t\t\t\t\t\t<\/span>\n\t\t\t\t\t\t\t\t\t\t<span class=\"elementor-icon-list-text\">Trafic silencieux et ville propre<\/span>\n\t\t\t\t\t\t\t\t\t<\/li>\n\t\t\t\t\t\t<\/ul>\n\t\t\t\t<\/div>\n\t\t\t\t<\/div>\n\t\t\t\t<div class=\"elementor-element elementor-element-d8a3b66 elementor-widget elementor-widget-heading\" data-id=\"d8a3b66\" data-element_type=\"widget\" data-widget_type=\"heading.default\">\n\t\t\t\t<div class=\"elementor-widget-container\">\n\t\t\t<h2 class=\"elementor-heading-title elementor-size-default\">Werde aktiv!<\/h2>\t\t<\/div>\n\t\t\t\t<\/div>\n\t\t\t\t<div class=\"elementor-element elementor-element-f225713 elementor-widget elementor-widget-text-editor\" data-id=\"f225713\" data-element_type=\"widget\" data-widget_type=\"text-editor.default\">\n\t\t\t\t<div class=\"elementor-widget-container\">\n\t\t\t\t\t\t\t\t<div class=\"elementor-text-editor elementor-clearfix\">\n\t\t\t\t\t<div>\n<div>\n<div>\n<p><span style=\"letter-spacing: 0.1px;\">Du warst <\/span><span style=\"letter-spacing: 0.1px; color: #e94f13;\"><strong>politisch<\/strong><\/span><span style=\"letter-spacing: 0.1px;\"> noch nicht aktiv, aber bist davon <\/span><span style=\"letter-spacing: 0.1px; color: #e94f13;\"><strong>\u00fcberzeugt<\/strong><\/span><span style=\"letter-spacing: 0.1px;\">, mit Deinen Ideen <\/span><span style=\"letter-spacing: 0.1px; color: #e94f13;\"><strong>Berlin<\/strong><\/span><span style=\"letter-spacing: 0.1px;\"> auf den richtigen Weg zu bringen? Du hast Lust ein <\/span><span style=\"letter-spacing: 0.1px; color: #e94f13;\"><strong>Berlinver\u00e4nderer<\/strong><\/span><span style=\"letter-spacing: 0.1px;\"> zu werden und mit uns gemeinsam die <\/span><span style=\"letter-spacing: 0.1px; color: #e94f13;\"><strong>Zukunft<\/strong><\/span><span style=\"letter-spacing: 0.1px;\"> neu zu gestalten? Du m\u00f6chtest an einem Alles-oder-Nichts-Projekt arbeiten?<\/span><\/p>\n<p>Dann schick uns Dein kurzes pers\u00f6nliches <span style=\"color: #e94f13;\"><strong>Profil<\/strong><\/span>, schreib uns was Dich in <span style=\"color: #e94f13;\"><strong>Berlin<\/strong><\/span> gerade so richtig <span style=\"color: #e94f13;\"><strong>\u00e4rgert<\/strong><\/span> und gib uns Deine <span style=\"color: #e94f13;\"><strong>Vision<\/strong><\/span> von einer lebenswerten Hauptstadt wieder. Bewirb Dich per E-Mail an:<\/p>\n<\/div>\n<\/div>\n<\/div>\n\t\t\t\t\t<\/div>\n\t\t\t\t\t\t<\/div>\n\t\t\t\t<\/div>\n\t\t\t\t<div class=\"elementor-element elementor-element-37933509 elementor-mobile-align-center elementor-widget elementor-widget-button\" data-id=\"37933509\" data-element_type=\"widget\" data-widget_type=\"button.default\">\n\t\t\t\t<div class=\"elementor-widget-container\">\n\t\t\t\t\t<div class=\"elementor-button-wrapper\">\n\t\t\t<a href=\"mailto:2021@BerlinBrains.com\" class=\"elementor-button-link elementor-button elementor-size-sm elementor-animation-grow\" role=\"button\">\n\t\t\t\t\t\t<span class=\"elementor-button-content-wrapper\">\n\t\t\t\t\t\t<span class=\"elementor-button-icon elementor-align-icon-left\">\n\t\t\t\t<i aria-hidden=\"true\" class=\"far fa-paper-plane\"><\/i>\t\t\t<\/span>\n\t\t\t\t\t\t<span class=\"elementor-button-text\">2021@BerlinBrains.com<\/span>\n\t\t<\/span>\n\t\t\t\t\t<\/a>\n\t\t<\/div>\n\t\t\t\t<\/div>\n\t\t\t\t<\/div>\n\t\t\t\t<div class=\"elementor-element elementor-element-2555139 elementor-widget elementor-widget-text-editor\" data-id=\"2555139\" data-element_type=\"widget\" data-widget_type=\"text-editor.default\">\n\t\t\t\t<div class=\"elementor-widget-container\">\n\t\t\t\t\t\t\t\t<div class=\"elementor-text-editor elementor-clearfix\">\n\t\t\t\t\t<p>En envoyant votre e-mail, vous confirmez que vous acceptez notre politique de confidentialit\u00e9 et que nous pouvons utiliser vos donn\u00e9es pour vous contacter. Nous ne transmettons pas vos donn\u00e9es \u00e0 des tiers.<\/p>\n\t\t\t\t\t<\/div>\n\t\t\t\t\t\t<\/div>\n\t\t\t\t<\/div>\n\t\t\t\t\t\t<\/div>\n\t\t\t\t\t<\/div>\n\t\t<\/div>\n\t\t\t\t\t\t\t\t<\/div>\n\t\t\t\t\t<\/div>\n\t\t<\/section>\n\t\t\t\t\t\t<\/div>\n\t\t\t\t\t\t<\/div>\n\t\t\t\t\t<\/div>\n\t\t","protected":false},"excerpt":{"rendered":"<p>Rejoins BerlinBrains! BerlinBrains retire le carcan que porte la capitale! Pour que Berlin puisse respirer et grandir \u00e0 nouveau! Alan Wolan et Alexander Skora ont constitu\u00e9 une \u00e9quipe qui souhaite redonner de la vie \u00e0 Berlin et lui faire prendre une nouvelle direction. La loi biologique, selon laquelle tout ce qui ne grandit pas meurt, [&hellip;]<\/p>\n","protected":false},"author":1,"featured_media":0,"parent":0,"menu_order":0,"comment_status":"closed","ping_status":"closed","template":"","meta":[],"yoast_head":"<!-- This site is optimized with the Yoast SEO plugin v16.5 - https:\/\/yoast.com\/wordpress\/plugins\/seo\/ -->\n<title>Accueil | BerlinBrains<\/title>\n<meta name=\"robots\" content=\"index, follow, max-snippet:-1, max-image-preview:large, max-video-preview:-1\" \/>\n<link rel=\"canonical\" href=\"https:\/\/berlinbrains.com\/fr\/\" \/>\n<meta property=\"og:locale\" content=\"fr_FR\" \/>\n<meta property=\"og:type\" content=\"article\" \/>\n<meta property=\"og:title\" content=\"Accueil | BerlinBrains\" \/>\n<meta property=\"og:description\" content=\"Rejoins BerlinBrains! BerlinBrains retire le carcan que porte la capitale! Pour que Berlin puisse respirer et grandir \u00e0 nouveau! Alan Wolan et Alexander Skora ont constitu\u00e9 une \u00e9quipe qui souhaite redonner de la vie \u00e0 Berlin et lui faire prendre une nouvelle direction. La loi biologique, selon laquelle tout ce qui ne grandit pas meurt, [&hellip;]\" \/>\n<meta property=\"og:url\" content=\"https:\/\/berlinbrains.com\/fr\/\" \/>\n<meta property=\"og:site_name\" content=\"BerlinBrains\" \/>\n<meta property=\"article:publisher\" content=\"https:\/\/www.facebook.com\/BerlinBrains\" \/>\n<meta property=\"article:modified_time\" content=\"2021-03-22T12:58:50+00:00\" \/>\n<meta name=\"twitter:card\" content=\"summary_large_image\" \/>\n<meta name=\"twitter:site\" content=\"@berlinbrains\" \/>\n<meta name=\"twitter:label1\" content=\"Dur\u00e9e de lecture est.\" \/>\n\t<meta name=\"twitter:data1\" content=\"2 minutes\" \/>\n<script type=\"application\/ld+json\" class=\"yoast-schema-graph\">{\"@context\":\"https:\/\/schema.org\",\"@graph\":[{\"@type\":\"Organization\",\"@id\":\"https:\/\/berlinbrains.com\/#organization\",\"name\":\"BerlinBrains\",\"url\":\"https:\/\/berlinbrains.com\/\",\"sameAs\":[\"https:\/\/www.facebook.com\/BerlinBrains\",\"https:\/\/www.instagram.com\/BerlinBrains\/\",\"https:\/\/twitter.com\/berlinbrains\"],\"logo\":{\"@type\":\"ImageObject\",\"@id\":\"https:\/\/berlinbrains.com\/#logo\",\"inLanguage\":\"fr-FR\",\"url\":\"https:\/\/berlinbrains.com\/wp-content\/uploads\/2020\/08\/berlinbrains-logo.svg\",\"contentUrl\":\"https:\/\/berlinbrains.com\/wp-content\/uploads\/2020\/08\/berlinbrains-logo.svg\",\"caption\":\"BerlinBrains\"},\"image\":{\"@id\":\"https:\/\/berlinbrains.com\/#logo\"}},{\"@type\":\"WebSite\",\"@id\":\"https:\/\/berlinbrains.com\/#website\",\"url\":\"https:\/\/berlinbrains.com\/\",\"name\":\"BerlinBrains\",\"description\":\"MISSION: DESIGN DEMOCRACY!\",\"publisher\":{\"@id\":\"https:\/\/berlinbrains.com\/#organization\"},\"potentialAction\":[{\"@type\":\"SearchAction\",\"target\":\"https:\/\/berlinbrains.com\/?s={search_term_string}\",\"query-input\":\"required name=search_term_string\"}],\"inLanguage\":\"fr-FR\"},{\"@type\":\"WebPage\",\"@id\":\"https:\/\/berlinbrains.com\/fr\/#webpage\",\"url\":\"https:\/\/berlinbrains.com\/fr\/\",\"name\":\"Accueil | BerlinBrains\",\"isPartOf\":{\"@id\":\"https:\/\/berlinbrains.com\/#website\"},\"datePublished\":\"2020-09-08T13:02:18+00:00\",\"dateModified\":\"2021-03-22T12:58:50+00:00\",\"breadcrumb\":{\"@id\":\"https:\/\/berlinbrains.com\/fr\/#breadcrumb\"},\"inLanguage\":\"fr-FR\",\"potentialAction\":[{\"@type\":\"ReadAction\",\"target\":[\"https:\/\/berlinbrains.com\/fr\/\"]}]},{\"@type\":\"BreadcrumbList\",\"@id\":\"https:\/\/berlinbrains.com\/fr\/#breadcrumb\",\"itemListElement\":[{\"@type\":\"ListItem\",\"position\":1,\"name\":\"Startseite\",\"item\":\"https:\/\/berlinbrains.com\/fr\/\"},{\"@type\":\"ListItem\",\"position\":2,\"name\":\"Accueil\"}]}]}<\/script>\n<!-- \/ Yoast SEO plugin. -->","_links":{"self":[{"href":"https:\/\/berlinbrains.com\/fr\/wp-json\/wp\/v2\/pages\/663"}],"collection":[{"href":"https:\/\/berlinbrains.com\/fr\/wp-json\/wp\/v2\/pages"}],"about":[{"href":"https:\/\/berlinbrains.com\/fr\/wp-json\/wp\/v2\/types\/page"}],"author":[{"embeddable":true,"href":"https:\/\/berlinbrains.com\/fr\/wp-json\/wp\/v2\/users\/1"}],"replies":[{"embeddable":true,"href":"https:\/\/berlinbrains.com\/fr\/wp-json\/wp\/v2\/comments?post=663"}],"version-history":[{"count":5,"href":"https:\/\/berlinbrains.com\/fr\/wp-json\/wp\/v2\/pages\/663\/revisions"}],"predecessor-version":[{"id":1615,"href":"https:\/\/berlinbrains.com\/fr\/wp-json\/wp\/v2\/pages\/663\/revisions\/1615"}],"wp:attachment":[{"href":"https:\/\/berlinbrains.com\/fr\/wp-json\/wp\/v2\/media?parent=663"}],"curies":[{"name":"wp","href":"https:\/\/api.w.org\/{rel}","templated":true}]}}