{"id":1559,"date":"2021-03-22T13:41:41","date_gmt":"2021-03-22T12:41:41","guid":{"rendered":"https:\/\/berlinbrains.com\/start\/"},"modified":"2021-03-22T13:41:42","modified_gmt":"2021-03-22T12:41:42","slug":"start","status":"publish","type":"page","link":"https:\/\/berlinbrains.com\/pl\/","title":{"rendered":"Start"},"content":{"rendered":"\t\t<div data-elementor-type=\"wp-post\" data-elementor-id=\"1559\" class=\"elementor elementor-1559 elementor-5\" data-elementor-settings=\"[]\">\n\t\t\t\t\t\t<div class=\"elementor-inner\">\n\t\t\t\t\t\t\t<div class=\"elementor-section-wrap\">\n\t\t\t\t\t\t\t<section class=\"elementor-section elementor-top-section elementor-element elementor-element-d9aa37e elementor-section-boxed elementor-section-height-default elementor-section-height-default\" data-id=\"d9aa37e\" data-element_type=\"section\">\n\t\t\t\t\t\t<div class=\"elementor-container elementor-column-gap-no\">\n\t\t\t\t\t\t\t<div class=\"elementor-row\">\n\t\t\t\t\t<div class=\"elementor-column elementor-col-100 elementor-top-column elementor-element elementor-element-04c68e7\" data-id=\"04c68e7\" data-element_type=\"column\">\n\t\t\t<div class=\"elementor-column-wrap elementor-element-populated\">\n\t\t\t\t\t\t\t<div class=\"elementor-widget-wrap\">\n\t\t\t\t\t\t<div class=\"elementor-element elementor-element-f2b33bd elementor-aspect-ratio-169 elementor-widget elementor-widget-video\" data-id=\"f2b33bd\" data-element_type=\"widget\" data-settings=\"{&quot;youtube_url&quot;:&quot;https:\\\/\\\/youtu.be\\\/NHlm4UyACc8&quot;,&quot;start&quot;:0,&quot;video_type&quot;:&quot;youtube&quot;,&quot;controls&quot;:&quot;yes&quot;,&quot;aspect_ratio&quot;:&quot;169&quot;}\" data-widget_type=\"video.default\">\n\t\t\t\t<div class=\"elementor-widget-container\">\n\t\t\t\t\t<div class=\"elementor-wrapper elementor-fit-aspect-ratio elementor-open-inline\">\n\t\t\t<div class=\"elementor-video\"><\/div>\t\t<\/div>\n\t\t\t\t<\/div>\n\t\t\t\t<\/div>\n\t\t\t\t<div class=\"elementor-element elementor-element-30a736b1 elementor-widget elementor-widget-heading\" data-id=\"30a736b1\" data-element_type=\"widget\" data-widget_type=\"heading.default\">\n\t\t\t\t<div class=\"elementor-widget-container\">\n\t\t\t<h2 class=\"elementor-heading-title elementor-size-default\">ZOSTA\u0143 CZ\u0118\u015aCI\u0104 BERLINBRAINS!<\/h2>\t\t<\/div>\n\t\t\t\t<\/div>\n\t\t\t\t<div class=\"elementor-element elementor-element-1b177f65 elementor-widget elementor-widget-text-editor\" data-id=\"1b177f65\" data-element_type=\"widget\" data-widget_type=\"text-editor.default\">\n\t\t\t\t<div class=\"elementor-widget-container\">\n\t\t\t\t\t\t\t\t<div class=\"elementor-text-editor elementor-clearfix\">\n\t\t\t\t\t<p>BerlinBrains zdejmuje kaftan bezpiecze\u0144stwa stolicy. Aby Berlin m\u00f3g\u0142 wzi\u0105\u0107 g\u0142\u0119boki oddech i znowu si\u0119 rozwin\u0105\u0107.<\/p>\n<p>Alan Wolan i Alexander Skora tworz\u0105 zesp\u00f3\u0142, kt\u00f3ry o\u017cywi Berlin i poprowadzi go now\u0105 \u015bcie\u017ck\u0105. Prawo biologiczne, zgodnie z kt\u00f3rym wszystko, co nie ro\u015bnie, umiera, dotyczy r\u00f3wnie\u017c najbardziej zaludnionego miasta w Niemczech. Stolica, kt\u00f3ra jest obecnie ciasna i patronowana politycznie jak drzewko bonsai, wywo\u0142uje zdumienie i potrz\u0105sanie g\u0142ow\u0105 na ca\u0142ym \u015bwiecie. Czas wsta\u0107 i co\u015b zmieni\u0107.<\/p>\n<p>Poszukujemy os\u00f3b, kt\u00f3re chc\u0105 razem z nami poruszy\u0107 Berlin. Zosta\u0144 BerlinBrain: szukamy poszukiwaczy przyg\u00f3d, przedsi\u0119biorc\u00f3w, dzia\u0142aczy, naukowc\u00f3w, filozof\u00f3w, artyst\u00f3w, poet\u00f3w, muzyk\u00f3w i innych os\u00f3b podobnie my\u015bl\u0105cych. Chcesz tchn\u0105\u0107 nowe \u017cycie w stolic\u0119 i sprawi\u0107, by warto by\u0142o w niej znowu zamieszka\u0107? W takim razie sta\u0144 si\u0119 teraz cz\u0119\u015bci\u0105 BerlinBrains. Wierzymy w si\u0142\u0119 pomys\u0142\u00f3w i potencja\u0142 naszego pokolenia. Razem mo\u017cemy zmieni\u0107 Berlin i uczyni\u0107 go wielk\u0105 metropoli\u0105!<\/p>\n\t\t\t\t\t<\/div>\n\t\t\t\t\t\t<\/div>\n\t\t\t\t<\/div>\n\t\t\t\t<div class=\"elementor-element elementor-element-644b873 elementor-widget elementor-widget-heading\" data-id=\"644b873\" data-element_type=\"widget\" data-widget_type=\"heading.default\">\n\t\t\t\t<div class=\"elementor-widget-container\">\n\t\t\t<h2 class=\"elementor-heading-title elementor-size-default\">PROGRAM<\/h2>\t\t<\/div>\n\t\t\t\t<\/div>\n\t\t\t\t<div class=\"elementor-element elementor-element-6c68c83 elementor-align-left elementor-icon-list--layout-traditional elementor-list-item-link-full_width elementor-widget elementor-widget-icon-list\" data-id=\"6c68c83\" data-element_type=\"widget\" data-widget_type=\"icon-list.default\">\n\t\t\t\t<div class=\"elementor-widget-container\">\n\t\t\t\t\t<ul class=\"elementor-icon-list-items\">\n\t\t\t\t\t\t\t<li class=\"elementor-icon-list-item\">\n\t\t\t\t\t\t\t\t\t\t\t<span class=\"elementor-icon-list-icon\">\n\t\t\t\t\t\t\t<i aria-hidden=\"true\" class=\"fas fa-check\"><\/i>\t\t\t\t\t\t<\/span>\n\t\t\t\t\t\t\t\t\t\t<span class=\"elementor-icon-list-text\">Projektowanie demokracji<\/span>\n\t\t\t\t\t\t\t\t\t<\/li>\n\t\t\t\t\t\t\t\t<li class=\"elementor-icon-list-item\">\n\t\t\t\t\t\t\t\t\t\t\t<span class=\"elementor-icon-list-icon\">\n\t\t\t\t\t\t\t<i aria-hidden=\"true\" class=\"fas fa-check\"><\/i>\t\t\t\t\t\t<\/span>\n\t\t\t\t\t\t\t\t\t\t<span class=\"elementor-icon-list-text\">Pozytywna polityka<\/span>\n\t\t\t\t\t\t\t\t\t<\/li>\n\t\t\t\t\t\t\t\t<li class=\"elementor-icon-list-item\">\n\t\t\t\t\t\t\t\t\t\t\t<span class=\"elementor-icon-list-icon\">\n\t\t\t\t\t\t\t<i aria-hidden=\"true\" class=\"fas fa-check\"><\/i>\t\t\t\t\t\t<\/span>\n\t\t\t\t\t\t\t\t\t\t<span class=\"elementor-icon-list-text\">Inicjatywy wolne od ideologii<\/span>\n\t\t\t\t\t\t\t\t\t<\/li>\n\t\t\t\t\t\t\t\t<li class=\"elementor-icon-list-item\">\n\t\t\t\t\t\t\t\t\t\t\t<span class=\"elementor-icon-list-icon\">\n\t\t\t\t\t\t\t<i aria-hidden=\"true\" class=\"fas fa-check\"><\/i>\t\t\t\t\t\t<\/span>\n\t\t\t\t\t\t\t\t\t\t<span class=\"elementor-icon-list-text\">Budowanie wed\u0142ug potrzeb<\/span>\n\t\t\t\t\t\t\t\t\t<\/li>\n\t\t\t\t\t\t\t\t<li class=\"elementor-icon-list-item\">\n\t\t\t\t\t\t\t\t\t\t\t<span class=\"elementor-icon-list-icon\">\n\t\t\t\t\t\t\t<i aria-hidden=\"true\" class=\"fas fa-check\"><\/i>\t\t\t\t\t\t<\/span>\n\t\t\t\t\t\t\t\t\t\t<span class=\"elementor-icon-list-text\">Przyjazne i cyfrowe zarz\u0105dzanie<\/span>\n\t\t\t\t\t\t\t\t\t<\/li>\n\t\t\t\t\t\t\t\t<li class=\"elementor-icon-list-item\">\n\t\t\t\t\t\t\t\t\t\t\t<span class=\"elementor-icon-list-icon\">\n\t\t\t\t\t\t\t<i aria-hidden=\"true\" class=\"fas fa-check\"><\/i>\t\t\t\t\t\t<\/span>\n\t\t\t\t\t\t\t\t\t\t<span class=\"elementor-icon-list-text\">Profesjonalne szko\u0142y prywatne<\/span>\n\t\t\t\t\t\t\t\t\t<\/li>\n\t\t\t\t\t\t\t\t<li class=\"elementor-icon-list-item\">\n\t\t\t\t\t\t\t\t\t\t\t<span class=\"elementor-icon-list-icon\">\n\t\t\t\t\t\t\t<i aria-hidden=\"true\" class=\"fas fa-check\"><\/i>\t\t\t\t\t\t<\/span>\n\t\t\t\t\t\t\t\t\t\t<span class=\"elementor-icon-list-text\">Czyste miasto<\/span>\n\t\t\t\t\t\t\t\t\t<\/li>\n\t\t\t\t\t\t<\/ul>\n\t\t\t\t<\/div>\n\t\t\t\t<\/div>\n\t\t\t\t<div class=\"elementor-element elementor-element-d8a3b66 elementor-widget elementor-widget-heading\" data-id=\"d8a3b66\" data-element_type=\"widget\" data-widget_type=\"heading.default\">\n\t\t\t\t<div class=\"elementor-widget-container\">\n\t\t\t<h2 class=\"elementor-heading-title elementor-size-default\">B\u0104D\u0179 AKTYWNY!<\/h2>\t\t<\/div>\n\t\t\t\t<\/div>\n\t\t\t\t<div class=\"elementor-element elementor-element-f225713 elementor-widget elementor-widget-text-editor\" data-id=\"f225713\" data-element_type=\"widget\" data-widget_type=\"text-editor.default\">\n\t\t\t\t<div class=\"elementor-widget-container\">\n\t\t\t\t\t\t\t\t<div class=\"elementor-text-editor elementor-clearfix\">\n\t\t\t\t\t<p>Nie by\u0142e\u015b jeszcze aktywny politycznie, ale jeste\u015b przekonany, \u017ce Twoje pomys\u0142y skieruj\u0105 Berlin na w\u0142a\u015bciw\u0105 drog\u0119? ChciaIbys zmienic Berlin i razem z nami kszta\u0142towa\u0107 przysz\u0142o\u015b\u0107? Chcesz pracowa\u0107 nad projektem typu wszystko albo nic?<\/p>\n<p>Prze\u015blij nam sw\u00f3j kr\u00f3tki profil osobisty, napisz, co naprawd\u0119 denerwuje Ci\u0119 w Berlinie i przedstaw nam swoj\u0105 wizj\u0119 stolicy, w kt\u00f3rej warto \u017cy\u0107. Z\u0142\u00f3\u017c wniosek e-mailem na adres:<\/p>\n\t\t\t\t\t<\/div>\n\t\t\t\t\t\t<\/div>\n\t\t\t\t<\/div>\n\t\t\t\t<div class=\"elementor-element elementor-element-37933509 elementor-mobile-align-center elementor-widget elementor-widget-button\" data-id=\"37933509\" data-element_type=\"widget\" data-widget_type=\"button.default\">\n\t\t\t\t<div class=\"elementor-widget-container\">\n\t\t\t\t\t<div class=\"elementor-button-wrapper\">\n\t\t\t<a href=\"mailto:2021@BerlinBrains.com\" class=\"elementor-button-link elementor-button elementor-size-sm elementor-animation-grow\" role=\"button\">\n\t\t\t\t\t\t<span class=\"elementor-button-content-wrapper\">\n\t\t\t\t\t\t<span class=\"elementor-button-icon elementor-align-icon-left\">\n\t\t\t\t<i aria-hidden=\"true\" class=\"far fa-paper-plane\"><\/i>\t\t\t<\/span>\n\t\t\t\t\t\t<span class=\"elementor-button-text\">2021@BerlinBrains.com<\/span>\n\t\t<\/span>\n\t\t\t\t\t<\/a>\n\t\t<\/div>\n\t\t\t\t<\/div>\n\t\t\t\t<\/div>\n\t\t\t\t<div class=\"elementor-element elementor-element-2555139 elementor-widget elementor-widget-text-editor\" data-id=\"2555139\" data-element_type=\"widget\" data-widget_type=\"text-editor.default\">\n\t\t\t\t<div class=\"elementor-widget-container\">\n\t\t\t\t\t\t\t\t<div class=\"elementor-text-editor elementor-clearfix\">\n\t\t\t\t\t<p>Wysy\u0142aj\u0105c wiadomo\u015b\u0107 e-mail, potwierdzasz, \u017ce zgadzasz si\u0119 z naszymi przepisami dotycz\u0105cymi ochrony danych i \u017ce mo\u017cemy wykorzysta\u0107 Twoje dane, aby si\u0119 z Tob\u0105 skontaktowa\u0107. Nie przekazujemy Twoich danych osobom trzecim.<\/p>\n\t\t\t\t\t<\/div>\n\t\t\t\t\t\t<\/div>\n\t\t\t\t<\/div>\n\t\t\t\t\t\t<\/div>\n\t\t\t\t\t<\/div>\n\t\t<\/div>\n\t\t\t\t\t\t\t\t<\/div>\n\t\t\t\t\t<\/div>\n\t\t<\/section>\n\t\t\t\t\t\t<\/div>\n\t\t\t\t\t\t<\/div>\n\t\t\t\t\t<\/div>\n\t\t","protected":false},"excerpt":{"rendered":"<p>ZOSTA\u0143 CZ\u0118\u015aCI\u0104 BERLINBRAINS! BerlinBrains zdejmuje kaftan bezpiecze\u0144stwa stolicy. Aby Berlin m\u00f3g\u0142 wzi\u0105\u0107 g\u0142\u0119boki oddech i znowu si\u0119 rozwin\u0105\u0107. Alan Wolan i Alexander Skora tworz\u0105 zesp\u00f3\u0142, kt\u00f3ry o\u017cywi Berlin i poprowadzi go now\u0105 \u015bcie\u017ck\u0105. Prawo biologiczne, zgodnie z kt\u00f3rym wszystko, co nie ro\u015bnie, umiera, dotyczy r\u00f3wnie\u017c najbardziej zaludnionego miasta w Niemczech. Stolica, kt\u00f3ra jest obecnie ciasna [&hellip;]<\/p>\n","protected":false},"author":1,"featured_media":0,"parent":0,"menu_order":0,"comment_status":"closed","ping_status":"closed","template":"","meta":[],"yoast_head":"<!-- This site is optimized with the Yoast SEO plugin v16.5 - https:\/\/yoast.com\/wordpress\/plugins\/seo\/ -->\n<title>Start | BerlinBrains<\/title>\n<meta name=\"robots\" content=\"index, follow, max-snippet:-1, max-image-preview:large, max-video-preview:-1\" \/>\n<link rel=\"canonical\" href=\"https:\/\/berlinbrains.com\/pl\/\" \/>\n<meta property=\"og:locale\" content=\"pl_PL\" \/>\n<meta property=\"og:type\" content=\"article\" \/>\n<meta property=\"og:title\" content=\"Start | BerlinBrains\" \/>\n<meta property=\"og:description\" content=\"ZOSTA\u0143 CZ\u0118\u015aCI\u0104 BERLINBRAINS! BerlinBrains zdejmuje kaftan bezpiecze\u0144stwa stolicy. Aby Berlin m\u00f3g\u0142 wzi\u0105\u0107 g\u0142\u0119boki oddech i znowu si\u0119 rozwin\u0105\u0107. Alan Wolan i Alexander Skora tworz\u0105 zesp\u00f3\u0142, kt\u00f3ry o\u017cywi Berlin i poprowadzi go now\u0105 \u015bcie\u017ck\u0105. Prawo biologiczne, zgodnie z kt\u00f3rym wszystko, co nie ro\u015bnie, umiera, dotyczy r\u00f3wnie\u017c najbardziej zaludnionego miasta w Niemczech. Stolica, kt\u00f3ra jest obecnie ciasna [&hellip;]\" \/>\n<meta property=\"og:url\" content=\"https:\/\/berlinbrains.com\/pl\/\" \/>\n<meta property=\"og:site_name\" content=\"BerlinBrains\" \/>\n<meta property=\"article:publisher\" content=\"https:\/\/www.facebook.com\/BerlinBrains\" \/>\n<meta property=\"article:modified_time\" content=\"2021-03-22T12:41:42+00:00\" \/>\n<meta name=\"twitter:card\" content=\"summary_large_image\" \/>\n<meta name=\"twitter:site\" content=\"@berlinbrains\" \/>\n<meta name=\"twitter:label1\" content=\"Szacowany czas czytania\" \/>\n\t<meta name=\"twitter:data1\" content=\"2 minuty\" \/>\n<script type=\"application\/ld+json\" class=\"yoast-schema-graph\">{\"@context\":\"https:\/\/schema.org\",\"@graph\":[{\"@type\":\"Organization\",\"@id\":\"https:\/\/berlinbrains.com\/#organization\",\"name\":\"BerlinBrains\",\"url\":\"https:\/\/berlinbrains.com\/\",\"sameAs\":[\"https:\/\/www.facebook.com\/BerlinBrains\",\"https:\/\/www.instagram.com\/BerlinBrains\/\",\"https:\/\/twitter.com\/berlinbrains\"],\"logo\":{\"@type\":\"ImageObject\",\"@id\":\"https:\/\/berlinbrains.com\/#logo\",\"inLanguage\":\"pl-PL\",\"url\":\"https:\/\/berlinbrains.com\/wp-content\/uploads\/2020\/08\/berlinbrains-logo.svg\",\"contentUrl\":\"https:\/\/berlinbrains.com\/wp-content\/uploads\/2020\/08\/berlinbrains-logo.svg\",\"caption\":\"BerlinBrains\"},\"image\":{\"@id\":\"https:\/\/berlinbrains.com\/#logo\"}},{\"@type\":\"WebSite\",\"@id\":\"https:\/\/berlinbrains.com\/#website\",\"url\":\"https:\/\/berlinbrains.com\/\",\"name\":\"BerlinBrains\",\"description\":\"MISSION: DESIGN DEMOCRACY!\",\"publisher\":{\"@id\":\"https:\/\/berlinbrains.com\/#organization\"},\"potentialAction\":[{\"@type\":\"SearchAction\",\"target\":\"https:\/\/berlinbrains.com\/?s={search_term_string}\",\"query-input\":\"required name=search_term_string\"}],\"inLanguage\":\"pl-PL\"},{\"@type\":\"WebPage\",\"@id\":\"https:\/\/berlinbrains.com\/pl\/#webpage\",\"url\":\"https:\/\/berlinbrains.com\/pl\/\",\"name\":\"Start | BerlinBrains\",\"isPartOf\":{\"@id\":\"https:\/\/berlinbrains.com\/#website\"},\"datePublished\":\"2021-03-22T12:41:41+00:00\",\"dateModified\":\"2021-03-22T12:41:42+00:00\",\"breadcrumb\":{\"@id\":\"https:\/\/berlinbrains.com\/pl\/#breadcrumb\"},\"inLanguage\":\"pl-PL\",\"potentialAction\":[{\"@type\":\"ReadAction\",\"target\":[\"https:\/\/berlinbrains.com\/pl\/\"]}]},{\"@type\":\"BreadcrumbList\",\"@id\":\"https:\/\/berlinbrains.com\/pl\/#breadcrumb\",\"itemListElement\":[{\"@type\":\"ListItem\",\"position\":1,\"name\":\"Startseite\",\"item\":\"https:\/\/berlinbrains.com\/pl\/\"},{\"@type\":\"ListItem\",\"position\":2,\"name\":\"Start\"}]}]}<\/script>\n<!-- \/ Yoast SEO plugin. -->","_links":{"self":[{"href":"https:\/\/berlinbrains.com\/pl\/wp-json\/wp\/v2\/pages\/1559"}],"collection":[{"href":"https:\/\/berlinbrains.com\/pl\/wp-json\/wp\/v2\/pages"}],"about":[{"href":"https:\/\/berlinbrains.com\/pl\/wp-json\/wp\/v2\/types\/page"}],"author":[{"embeddable":true,"href":"https:\/\/berlinbrains.com\/pl\/wp-json\/wp\/v2\/users\/1"}],"replies":[{"embeddable":true,"href":"https:\/\/berlinbrains.com\/pl\/wp-json\/wp\/v2\/comments?post=1559"}],"version-history":[{"count":1,"href":"https:\/\/berlinbrains.com\/pl\/wp-json\/wp\/v2\/pages\/1559\/revisions"}],"predecessor-version":[{"id":1560,"href":"https:\/\/berlinbrains.com\/pl\/wp-json\/wp\/v2\/pages\/1559\/revisions\/1560"}],"wp:attachment":[{"href":"https:\/\/berlinbrains.com\/pl\/wp-json\/wp\/v2\/media?parent=1559"}],"curies":[{"name":"wp","href":"https:\/\/api.w.org\/{rel}","templated":true}]}}