{"id":1603,"date":"2021-03-22T13:43:16","date_gmt":"2021-03-22T12:43:16","guid":{"rendered":"https:\/\/berlinbrains.com\/wizja\/"},"modified":"2021-03-22T13:43:16","modified_gmt":"2021-03-22T12:43:16","slug":"wizja","status":"publish","type":"page","link":"https:\/\/berlinbrains.com\/pl\/wizja\/","title":{"rendered":"WIZJA"},"content":{"rendered":"\t\t<div data-elementor-type=\"wp-post\" data-elementor-id=\"1603\" class=\"elementor elementor-1603 elementor-212\" data-elementor-settings=\"[]\">\n\t\t\t\t\t\t<div class=\"elementor-inner\">\n\t\t\t\t\t\t\t<div class=\"elementor-section-wrap\">\n\t\t\t\t\t\t\t<section class=\"elementor-section elementor-top-section elementor-element elementor-element-5b72a74 elementor-section-boxed elementor-section-height-default elementor-section-height-default\" data-id=\"5b72a74\" data-element_type=\"section\">\n\t\t\t\t\t\t<div class=\"elementor-container elementor-column-gap-no\">\n\t\t\t\t\t\t\t<div class=\"elementor-row\">\n\t\t\t\t\t<div class=\"elementor-column elementor-col-100 elementor-top-column elementor-element elementor-element-620856d\" data-id=\"620856d\" data-element_type=\"column\">\n\t\t\t<div class=\"elementor-column-wrap elementor-element-populated\">\n\t\t\t\t\t\t\t<div class=\"elementor-widget-wrap\">\n\t\t\t\t\t\t<div class=\"elementor-element elementor-element-37a56c6 elementor-widget elementor-widget-heading\" data-id=\"37a56c6\" data-element_type=\"widget\" data-widget_type=\"heading.default\">\n\t\t\t\t<div class=\"elementor-widget-container\">\n\t\t\t<h2 class=\"elementor-heading-title elementor-size-default\">WIZJA<\/h2>\t\t<\/div>\n\t\t\t\t<\/div>\n\t\t\t\t<div class=\"elementor-element elementor-element-ea5e1c9 elementor-widget elementor-widget-text-editor\" data-id=\"ea5e1c9\" data-element_type=\"widget\" data-widget_type=\"text-editor.default\">\n\t\t\t\t<div class=\"elementor-widget-container\">\n\t\t\t\t\t\t\t\t<div class=\"elementor-text-editor elementor-clearfix\">\n\t\t\t\t\t<p>Jak opisano w ksi\u0105\u017cce \u201eAtlas Shrugged\u201d autorstwa Ayn Rand, nasz\u0105 wizj\u0105 jest motywowanie odwa\u017cnych do ulepszania Berlina. Chcemy doprowadzi\u0107 do w\u0142adzy tych, kt\u00f3rzy wiedz\u0105, jak inspirowa\u0107 ludzi i dawa\u0107 przyk\u0142ad. Chcemy zmieni\u0107 nastawienie urz\u0119dnik\u00f3w i pracownik\u00f3w administracyjnych , kt\u00f3rzy spowalniaj\u0105 Berlin\u00a0 i da\u0107 przyk\u0142ad jak mo\u017ce by\u0107 inaczej. Berlin mo\u017ce i stanie si\u0119 kosmopolitycznym miastem, na kt\u00f3re zas\u0142uguje.<\/p>\n<p>W \u201eAtlas Shrugged\u201d Ayn Rand opisuje upadaj\u0105ce spo\u0142ecze\u0144stwo, w kt\u00f3rym liderzy, przedsi\u0119biorcy i tw\u00f3rcy strajkuj\u0105 i wycofuj\u0105 si\u0119, pozostawiaj\u0105c reszt\u0119 spo\u0142ecze\u0144stwa samemu sobie. Takie przypadki obserwujemy od dawna w Berlinie i \u017cadna z obecnie aktywnych partii nie ma ludzi tak popularnych i akceptowanych przez berli\u0144czyk\u00f3w, \u017ce mogliby przyci\u0105gn\u0105\u0107 mieszka\u0144c\u00f3w miasta i zmotywowa\u0107 ich do udzia\u0142u.<\/p>\n<p>Ci biurokraci zajmuj\u0105cy si\u0119 kariera robi\u0105 niewiele wi\u0119cej , ni\u017c zatykaj\u0105 i tak ju\u017c wolno dzia\u0142aj\u0105cy system i motywuj\u0105 obywateli do stanu p\u00f3\u0142\u015bwiadomego i pasywnego , co jest przypomnieniem czas\u00f3w , kiedy mur berlinski podzieli\u0142 nasze miasto i kraj.<\/p>\n<p>Ogromny potencja\u0142, jaki ma Berlin z wieloma start-upami i przedsi\u0119biorczymi mieszka\u0144cami oraz go\u015b\u0107mi z ca\u0142ego \u015bwiata, zosta\u0142 zduszony przez niewidzialny kaftan bezpiecze\u0144stwa.<\/p>\n<p>\u017badna z ugruntowanych partii nie ma potencja\u0142u ani personelu, aby pojsc w slady Johna F. Kennedy&#8217;ego, m\u00f3wi\u0105c: \u201eNie pytaj, co Berlin mo\u017ce dla ciebie zrobi\u0107, ale zadaj sobie pytanie, co mo\u017cesz zrobi\u0107 dla Berlina\u201d.<\/p>\n<p>Chcemy i zmienimy to!<\/p>\n<p>Alan i Alexander<\/p>\n\t\t\t\t\t<\/div>\n\t\t\t\t\t\t<\/div>\n\t\t\t\t<\/div>\n\t\t\t\t<div class=\"elementor-element elementor-element-b5e9630 elementor-widget elementor-widget-image\" data-id=\"b5e9630\" data-element_type=\"widget\" data-widget_type=\"image.default\">\n\t\t\t\t<div class=\"elementor-widget-container\">\n\t\t\t\t\t\t\t\t<div class=\"elementor-image\">\n\t\t\t\t\t\t\t\t\t\t\t\t<img width=\"1024\" height=\"768\" src=\"https:\/\/berlinbrains.com\/wp-content\/uploads\/2020\/01\/0aee428f-ed17-47e1-99a0-239b54768b12.jpg\" class=\"attachment-full size-full\" alt=\"\" srcset=\"https:\/\/berlinbrains.com\/wp-content\/uploads\/2020\/01\/0aee428f-ed17-47e1-99a0-239b54768b12.jpg 1024w, https:\/\/berlinbrains.com\/wp-content\/uploads\/2020\/01\/0aee428f-ed17-47e1-99a0-239b54768b12-300x225.jpg 300w, https:\/\/berlinbrains.com\/wp-content\/uploads\/2020\/01\/0aee428f-ed17-47e1-99a0-239b54768b12-768x576.jpg 768w\" sizes=\"(max-width: 1024px) 100vw, 1024px\" \/>\t\t\t\t\t\t\t\t\t\t\t\t\t\t<\/div>\n\t\t\t\t\t\t<\/div>\n\t\t\t\t<\/div>\n\t\t\t\t\t\t<\/div>\n\t\t\t\t\t<\/div>\n\t\t<\/div>\n\t\t\t\t\t\t\t\t<\/div>\n\t\t\t\t\t<\/div>\n\t\t<\/section>\n\t\t\t\t\t\t<\/div>\n\t\t\t\t\t\t<\/div>\n\t\t\t\t\t<\/div>\n\t\t","protected":false},"excerpt":{"rendered":"<p>WIZJA Jak opisano w ksi\u0105\u017cce \u201eAtlas Shrugged\u201d autorstwa Ayn Rand, nasz\u0105 wizj\u0105 jest motywowanie odwa\u017cnych do ulepszania Berlina. Chcemy doprowadzi\u0107 do w\u0142adzy tych, kt\u00f3rzy wiedz\u0105, jak inspirowa\u0107 ludzi i dawa\u0107 przyk\u0142ad. Chcemy zmieni\u0107 nastawienie urz\u0119dnik\u00f3w i pracownik\u00f3w administracyjnych , kt\u00f3rzy spowalniaj\u0105 Berlin\u00a0 i da\u0107 przyk\u0142ad jak mo\u017ce by\u0107 inaczej. Berlin mo\u017ce i stanie si\u0119 kosmopolitycznym [&hellip;]<\/p>\n","protected":false},"author":1,"featured_media":0,"parent":0,"menu_order":0,"comment_status":"closed","ping_status":"closed","template":"","meta":[],"yoast_head":"<!-- This site is optimized with the Yoast SEO plugin v16.5 - https:\/\/yoast.com\/wordpress\/plugins\/seo\/ -->\n<title>WIZJA | BerlinBrains<\/title>\n<meta name=\"robots\" content=\"index, follow, max-snippet:-1, max-image-preview:large, max-video-preview:-1\" \/>\n<link rel=\"canonical\" href=\"https:\/\/berlinbrains.com\/pl\/wizja\/\" \/>\n<meta property=\"og:locale\" content=\"pl_PL\" \/>\n<meta property=\"og:type\" content=\"article\" \/>\n<meta property=\"og:title\" content=\"WIZJA | BerlinBrains\" \/>\n<meta property=\"og:description\" content=\"WIZJA Jak opisano w ksi\u0105\u017cce \u201eAtlas Shrugged\u201d autorstwa Ayn Rand, nasz\u0105 wizj\u0105 jest motywowanie odwa\u017cnych do ulepszania Berlina. Chcemy doprowadzi\u0107 do w\u0142adzy tych, kt\u00f3rzy wiedz\u0105, jak inspirowa\u0107 ludzi i dawa\u0107 przyk\u0142ad. Chcemy zmieni\u0107 nastawienie urz\u0119dnik\u00f3w i pracownik\u00f3w administracyjnych , kt\u00f3rzy spowalniaj\u0105 Berlin\u00a0 i da\u0107 przyk\u0142ad jak mo\u017ce by\u0107 inaczej. Berlin mo\u017ce i stanie si\u0119 kosmopolitycznym [&hellip;]\" \/>\n<meta property=\"og:url\" content=\"https:\/\/berlinbrains.com\/pl\/wizja\/\" \/>\n<meta property=\"og:site_name\" content=\"BerlinBrains\" \/>\n<meta property=\"article:publisher\" content=\"https:\/\/www.facebook.com\/BerlinBrains\" \/>\n<meta property=\"og:image\" content=\"https:\/\/berlinbrains.com\/wp-content\/uploads\/2020\/01\/0aee428f-ed17-47e1-99a0-239b54768b12.jpg\" \/>\n<meta name=\"twitter:card\" content=\"summary_large_image\" \/>\n<meta name=\"twitter:site\" content=\"@berlinbrains\" \/>\n<meta name=\"twitter:label1\" content=\"Szacowany czas czytania\" \/>\n\t<meta name=\"twitter:data1\" content=\"1 minuta\" \/>\n<script type=\"application\/ld+json\" class=\"yoast-schema-graph\">{\"@context\":\"https:\/\/schema.org\",\"@graph\":[{\"@type\":\"Organization\",\"@id\":\"https:\/\/berlinbrains.com\/#organization\",\"name\":\"BerlinBrains\",\"url\":\"https:\/\/berlinbrains.com\/\",\"sameAs\":[\"https:\/\/www.facebook.com\/BerlinBrains\",\"https:\/\/www.instagram.com\/BerlinBrains\/\",\"https:\/\/twitter.com\/berlinbrains\"],\"logo\":{\"@type\":\"ImageObject\",\"@id\":\"https:\/\/berlinbrains.com\/#logo\",\"inLanguage\":\"pl-PL\",\"url\":\"https:\/\/berlinbrains.com\/wp-content\/uploads\/2020\/08\/berlinbrains-logo.svg\",\"contentUrl\":\"https:\/\/berlinbrains.com\/wp-content\/uploads\/2020\/08\/berlinbrains-logo.svg\",\"caption\":\"BerlinBrains\"},\"image\":{\"@id\":\"https:\/\/berlinbrains.com\/#logo\"}},{\"@type\":\"WebSite\",\"@id\":\"https:\/\/berlinbrains.com\/#website\",\"url\":\"https:\/\/berlinbrains.com\/\",\"name\":\"BerlinBrains\",\"description\":\"MISSION: DESIGN DEMOCRACY!\",\"publisher\":{\"@id\":\"https:\/\/berlinbrains.com\/#organization\"},\"potentialAction\":[{\"@type\":\"SearchAction\",\"target\":\"https:\/\/berlinbrains.com\/?s={search_term_string}\",\"query-input\":\"required name=search_term_string\"}],\"inLanguage\":\"pl-PL\"},{\"@type\":\"ImageObject\",\"@id\":\"https:\/\/berlinbrains.com\/pl\/wizja\/#primaryimage\",\"inLanguage\":\"pl-PL\",\"url\":\"https:\/\/berlinbrains.com\/wp-content\/uploads\/2020\/01\/0aee428f-ed17-47e1-99a0-239b54768b12.jpg\",\"contentUrl\":\"https:\/\/berlinbrains.com\/wp-content\/uploads\/2020\/01\/0aee428f-ed17-47e1-99a0-239b54768b12.jpg\",\"width\":1024,\"height\":768},{\"@type\":\"WebPage\",\"@id\":\"https:\/\/berlinbrains.com\/pl\/wizja\/#webpage\",\"url\":\"https:\/\/berlinbrains.com\/pl\/wizja\/\",\"name\":\"WIZJA | BerlinBrains\",\"isPartOf\":{\"@id\":\"https:\/\/berlinbrains.com\/#website\"},\"primaryImageOfPage\":{\"@id\":\"https:\/\/berlinbrains.com\/pl\/wizja\/#primaryimage\"},\"datePublished\":\"2021-03-22T12:43:16+00:00\",\"dateModified\":\"2021-03-22T12:43:16+00:00\",\"breadcrumb\":{\"@id\":\"https:\/\/berlinbrains.com\/pl\/wizja\/#breadcrumb\"},\"inLanguage\":\"pl-PL\",\"potentialAction\":[{\"@type\":\"ReadAction\",\"target\":[\"https:\/\/berlinbrains.com\/pl\/wizja\/\"]}]},{\"@type\":\"BreadcrumbList\",\"@id\":\"https:\/\/berlinbrains.com\/pl\/wizja\/#breadcrumb\",\"itemListElement\":[{\"@type\":\"ListItem\",\"position\":1,\"name\":\"Startseite\",\"item\":\"https:\/\/berlinbrains.com\/pl\/\"},{\"@type\":\"ListItem\",\"position\":2,\"name\":\"WIZJA\"}]}]}<\/script>\n<!-- \/ Yoast SEO plugin. -->","_links":{"self":[{"href":"https:\/\/berlinbrains.com\/pl\/wp-json\/wp\/v2\/pages\/1603"}],"collection":[{"href":"https:\/\/berlinbrains.com\/pl\/wp-json\/wp\/v2\/pages"}],"about":[{"href":"https:\/\/berlinbrains.com\/pl\/wp-json\/wp\/v2\/types\/page"}],"author":[{"embeddable":true,"href":"https:\/\/berlinbrains.com\/pl\/wp-json\/wp\/v2\/users\/1"}],"replies":[{"embeddable":true,"href":"https:\/\/berlinbrains.com\/pl\/wp-json\/wp\/v2\/comments?post=1603"}],"version-history":[{"count":1,"href":"https:\/\/berlinbrains.com\/pl\/wp-json\/wp\/v2\/pages\/1603\/revisions"}],"predecessor-version":[{"id":1605,"href":"https:\/\/berlinbrains.com\/pl\/wp-json\/wp\/v2\/pages\/1603\/revisions\/1605"}],"wp:attachment":[{"href":"https:\/\/berlinbrains.com\/pl\/wp-json\/wp\/v2\/media?parent=1603"}],"curies":[{"name":"wp","href":"https:\/\/api.w.org\/{rel}","templated":true}]}}