{"id":780,"date":"2020-09-15T19:26:16","date_gmt":"2020-09-15T17:26:16","guid":{"rendered":"https:\/\/berlinbrains.com\/vizyon\/"},"modified":"2020-12-05T09:05:16","modified_gmt":"2020-12-05T08:05:16","slug":"vizyon","status":"publish","type":"page","link":"https:\/\/berlinbrains.com\/tr\/vizyon\/","title":{"rendered":"V\u0130ZYON"},"content":{"rendered":"\t\t<div data-elementor-type=\"wp-post\" data-elementor-id=\"780\" class=\"elementor elementor-780 elementor-212\" data-elementor-settings=\"[]\">\n\t\t\t\t\t\t<div class=\"elementor-inner\">\n\t\t\t\t\t\t\t<div class=\"elementor-section-wrap\">\n\t\t\t\t\t\t\t<section class=\"elementor-section elementor-top-section elementor-element elementor-element-5b72a74 elementor-section-boxed elementor-section-height-default elementor-section-height-default\" data-id=\"5b72a74\" data-element_type=\"section\">\n\t\t\t\t\t\t<div class=\"elementor-container elementor-column-gap-no\">\n\t\t\t\t\t\t\t<div class=\"elementor-row\">\n\t\t\t\t\t<div class=\"elementor-column elementor-col-100 elementor-top-column elementor-element elementor-element-620856d\" data-id=\"620856d\" data-element_type=\"column\">\n\t\t\t<div class=\"elementor-column-wrap elementor-element-populated\">\n\t\t\t\t\t\t\t<div class=\"elementor-widget-wrap\">\n\t\t\t\t\t\t<div class=\"elementor-element elementor-element-37a56c6 elementor-widget elementor-widget-heading\" data-id=\"37a56c6\" data-element_type=\"widget\" data-widget_type=\"heading.default\">\n\t\t\t\t<div class=\"elementor-widget-container\">\n\t\t\t<h2 class=\"elementor-heading-title elementor-size-default\">V\u0130ZYON<\/h2>\t\t<\/div>\n\t\t\t\t<\/div>\n\t\t\t\t<div class=\"elementor-element elementor-element-ea5e1c9 elementor-widget elementor-widget-text-editor\" data-id=\"ea5e1c9\" data-element_type=\"widget\" data-widget_type=\"text-editor.default\">\n\t\t\t\t<div class=\"elementor-widget-container\">\n\t\t\t\t\t\t\t\t<div class=\"elementor-text-editor elementor-clearfix\">\n\t\t\t\t\t<p>Vizyonumuz, Ayn Rand&#8217;\u0131n \u201cAtlas Shrugged\u201d kitab\u0131nda anlat\u0131ld\u0131\u011f\u0131 gibi, cesurlar\u0131 Berlin&#8217;i daha iyi hale getirmeye motive etmektir. Biz, insanlar\u0131 nas\u0131l heyecanland\u0131rabilece\u011fini bilen ve iyi bir \u00f6rnek olarak \u00f6nderlik eden uygulay\u0131c\u0131lar\u0131 iktidara getirmek istiyoruz. Biz, Berlin&#8217;i yava\u015flatan memurlara ve idari \u00e7al\u0131\u015fanlara di\u011fer her \u015feyi de etkileyen bir zihniyeti \u00f6rneklemek ve anlatmak istiyoruz.<\/p>\n<p>E\u011fer yapabilenler tekrar isterlerse, Berlin olmay\u0131 hak etti\u011fi kozmopolit \u015fehir olacakt\u0131r.<\/p>\n<p>Kald\u0131 ki, Ayn Rand, \u201cAtlas Shrugged\u201d roman\u0131nda, giri\u015fimcilerin ve uygulay\u0131c\u0131lar\u0131n grev yapt\u0131\u011f\u0131 ve geri \u00e7ekildi\u011fi ve toplumun geri kalan\u0131n\u0131 kendi haline b\u0131rakt\u0131\u011f\u0131 bir toplumu anlat\u0131yor. Berlin&#8217;de zaten uzun zamand\u0131r bu konudaki yakla\u015f\u0131mlar\u0131 g\u00f6zlemliyoruz ve \u015fu anda faal olan partilerin hi\u00e7birinde Berlinliler taraf\u0131ndan \u015fehrin sakinlerini heyecanland\u0131rabilecekleri ve kat\u0131lmalar\u0131 i\u00e7in motive edebilecekleri kadar sevilen ve kabul g\u00f6rm\u00fc\u015f ki\u015filer bulunmuyor. Bunlar ayr\u0131ca, kritik bir uygulay\u0131c\u0131 kitlesini harekete ge\u00e7irmeyi ve her bir en k\u00fc\u00e7\u00fck kararda dahi, ba\u015fka olumlu etkiler sa\u011flayacak ve yeni dalgalar meydana getirecek olumlu bir ruh hali yaratmay\u0131, ba\u015faramazlard\u0131.<\/p>\n<p>\u0130\u015flemeyen y\u00f6netimlerin devam eden tahripk\u00e2r eziyetleri, Berlin makamlar\u0131n\u0131n t\u00fcm kesimlerindeki bariz hasta raporlu olma durumlar\u0131 ve \u00e7al\u0131\u015fan ve i\u015fsiz insanlar\u0131n b\u00fcy\u00fck kesimleri aras\u0131ndaki genel kar\u015f\u0131t tutum, Berlin&#8217;i duvar\u0131n hala ayakta oldu\u011fu zamanlar\u0131 hat\u0131rlatan korkun\u00e7 bir alacakaranl\u0131k durumunda tutuyor.<\/p>\n<p>Berlin&#8217;in, bir\u00e7ok Startup ve giri\u015fken sakinleri ve d\u00fcnyan\u0131n her yerinden gelen ziyaret\u00e7iler arac\u0131l\u0131\u011f\u0131yla kendi i\u00e7inde sahip oldu\u011fu b\u00fcy\u00fck potansiyelin, bir peynir kubbesi alt\u0131nda veya bir deli g\u00f6mle\u011fi i\u00e7inde oldu\u011fu gibi nefes almas\u0131 engelleniyor.<\/p>\n<p>Ana ak\u0131m partilerin hi\u00e7biri, John F. Kennedy&#8217;nin, \u201cBerlin&#8217;in senin i\u00e7in neler yapabilece\u011fini sorma, ama sen kendine senin Berlin i\u00e7in neler yapabilece\u011fini sor.\u201d s\u00f6zleriyle d\u00fcr\u00fcst\u00e7e ifade edecek ve insanlarda bir silkinme sa\u011flayacak bir potansiyele ve personele sahip de\u011fil.<\/p>\n<p>Bunu de\u011fi\u015ftirmek istiyoruz ve de\u011fi\u015ftirece\u011fiz!<\/p>\n<p>Alan ve Alexander<\/p>\n\t\t\t\t\t<\/div>\n\t\t\t\t\t\t<\/div>\n\t\t\t\t<\/div>\n\t\t\t\t<div class=\"elementor-element elementor-element-b5e9630 elementor-widget elementor-widget-image\" data-id=\"b5e9630\" data-element_type=\"widget\" data-widget_type=\"image.default\">\n\t\t\t\t<div class=\"elementor-widget-container\">\n\t\t\t\t\t\t\t\t<div class=\"elementor-image\">\n\t\t\t\t\t\t\t\t\t\t\t\t<img width=\"1024\" height=\"768\" src=\"https:\/\/berlinbrains.com\/wp-content\/uploads\/2020\/01\/0aee428f-ed17-47e1-99a0-239b54768b12.jpg\" class=\"attachment-full size-full\" alt=\"\" srcset=\"https:\/\/berlinbrains.com\/wp-content\/uploads\/2020\/01\/0aee428f-ed17-47e1-99a0-239b54768b12.jpg 1024w, https:\/\/berlinbrains.com\/wp-content\/uploads\/2020\/01\/0aee428f-ed17-47e1-99a0-239b54768b12-300x225.jpg 300w, https:\/\/berlinbrains.com\/wp-content\/uploads\/2020\/01\/0aee428f-ed17-47e1-99a0-239b54768b12-768x576.jpg 768w\" sizes=\"(max-width: 1024px) 100vw, 1024px\" \/>\t\t\t\t\t\t\t\t\t\t\t\t\t\t<\/div>\n\t\t\t\t\t\t<\/div>\n\t\t\t\t<\/div>\n\t\t\t\t\t\t<\/div>\n\t\t\t\t\t<\/div>\n\t\t<\/div>\n\t\t\t\t\t\t\t\t<\/div>\n\t\t\t\t\t<\/div>\n\t\t<\/section>\n\t\t\t\t\t\t<\/div>\n\t\t\t\t\t\t<\/div>\n\t\t\t\t\t<\/div>\n\t\t","protected":false},"excerpt":{"rendered":"<p>V\u0130ZYON Vizyonumuz, Ayn Rand&#8217;\u0131n \u201cAtlas Shrugged\u201d kitab\u0131nda anlat\u0131ld\u0131\u011f\u0131 gibi, cesurlar\u0131 Berlin&#8217;i daha iyi hale getirmeye motive etmektir. Biz, insanlar\u0131 nas\u0131l heyecanland\u0131rabilece\u011fini bilen ve iyi bir \u00f6rnek olarak \u00f6nderlik eden uygulay\u0131c\u0131lar\u0131 iktidara getirmek istiyoruz. Biz, Berlin&#8217;i yava\u015flatan memurlara ve idari \u00e7al\u0131\u015fanlara di\u011fer her \u015feyi de etkileyen bir zihniyeti \u00f6rneklemek ve anlatmak istiyoruz. E\u011fer yapabilenler tekrar isterlerse, [&hellip;]<\/p>\n","protected":false},"author":1,"featured_media":0,"parent":0,"menu_order":0,"comment_status":"closed","ping_status":"closed","template":"","meta":[],"yoast_head":"<!-- This site is optimized with the Yoast SEO plugin v16.5 - https:\/\/yoast.com\/wordpress\/plugins\/seo\/ -->\n<title>V\u0130ZYON | BerlinBrains<\/title>\n<meta name=\"robots\" content=\"index, follow, max-snippet:-1, max-image-preview:large, max-video-preview:-1\" \/>\n<link rel=\"canonical\" href=\"https:\/\/berlinbrains.com\/tr\/vizyon\/\" \/>\n<meta property=\"og:locale\" content=\"tr_TR\" \/>\n<meta property=\"og:type\" content=\"article\" \/>\n<meta property=\"og:title\" content=\"V\u0130ZYON | BerlinBrains\" \/>\n<meta property=\"og:description\" content=\"V\u0130ZYON Vizyonumuz, Ayn Rand&#8217;\u0131n \u201cAtlas Shrugged\u201d kitab\u0131nda anlat\u0131ld\u0131\u011f\u0131 gibi, cesurlar\u0131 Berlin&#8217;i daha iyi hale getirmeye motive etmektir. Biz, insanlar\u0131 nas\u0131l heyecanland\u0131rabilece\u011fini bilen ve iyi bir \u00f6rnek olarak \u00f6nderlik eden uygulay\u0131c\u0131lar\u0131 iktidara getirmek istiyoruz. Biz, Berlin&#8217;i yava\u015flatan memurlara ve idari \u00e7al\u0131\u015fanlara di\u011fer her \u015feyi de etkileyen bir zihniyeti \u00f6rneklemek ve anlatmak istiyoruz. E\u011fer yapabilenler tekrar isterlerse, [&hellip;]\" \/>\n<meta property=\"og:url\" content=\"https:\/\/berlinbrains.com\/tr\/vizyon\/\" \/>\n<meta property=\"og:site_name\" content=\"BerlinBrains\" \/>\n<meta property=\"article:publisher\" content=\"https:\/\/www.facebook.com\/BerlinBrains\" \/>\n<meta property=\"article:modified_time\" content=\"2020-12-05T08:05:16+00:00\" \/>\n<meta property=\"og:image\" content=\"https:\/\/berlinbrains.com\/wp-content\/uploads\/2020\/01\/0aee428f-ed17-47e1-99a0-239b54768b12.jpg\" \/>\n<meta name=\"twitter:card\" content=\"summary_large_image\" \/>\n<meta name=\"twitter:site\" content=\"@berlinbrains\" \/>\n<meta name=\"twitter:label1\" content=\"Tahmini okuma s\u00fcresi\" \/>\n\t<meta name=\"twitter:data1\" content=\"2 dakika\" \/>\n<script type=\"application\/ld+json\" class=\"yoast-schema-graph\">{\"@context\":\"https:\/\/schema.org\",\"@graph\":[{\"@type\":\"Organization\",\"@id\":\"https:\/\/berlinbrains.com\/#organization\",\"name\":\"BerlinBrains\",\"url\":\"https:\/\/berlinbrains.com\/\",\"sameAs\":[\"https:\/\/www.facebook.com\/BerlinBrains\",\"https:\/\/www.instagram.com\/BerlinBrains\/\",\"https:\/\/twitter.com\/berlinbrains\"],\"logo\":{\"@type\":\"ImageObject\",\"@id\":\"https:\/\/berlinbrains.com\/#logo\",\"inLanguage\":\"tr\",\"url\":\"https:\/\/berlinbrains.com\/wp-content\/uploads\/2020\/08\/berlinbrains-logo.svg\",\"contentUrl\":\"https:\/\/berlinbrains.com\/wp-content\/uploads\/2020\/08\/berlinbrains-logo.svg\",\"caption\":\"BerlinBrains\"},\"image\":{\"@id\":\"https:\/\/berlinbrains.com\/#logo\"}},{\"@type\":\"WebSite\",\"@id\":\"https:\/\/berlinbrains.com\/#website\",\"url\":\"https:\/\/berlinbrains.com\/\",\"name\":\"BerlinBrains\",\"description\":\"MISSION: DESIGN DEMOCRACY!\",\"publisher\":{\"@id\":\"https:\/\/berlinbrains.com\/#organization\"},\"potentialAction\":[{\"@type\":\"SearchAction\",\"target\":\"https:\/\/berlinbrains.com\/?s={search_term_string}\",\"query-input\":\"required name=search_term_string\"}],\"inLanguage\":\"tr\"},{\"@type\":\"ImageObject\",\"@id\":\"https:\/\/berlinbrains.com\/tr\/vizyon\/#primaryimage\",\"inLanguage\":\"tr\",\"url\":\"https:\/\/berlinbrains.com\/wp-content\/uploads\/2020\/01\/0aee428f-ed17-47e1-99a0-239b54768b12.jpg\",\"contentUrl\":\"https:\/\/berlinbrains.com\/wp-content\/uploads\/2020\/01\/0aee428f-ed17-47e1-99a0-239b54768b12.jpg\",\"width\":1024,\"height\":768},{\"@type\":\"WebPage\",\"@id\":\"https:\/\/berlinbrains.com\/tr\/vizyon\/#webpage\",\"url\":\"https:\/\/berlinbrains.com\/tr\/vizyon\/\",\"name\":\"V\\u0130ZYON | BerlinBrains\",\"isPartOf\":{\"@id\":\"https:\/\/berlinbrains.com\/#website\"},\"primaryImageOfPage\":{\"@id\":\"https:\/\/berlinbrains.com\/tr\/vizyon\/#primaryimage\"},\"datePublished\":\"2020-09-15T17:26:16+00:00\",\"dateModified\":\"2020-12-05T08:05:16+00:00\",\"breadcrumb\":{\"@id\":\"https:\/\/berlinbrains.com\/tr\/vizyon\/#breadcrumb\"},\"inLanguage\":\"tr\",\"potentialAction\":[{\"@type\":\"ReadAction\",\"target\":[\"https:\/\/berlinbrains.com\/tr\/vizyon\/\"]}]},{\"@type\":\"BreadcrumbList\",\"@id\":\"https:\/\/berlinbrains.com\/tr\/vizyon\/#breadcrumb\",\"itemListElement\":[{\"@type\":\"ListItem\",\"position\":1,\"name\":\"Startseite\",\"item\":\"https:\/\/berlinbrains.com\/tr\/\"},{\"@type\":\"ListItem\",\"position\":2,\"name\":\"V\\u0130ZYON\"}]}]}<\/script>\n<!-- \/ Yoast SEO plugin. -->","_links":{"self":[{"href":"https:\/\/berlinbrains.com\/tr\/wp-json\/wp\/v2\/pages\/780"}],"collection":[{"href":"https:\/\/berlinbrains.com\/tr\/wp-json\/wp\/v2\/pages"}],"about":[{"href":"https:\/\/berlinbrains.com\/tr\/wp-json\/wp\/v2\/types\/page"}],"author":[{"embeddable":true,"href":"https:\/\/berlinbrains.com\/tr\/wp-json\/wp\/v2\/users\/1"}],"replies":[{"embeddable":true,"href":"https:\/\/berlinbrains.com\/tr\/wp-json\/wp\/v2\/comments?post=780"}],"version-history":[{"count":1,"href":"https:\/\/berlinbrains.com\/tr\/wp-json\/wp\/v2\/pages\/780\/revisions"}],"predecessor-version":[{"id":781,"href":"https:\/\/berlinbrains.com\/tr\/wp-json\/wp\/v2\/pages\/780\/revisions\/781"}],"wp:attachment":[{"href":"https:\/\/berlinbrains.com\/tr\/wp-json\/wp\/v2\/media?parent=780"}],"curies":[{"name":"wp","href":"https:\/\/api.w.org\/{rel}","templated":true}]}}