{"id":782,"date":"2020-09-15T19:29:37","date_gmt":"2020-09-15T17:29:37","guid":{"rendered":"https:\/\/berlinbrains.com\/berlinbrains\/"},"modified":"2022-01-14T15:50:42","modified_gmt":"2022-01-14T14:50:42","slug":"berlinbrains","status":"publish","type":"page","link":"https:\/\/berlinbrains.com\/tr\/berlinbrains\/","title":{"rendered":"BerlinBrains"},"content":{"rendered":"\t\t<div data-elementor-type=\"wp-post\" data-elementor-id=\"782\" class=\"elementor elementor-782 elementor-308\" data-elementor-settings=\"[]\">\n\t\t\t\t\t\t<div class=\"elementor-inner\">\n\t\t\t\t\t\t\t<div class=\"elementor-section-wrap\">\n\t\t\t\t\t\t\t<section class=\"elementor-section elementor-top-section elementor-element elementor-element-18e63dc elementor-section-boxed elementor-section-height-default elementor-section-height-default\" data-id=\"18e63dc\" data-element_type=\"section\">\n\t\t\t\t\t\t<div class=\"elementor-container elementor-column-gap-no\">\n\t\t\t\t\t\t\t<div class=\"elementor-row\">\n\t\t\t\t\t<div class=\"elementor-column elementor-col-100 elementor-top-column elementor-element elementor-element-d379f4e\" data-id=\"d379f4e\" data-element_type=\"column\">\n\t\t\t<div class=\"elementor-column-wrap elementor-element-populated\">\n\t\t\t\t\t\t\t<div class=\"elementor-widget-wrap\">\n\t\t\t\t\t\t<div class=\"elementor-element elementor-element-14014c5 elementor-widget elementor-widget-heading\" data-id=\"14014c5\" data-element_type=\"widget\" data-widget_type=\"heading.default\">\n\t\t\t\t<div class=\"elementor-widget-container\">\n\t\t\t<h2 class=\"elementor-heading-title elementor-size-default\">KURUCU \u00dcYELER<\/h2>\t\t<\/div>\n\t\t\t\t<\/div>\n\t\t\t\t<div class=\"elementor-element elementor-element-109589b elementor-widget elementor-widget-text-editor\" data-id=\"109589b\" data-element_type=\"widget\" data-widget_type=\"text-editor.default\">\n\t\t\t\t<div class=\"elementor-widget-container\">\n\t\t\t\t\t\t\t\t<div class=\"elementor-text-editor elementor-clearfix\">\n\t\t\t\t\t<p><strong>Baskan:<\/strong> Peter Alexander Skora, Unternehmer, Berlin<br \/><strong>Baskan Yardimcisi:<\/strong> Mareen Eichinger, Unternehmerin, Berlin<br \/><strong>Siyasi Direkt\u00f6r:<\/strong> Saadet B\u00f6ttiger, Unternehmerin, Berlin<br \/><strong>Haznedar:<\/strong> Harald Peicher, Wirtschaftspr\u00fcfer, Berlin<br \/><strong>Genel Sekreter:<\/strong> Roland B\u00f6ttiger, Unternehmer, Berlin<br \/><strong>Kurucu \u00dcye:<\/strong> Funda Petersen, Hotelier, Berlin<br \/><strong>Kurucu \u00dcye:<\/strong> Alexandra Sczepanski, Steuerberaterin, Berlin<br \/><strong>Kurucu \u00dcye:<\/strong> Dirk Jochheim, Hotelier, Berlin<br \/><strong>Kurucu \u00dcye:<\/strong> Nicolai Manke, Rechtsanwalt, Berlin<br \/><strong>Kurucu \u00dcye:<\/strong> Dr. Muna Reichelt, Rechtsanw\u00e4ltin, Berlin<\/p>\n\t\t\t\t\t<\/div>\n\t\t\t\t\t\t<\/div>\n\t\t\t\t<\/div>\n\t\t\t\t<div class=\"elementor-element elementor-element-30a736b1 elementor-widget elementor-widget-heading\" data-id=\"30a736b1\" data-element_type=\"widget\" data-widget_type=\"heading.default\">\n\t\t\t\t<div class=\"elementor-widget-container\">\n\t\t\t<h2 class=\"elementor-heading-title elementor-size-default\">TESEKK\u00dcRLER<\/h2>\t\t<\/div>\n\t\t\t\t<\/div>\n\t\t\t\t<div class=\"elementor-element elementor-element-0ac4314 elementor-widget elementor-widget-text-editor\" data-id=\"0ac4314\" data-element_type=\"widget\" data-widget_type=\"text-editor.default\">\n\t\t\t\t<div class=\"elementor-widget-container\">\n\t\t\t\t\t\t\t\t<div class=\"elementor-text-editor elementor-clearfix\">\n\t\t\t\t\t<p>Dr. Erik Bettin, <a href=\"https:\/\/Michel-Notare.de\" target=\"_blank\" rel=\"noopener\">Michel-Notare.de<\/a><br \/>Alexander Hillbricht, <a href=\"http:\/\/padelberlin.de\/\">PadelBerlin.de<\/a><br \/>Iwona Sibierska, <a href=\"http:\/\/happyhotelberlin.de\/\">HappyHotelBerlin.de<\/a><br \/>Concetta Halstead, <a href=\"http:\/\/www.lordcreative.com\/\">Lordcreative.com<\/a><br \/>Mihai Danzke, <a href=\"http:\/\/www.kulturplakatierung.de\/\">Kulturplakatierung.de<\/a><br \/>Hendrik Gergen, <a href=\"http:\/\/hendrikgergen.de\">hendrikgergen.de<\/a><br \/>Stefan Dominiak, AXA Versicherungen<br \/>Melissa Steckbauer, <a href=\"https:\/\/thesensoriuminstitute.weebly.com\">The Sensorium Institute<\/a><br \/>Carola Mildenberger, <a href=\"https:\/\/www.mildenberger-rae.de\/\">Soziet\u00e4t Mildenberger<\/a><br \/>Dirk Jochheim, <a href=\"http:\/\/happygoluckyhearts.com\/\">HappyGoLuckyHearts<\/a><br \/>Funda Petersen, <a href=\"http:\/\/hotel-berliner-baer.de\/\">Hotel Berliner B\u00e4r<\/a><br \/>Olga Gomez<br \/>Fernando Ledesma<br \/>Elodie Gracia, <a href=\"http:\/\/fastenkur-zu-hause.com\">fastenkur-zu-hause.com<\/a><br \/>Team <a href=\"http:\/\/Fahrradkoppel.de\">Fahrradkoppel.de<\/a><\/p>\t\t\t\t\t<\/div>\n\t\t\t\t\t\t<\/div>\n\t\t\t\t<\/div>\n\t\t\t\t\t\t<\/div>\n\t\t\t\t\t<\/div>\n\t\t<\/div>\n\t\t\t\t\t\t\t\t<\/div>\n\t\t\t\t\t<\/div>\n\t\t<\/section>\n\t\t\t\t\t\t<\/div>\n\t\t\t\t\t\t<\/div>\n\t\t\t\t\t<\/div>\n\t\t","protected":false},"excerpt":{"rendered":"<p>KURUCU \u00dcYELER Baskan: Peter Alexander Skora, Unternehmer, BerlinBaskan Yardimcisi: Mareen Eichinger, Unternehmerin, BerlinSiyasi Direkt\u00f6r: Saadet B\u00f6ttiger, Unternehmerin, BerlinHaznedar: Harald Peicher, Wirtschaftspr\u00fcfer, BerlinGenel Sekreter: Roland B\u00f6ttiger, Unternehmer, BerlinKurucu \u00dcye: Funda Petersen, Hotelier, BerlinKurucu \u00dcye: Alexandra Sczepanski, Steuerberaterin, BerlinKurucu \u00dcye: Dirk Jochheim, Hotelier, BerlinKurucu \u00dcye: Nicolai Manke, Rechtsanwalt, BerlinKurucu \u00dcye: Dr. Muna Reichelt, Rechtsanw\u00e4ltin, Berlin TESEKK\u00dcRLER Dr. [&hellip;]<\/p>\n","protected":false},"author":1,"featured_media":0,"parent":0,"menu_order":0,"comment_status":"closed","ping_status":"closed","template":"","meta":[],"yoast_head":"<!-- This site is optimized with the Yoast SEO plugin v16.5 - https:\/\/yoast.com\/wordpress\/plugins\/seo\/ -->\n<title>BerlinBrains | BerlinBrains<\/title>\n<meta name=\"robots\" content=\"index, follow, max-snippet:-1, max-image-preview:large, max-video-preview:-1\" \/>\n<link rel=\"canonical\" href=\"https:\/\/berlinbrains.com\/tr\/berlinbrains\/\" \/>\n<meta property=\"og:locale\" content=\"tr_TR\" \/>\n<meta property=\"og:type\" content=\"article\" \/>\n<meta property=\"og:title\" content=\"BerlinBrains | BerlinBrains\" \/>\n<meta property=\"og:description\" content=\"KURUCU \u00dcYELER Baskan: Peter Alexander Skora, Unternehmer, BerlinBaskan Yardimcisi: Mareen Eichinger, Unternehmerin, BerlinSiyasi Direkt\u00f6r: Saadet B\u00f6ttiger, Unternehmerin, BerlinHaznedar: Harald Peicher, Wirtschaftspr\u00fcfer, BerlinGenel Sekreter: Roland B\u00f6ttiger, Unternehmer, BerlinKurucu \u00dcye: Funda Petersen, Hotelier, BerlinKurucu \u00dcye: Alexandra Sczepanski, Steuerberaterin, BerlinKurucu \u00dcye: Dirk Jochheim, Hotelier, BerlinKurucu \u00dcye: Nicolai Manke, Rechtsanwalt, BerlinKurucu \u00dcye: Dr. Muna Reichelt, Rechtsanw\u00e4ltin, Berlin TESEKK\u00dcRLER Dr. [&hellip;]\" \/>\n<meta property=\"og:url\" content=\"https:\/\/berlinbrains.com\/tr\/berlinbrains\/\" \/>\n<meta property=\"og:site_name\" content=\"BerlinBrains\" \/>\n<meta property=\"article:publisher\" content=\"https:\/\/www.facebook.com\/BerlinBrains\" \/>\n<meta property=\"article:modified_time\" content=\"2022-01-14T14:50:42+00:00\" \/>\n<meta name=\"twitter:card\" content=\"summary_large_image\" \/>\n<meta name=\"twitter:site\" content=\"@berlinbrains\" \/>\n<meta name=\"twitter:label1\" content=\"Tahmini okuma s\u00fcresi\" \/>\n\t<meta name=\"twitter:data1\" content=\"1 dakika\" \/>\n<script type=\"application\/ld+json\" class=\"yoast-schema-graph\">{\"@context\":\"https:\/\/schema.org\",\"@graph\":[{\"@type\":\"Organization\",\"@id\":\"https:\/\/berlinbrains.com\/#organization\",\"name\":\"BerlinBrains\",\"url\":\"https:\/\/berlinbrains.com\/\",\"sameAs\":[\"https:\/\/www.facebook.com\/BerlinBrains\",\"https:\/\/www.instagram.com\/BerlinBrains\/\",\"https:\/\/twitter.com\/berlinbrains\"],\"logo\":{\"@type\":\"ImageObject\",\"@id\":\"https:\/\/berlinbrains.com\/#logo\",\"inLanguage\":\"tr\",\"url\":\"https:\/\/berlinbrains.com\/wp-content\/uploads\/2020\/08\/berlinbrains-logo.svg\",\"contentUrl\":\"https:\/\/berlinbrains.com\/wp-content\/uploads\/2020\/08\/berlinbrains-logo.svg\",\"caption\":\"BerlinBrains\"},\"image\":{\"@id\":\"https:\/\/berlinbrains.com\/#logo\"}},{\"@type\":\"WebSite\",\"@id\":\"https:\/\/berlinbrains.com\/#website\",\"url\":\"https:\/\/berlinbrains.com\/\",\"name\":\"BerlinBrains\",\"description\":\"MISSION: DESIGN DEMOCRACY!\",\"publisher\":{\"@id\":\"https:\/\/berlinbrains.com\/#organization\"},\"potentialAction\":[{\"@type\":\"SearchAction\",\"target\":\"https:\/\/berlinbrains.com\/?s={search_term_string}\",\"query-input\":\"required name=search_term_string\"}],\"inLanguage\":\"tr\"},{\"@type\":\"WebPage\",\"@id\":\"https:\/\/berlinbrains.com\/tr\/berlinbrains\/#webpage\",\"url\":\"https:\/\/berlinbrains.com\/tr\/berlinbrains\/\",\"name\":\"BerlinBrains | BerlinBrains\",\"isPartOf\":{\"@id\":\"https:\/\/berlinbrains.com\/#website\"},\"datePublished\":\"2020-09-15T17:29:37+00:00\",\"dateModified\":\"2022-01-14T14:50:42+00:00\",\"breadcrumb\":{\"@id\":\"https:\/\/berlinbrains.com\/tr\/berlinbrains\/#breadcrumb\"},\"inLanguage\":\"tr\",\"potentialAction\":[{\"@type\":\"ReadAction\",\"target\":[\"https:\/\/berlinbrains.com\/tr\/berlinbrains\/\"]}]},{\"@type\":\"BreadcrumbList\",\"@id\":\"https:\/\/berlinbrains.com\/tr\/berlinbrains\/#breadcrumb\",\"itemListElement\":[{\"@type\":\"ListItem\",\"position\":1,\"name\":\"Startseite\",\"item\":\"https:\/\/berlinbrains.com\/tr\/\"},{\"@type\":\"ListItem\",\"position\":2,\"name\":\"BerlinBrains\"}]}]}<\/script>\n<!-- \/ Yoast SEO plugin. -->","_links":{"self":[{"href":"https:\/\/berlinbrains.com\/tr\/wp-json\/wp\/v2\/pages\/782"}],"collection":[{"href":"https:\/\/berlinbrains.com\/tr\/wp-json\/wp\/v2\/pages"}],"about":[{"href":"https:\/\/berlinbrains.com\/tr\/wp-json\/wp\/v2\/types\/page"}],"author":[{"embeddable":true,"href":"https:\/\/berlinbrains.com\/tr\/wp-json\/wp\/v2\/users\/1"}],"replies":[{"embeddable":true,"href":"https:\/\/berlinbrains.com\/tr\/wp-json\/wp\/v2\/comments?post=782"}],"version-history":[{"count":9,"href":"https:\/\/berlinbrains.com\/tr\/wp-json\/wp\/v2\/pages\/782\/revisions"}],"predecessor-version":[{"id":1723,"href":"https:\/\/berlinbrains.com\/tr\/wp-json\/wp\/v2\/pages\/782\/revisions\/1723"}],"wp:attachment":[{"href":"https:\/\/berlinbrains.com\/tr\/wp-json\/wp\/v2\/media?parent=782"}],"curies":[{"name":"wp","href":"https:\/\/api.w.org\/{rel}","templated":true}]}}