{"id":817,"date":"2020-09-17T16:17:36","date_gmt":"2020-09-17T14:17:36","guid":{"rendered":"https:\/\/berlinbrains.com\/ana-sayfa\/"},"modified":"2021-03-22T13:59:10","modified_gmt":"2021-03-22T12:59:10","slug":"ana-sayfa","status":"publish","type":"page","link":"https:\/\/berlinbrains.com\/tr\/","title":{"rendered":"Ana Sayfa"},"content":{"rendered":"\t\t<div data-elementor-type=\"wp-post\" data-elementor-id=\"817\" class=\"elementor elementor-817 elementor-5\" data-elementor-settings=\"[]\">\n\t\t\t\t\t\t<div class=\"elementor-inner\">\n\t\t\t\t\t\t\t<div class=\"elementor-section-wrap\">\n\t\t\t\t\t\t\t<section class=\"elementor-section elementor-top-section elementor-element elementor-element-d9aa37e elementor-section-boxed elementor-section-height-default elementor-section-height-default\" data-id=\"d9aa37e\" data-element_type=\"section\">\n\t\t\t\t\t\t<div class=\"elementor-container elementor-column-gap-no\">\n\t\t\t\t\t\t\t<div class=\"elementor-row\">\n\t\t\t\t\t<div class=\"elementor-column elementor-col-100 elementor-top-column elementor-element elementor-element-04c68e7\" data-id=\"04c68e7\" data-element_type=\"column\">\n\t\t\t<div class=\"elementor-column-wrap elementor-element-populated\">\n\t\t\t\t\t\t\t<div class=\"elementor-widget-wrap\">\n\t\t\t\t\t\t<div class=\"elementor-element elementor-element-f2b33bd elementor-aspect-ratio-169 elementor-widget elementor-widget-video\" data-id=\"f2b33bd\" data-element_type=\"widget\" data-settings=\"{&quot;youtube_url&quot;:&quot;https:\\\/\\\/youtu.be\\\/NHlm4UyACc8&quot;,&quot;start&quot;:0,&quot;video_type&quot;:&quot;youtube&quot;,&quot;controls&quot;:&quot;yes&quot;,&quot;aspect_ratio&quot;:&quot;169&quot;}\" data-widget_type=\"video.default\">\n\t\t\t\t<div class=\"elementor-widget-container\">\n\t\t\t\t\t<div class=\"elementor-wrapper elementor-fit-aspect-ratio elementor-open-inline\">\n\t\t\t<div class=\"elementor-video\"><\/div>\t\t<\/div>\n\t\t\t\t<\/div>\n\t\t\t\t<\/div>\n\t\t\t\t<div class=\"elementor-element elementor-element-30a736b1 elementor-widget elementor-widget-heading\" data-id=\"30a736b1\" data-element_type=\"widget\" data-widget_type=\"heading.default\">\n\t\t\t\t<div class=\"elementor-widget-container\">\n\t\t\t<h2 class=\"elementor-heading-title elementor-size-default\">BERLINBRAINS\u2019\u0130N B\u0130R PAR\u00c7ASI OL!\t<\/h2>\t\t<\/div>\n\t\t\t\t<\/div>\n\t\t\t\t<div class=\"elementor-element elementor-element-1b177f65 elementor-widget elementor-widget-text-editor\" data-id=\"1b177f65\" data-element_type=\"widget\" data-widget_type=\"text-editor.default\">\n\t\t\t\t<div class=\"elementor-widget-container\">\n\t\t\t\t\t\t\t\t<div class=\"elementor-text-editor elementor-clearfix\">\n\t\t\t\t\t<p><strong>BerlinBrains<\/strong> ba\u015fkentin deli g\u00f6mle\u011fini \u00e7\u0131kar\u0131yor. B\u00f6ylece <strong>Berlin<\/strong> tekrar derin bir nefes al\u0131p yeniden b\u00fcy\u00fcyebilir.<\/p>\n<p><strong>Alan Wolan<\/strong> ve <strong>Alexander Skora<\/strong>, Berlin&#8217;i canland\u0131racak ve kenti yeni bir yola y\u00f6nlendirecek bir <strong>ekip<\/strong> olu\u015fturuyor. B\u00fcy\u00fcmeyen her \u015feyin \u00f6ld\u00fc\u011f\u00fcn\u00fc \u00f6ng\u00f6ren biyolojik yasa, Almanya&#8217;n\u0131n en kalabal\u0131k \u015fehri i\u00e7in de ge\u00e7erli. \u015eu anda bir <strong>bonsai a\u011fa\u00e7\u00e7\u0131\u011f\u0131<\/strong> gibi <strong>siyaset<\/strong> taraf\u0131ndan s\u0131k\u0131\u015ft\u0131r\u0131lan ve vesayet alt\u0131na al\u0131nan <strong>ba\u015fkent<\/strong>, t\u00fcm <strong>d\u00fcnyada<\/strong> \u015fa\u015fk\u0131nl\u0131\u011fa ve <strong>kafa<\/strong> <strong>sallamaya<\/strong> neden oluyor. Aya\u011fa kalkma ve bir \u015feyleri <strong>de\u011fi\u015ftirme<\/strong> zaman\u0131 geldi.<\/p>\n<p><strong>Berlin&#8217;i<\/strong> bizimle birlikte harekete ge\u00e7irmek isteyen <strong>insanlar<\/strong> ar\u0131yoruz. <strong>Bir BerlinBrain ol:<\/strong> Biz <strong>Macerac\u0131lar, giri\u015fimciler, uygulay\u0131c\u0131lar, bilim insanlar\u0131, filozoflar, sanat\u00e7\u0131lar, \u015fairler, m\u00fczisyenler<\/strong> ve <strong>kendine \u00f6zg\u00fc d\u00fc\u015f\u00fcnen ki\u015filer<\/strong> ar\u0131yoruz. <strong>Ba\u015fkente<\/strong> yeni bir ya\u015fam solu\u011fu mu vermek istiyorsun, daha do\u011frusu onu tekrar ya\u015famaya de\u011fer mi yapmak istiyorsun? O halde \u015fimdi BerlinBrains&#8217;in bir par\u00e7as\u0131 ol. Biz <strong>fikirlerin<\/strong> <strong>g\u00fcc\u00fcne<\/strong> ve <strong>jenerasyonumuzun<\/strong> <strong>potansiyeline<\/strong> inan\u0131yoruz. Birlikte <strong>Berlin&#8217;i<\/strong> de\u011fi\u015ftirebilir ve onu harika bir <strong>metropol<\/strong> yapabiliriz!<\/p>\n<p>Hen\u00fcz <strong>politik<\/strong> olarak aktif de\u011fildin, ancak fikirlerinle Berlin&#8217;i do\u011fru yola sokaca\u011f\u0131ndan <strong>emin<\/strong> <strong>misin<\/strong>? Bir <strong>Berlin<\/strong> <strong>de\u011fi\u015ftiricisi<\/strong> olmaya ve <strong>gelece\u011fi<\/strong> bizimle birlikte yeniden \u015fekillendirmeye hevesli misin? Bir ya hep ya hi\u00e7 projesi \u00fczerinde \u00e7al\u0131\u015fmak m\u0131 istiyorsun?<\/p>\n<p>O halde bize k\u0131sa ki\u015fisel <strong>profilini<\/strong> g\u00f6nder, <strong>Berlin&#8217;de<\/strong> seni \u015fu anda ger\u00e7ekten neyin k\u0131zd\u0131rd\u0131\u011f\u0131n\u0131 bize yaz ve bize ya\u015famaya de\u011fer bir ba\u015fkente dair senin <strong>vizyonunu<\/strong> anlat. E-posta ile \u015fu adrese ba\u015fvur: <strong>2021@BerlinBrains.com<\/strong>.<\/p>\n\t\t\t\t\t<\/div>\n\t\t\t\t\t\t<\/div>\n\t\t\t\t<\/div>\n\t\t\t\t<div class=\"elementor-element elementor-element-644b873 elementor-widget elementor-widget-heading\" data-id=\"644b873\" data-element_type=\"widget\" data-widget_type=\"heading.default\">\n\t\t\t\t<div class=\"elementor-widget-container\">\n\t\t\t<h2 class=\"elementor-heading-title elementor-size-default\">PROGRAM<\/h2>\t\t<\/div>\n\t\t\t\t<\/div>\n\t\t\t\t<div class=\"elementor-element elementor-element-6c68c83 elementor-align-left elementor-icon-list--layout-traditional elementor-list-item-link-full_width elementor-widget elementor-widget-icon-list\" data-id=\"6c68c83\" data-element_type=\"widget\" data-widget_type=\"icon-list.default\">\n\t\t\t\t<div class=\"elementor-widget-container\">\n\t\t\t\t\t<ul class=\"elementor-icon-list-items\">\n\t\t\t\t\t\t\t<li class=\"elementor-icon-list-item\">\n\t\t\t\t\t\t\t\t\t\t\t<span class=\"elementor-icon-list-icon\">\n\t\t\t\t\t\t\t<i aria-hidden=\"true\" class=\"fas fa-check\"><\/i>\t\t\t\t\t\t<\/span>\n\t\t\t\t\t\t\t\t\t\t<span class=\"elementor-icon-list-text\">Dizayn demokrasi<\/span>\n\t\t\t\t\t\t\t\t\t<\/li>\n\t\t\t\t\t\t\t\t<li class=\"elementor-icon-list-item\">\n\t\t\t\t\t\t\t\t\t\t\t<span class=\"elementor-icon-list-icon\">\n\t\t\t\t\t\t\t<i aria-hidden=\"true\" class=\"fas fa-check\"><\/i>\t\t\t\t\t\t<\/span>\n\t\t\t\t\t\t\t\t\t\t<span class=\"elementor-icon-list-text\">Pozitif siyaset<\/span>\n\t\t\t\t\t\t\t\t\t<\/li>\n\t\t\t\t\t\t\t\t<li class=\"elementor-icon-list-item\">\n\t\t\t\t\t\t\t\t\t\t\t<span class=\"elementor-icon-list-icon\">\n\t\t\t\t\t\t\t<i aria-hidden=\"true\" class=\"fas fa-check\"><\/i>\t\t\t\t\t\t<\/span>\n\t\t\t\t\t\t\t\t\t\t<span class=\"elementor-icon-list-text\">\u0130deolojiden ba\u011f\u0131ms\u0131z giri\u015fimler<\/span>\n\t\t\t\t\t\t\t\t\t<\/li>\n\t\t\t\t\t\t\t\t<li class=\"elementor-icon-list-item\">\n\t\t\t\t\t\t\t\t\t\t\t<span class=\"elementor-icon-list-icon\">\n\t\t\t\t\t\t\t<i aria-hidden=\"true\" class=\"fas fa-check\"><\/i>\t\t\t\t\t\t<\/span>\n\t\t\t\t\t\t\t\t\t\t<span class=\"elementor-icon-list-text\">Gereksinime uygun in\u015fa<\/span>\n\t\t\t\t\t\t\t\t\t<\/li>\n\t\t\t\t\t\t\t\t<li class=\"elementor-icon-list-item\">\n\t\t\t\t\t\t\t\t\t\t\t<span class=\"elementor-icon-list-icon\">\n\t\t\t\t\t\t\t<i aria-hidden=\"true\" class=\"fas fa-check\"><\/i>\t\t\t\t\t\t<\/span>\n\t\t\t\t\t\t\t\t\t\t<span class=\"elementor-icon-list-text\">G\u00fcler y\u00fczl\u00fc ve dijital y\u00f6netim<\/span>\n\t\t\t\t\t\t\t\t\t<\/li>\n\t\t\t\t\t\t\t\t<li class=\"elementor-icon-list-item\">\n\t\t\t\t\t\t\t\t\t\t\t<span class=\"elementor-icon-list-icon\">\n\t\t\t\t\t\t\t<i aria-hidden=\"true\" class=\"fas fa-check\"><\/i>\t\t\t\t\t\t<\/span>\n\t\t\t\t\t\t\t\t\t\t<span class=\"elementor-icon-list-text\">Profesyonel \u00f6zel okullar<\/span>\n\t\t\t\t\t\t\t\t\t<\/li>\n\t\t\t\t\t\t\t\t<li class=\"elementor-icon-list-item\">\n\t\t\t\t\t\t\t\t\t\t\t<span class=\"elementor-icon-list-icon\">\n\t\t\t\t\t\t\t<i aria-hidden=\"true\" class=\"fas fa-check\"><\/i>\t\t\t\t\t\t<\/span>\n\t\t\t\t\t\t\t\t\t\t<span class=\"elementor-icon-list-text\">Sessiz ve temiz trafik<\/span>\n\t\t\t\t\t\t\t\t\t<\/li>\n\t\t\t\t\t\t<\/ul>\n\t\t\t\t<\/div>\n\t\t\t\t<\/div>\n\t\t\t\t<div class=\"elementor-element elementor-element-d8a3b66 elementor-widget elementor-widget-heading\" data-id=\"d8a3b66\" data-element_type=\"widget\" data-widget_type=\"heading.default\">\n\t\t\t\t<div class=\"elementor-widget-container\">\n\t\t\t<h2 class=\"elementor-heading-title elementor-size-default\">Werde aktiv!<\/h2>\t\t<\/div>\n\t\t\t\t<\/div>\n\t\t\t\t<div class=\"elementor-element elementor-element-f225713 elementor-widget elementor-widget-text-editor\" data-id=\"f225713\" data-element_type=\"widget\" data-widget_type=\"text-editor.default\">\n\t\t\t\t<div class=\"elementor-widget-container\">\n\t\t\t\t\t\t\t\t<div class=\"elementor-text-editor elementor-clearfix\">\n\t\t\t\t\t<div>\n<div>\n<div>\n<p><span style=\"letter-spacing: 0.1px;\">Du warst <\/span><span style=\"letter-spacing: 0.1px; color: #e94f13;\"><strong>politisch<\/strong><\/span><span style=\"letter-spacing: 0.1px;\"> noch nicht aktiv, aber bist davon <\/span><span style=\"letter-spacing: 0.1px; color: #e94f13;\"><strong>\u00fcberzeugt<\/strong><\/span><span style=\"letter-spacing: 0.1px;\">, mit Deinen Ideen <\/span><span style=\"letter-spacing: 0.1px; color: #e94f13;\"><strong>Berlin<\/strong><\/span><span style=\"letter-spacing: 0.1px;\"> auf den richtigen Weg zu bringen? Du hast Lust ein <\/span><span style=\"letter-spacing: 0.1px; color: #e94f13;\"><strong>Berlinver\u00e4nderer<\/strong><\/span><span style=\"letter-spacing: 0.1px;\"> zu werden und mit uns gemeinsam die <\/span><span style=\"letter-spacing: 0.1px; color: #e94f13;\"><strong>Zukunft<\/strong><\/span><span style=\"letter-spacing: 0.1px;\"> neu zu gestalten? Du m\u00f6chtest an einem Alles-oder-Nichts-Projekt arbeiten?<\/span><\/p>\n<p>Dann schick uns Dein kurzes pers\u00f6nliches <span style=\"color: #e94f13;\"><strong>Profil<\/strong><\/span>, schreib uns was Dich in <span style=\"color: #e94f13;\"><strong>Berlin<\/strong><\/span> gerade so richtig <span style=\"color: #e94f13;\"><strong>\u00e4rgert<\/strong><\/span> und gib uns Deine <span style=\"color: #e94f13;\"><strong>Vision<\/strong><\/span> von einer lebenswerten Hauptstadt wieder. Bewirb Dich per E-Mail an:<\/p>\n<\/div>\n<\/div>\n<\/div>\n\t\t\t\t\t<\/div>\n\t\t\t\t\t\t<\/div>\n\t\t\t\t<\/div>\n\t\t\t\t<div class=\"elementor-element elementor-element-37933509 elementor-mobile-align-center elementor-widget elementor-widget-button\" data-id=\"37933509\" data-element_type=\"widget\" data-widget_type=\"button.default\">\n\t\t\t\t<div class=\"elementor-widget-container\">\n\t\t\t\t\t<div class=\"elementor-button-wrapper\">\n\t\t\t<a href=\"mailto:2021@BerlinBrains.com\" class=\"elementor-button-link elementor-button elementor-size-sm elementor-animation-grow\" role=\"button\">\n\t\t\t\t\t\t<span class=\"elementor-button-content-wrapper\">\n\t\t\t\t\t\t<span class=\"elementor-button-icon elementor-align-icon-left\">\n\t\t\t\t<i aria-hidden=\"true\" class=\"far fa-paper-plane\"><\/i>\t\t\t<\/span>\n\t\t\t\t\t\t<span class=\"elementor-button-text\">2021@BerlinBrains.com<\/span>\n\t\t<\/span>\n\t\t\t\t\t<\/a>\n\t\t<\/div>\n\t\t\t\t<\/div>\n\t\t\t\t<\/div>\n\t\t\t\t<div class=\"elementor-element elementor-element-2555139 elementor-widget elementor-widget-text-editor\" data-id=\"2555139\" data-element_type=\"widget\" data-widget_type=\"text-editor.default\">\n\t\t\t\t<div class=\"elementor-widget-container\">\n\t\t\t\t\t\t\t\t<div class=\"elementor-text-editor elementor-clearfix\">\n\t\t\t\t\t<p>E-postan\u0131z\u0131 g\u00f6ndererek, gizlilik politikam\u0131z\u0131 kabul etti\u011finizi ve bilgilerinizi sizinle ileti\u015fim kurmak i\u00e7in kullanabilece\u011fimizi onaylars\u0131n\u0131z. Verilerinizi \u00fc\u00e7\u00fcnc\u00fc taraflarla kesinlikle aktarmayiz.<\/p>\n\t\t\t\t\t<\/div>\n\t\t\t\t\t\t<\/div>\n\t\t\t\t<\/div>\n\t\t\t\t\t\t<\/div>\n\t\t\t\t\t<\/div>\n\t\t<\/div>\n\t\t\t\t\t\t\t\t<\/div>\n\t\t\t\t\t<\/div>\n\t\t<\/section>\n\t\t\t\t\t\t<\/div>\n\t\t\t\t\t\t<\/div>\n\t\t\t\t\t<\/div>\n\t\t","protected":false},"excerpt":{"rendered":"<p>BERLINBRAINS\u2019\u0130N B\u0130R PAR\u00c7ASI OL! BerlinBrains ba\u015fkentin deli g\u00f6mle\u011fini \u00e7\u0131kar\u0131yor. B\u00f6ylece Berlin tekrar derin bir nefes al\u0131p yeniden b\u00fcy\u00fcyebilir. Alan Wolan ve Alexander Skora, Berlin&#8217;i canland\u0131racak ve kenti yeni bir yola y\u00f6nlendirecek bir ekip olu\u015fturuyor. B\u00fcy\u00fcmeyen her \u015feyin \u00f6ld\u00fc\u011f\u00fcn\u00fc \u00f6ng\u00f6ren biyolojik yasa, Almanya&#8217;n\u0131n en kalabal\u0131k \u015fehri i\u00e7in de ge\u00e7erli. \u015eu anda bir bonsai a\u011fa\u00e7\u00e7\u0131\u011f\u0131 gibi siyaset [&hellip;]<\/p>\n","protected":false},"author":1,"featured_media":0,"parent":0,"menu_order":0,"comment_status":"closed","ping_status":"closed","template":"","meta":[],"yoast_head":"<!-- This site is optimized with the Yoast SEO plugin v16.5 - https:\/\/yoast.com\/wordpress\/plugins\/seo\/ -->\n<title>Ana Sayfa | BerlinBrains<\/title>\n<meta name=\"robots\" content=\"index, follow, max-snippet:-1, max-image-preview:large, max-video-preview:-1\" \/>\n<link rel=\"canonical\" href=\"https:\/\/berlinbrains.com\/tr\/\" \/>\n<meta property=\"og:locale\" content=\"tr_TR\" \/>\n<meta property=\"og:type\" content=\"article\" \/>\n<meta property=\"og:title\" content=\"Ana Sayfa | BerlinBrains\" \/>\n<meta property=\"og:description\" content=\"BERLINBRAINS\u2019\u0130N B\u0130R PAR\u00c7ASI OL! BerlinBrains ba\u015fkentin deli g\u00f6mle\u011fini \u00e7\u0131kar\u0131yor. B\u00f6ylece Berlin tekrar derin bir nefes al\u0131p yeniden b\u00fcy\u00fcyebilir. Alan Wolan ve Alexander Skora, Berlin&#8217;i canland\u0131racak ve kenti yeni bir yola y\u00f6nlendirecek bir ekip olu\u015fturuyor. B\u00fcy\u00fcmeyen her \u015feyin \u00f6ld\u00fc\u011f\u00fcn\u00fc \u00f6ng\u00f6ren biyolojik yasa, Almanya&#8217;n\u0131n en kalabal\u0131k \u015fehri i\u00e7in de ge\u00e7erli. \u015eu anda bir bonsai a\u011fa\u00e7\u00e7\u0131\u011f\u0131 gibi siyaset [&hellip;]\" \/>\n<meta property=\"og:url\" content=\"https:\/\/berlinbrains.com\/tr\/\" \/>\n<meta property=\"og:site_name\" content=\"BerlinBrains\" \/>\n<meta property=\"article:publisher\" content=\"https:\/\/www.facebook.com\/BerlinBrains\" \/>\n<meta property=\"article:modified_time\" content=\"2021-03-22T12:59:10+00:00\" \/>\n<meta name=\"twitter:card\" content=\"summary_large_image\" \/>\n<meta name=\"twitter:site\" content=\"@berlinbrains\" \/>\n<meta name=\"twitter:label1\" content=\"Tahmini okuma s\u00fcresi\" \/>\n\t<meta name=\"twitter:data1\" content=\"2 dakika\" \/>\n<script type=\"application\/ld+json\" class=\"yoast-schema-graph\">{\"@context\":\"https:\/\/schema.org\",\"@graph\":[{\"@type\":\"Organization\",\"@id\":\"https:\/\/berlinbrains.com\/#organization\",\"name\":\"BerlinBrains\",\"url\":\"https:\/\/berlinbrains.com\/\",\"sameAs\":[\"https:\/\/www.facebook.com\/BerlinBrains\",\"https:\/\/www.instagram.com\/BerlinBrains\/\",\"https:\/\/twitter.com\/berlinbrains\"],\"logo\":{\"@type\":\"ImageObject\",\"@id\":\"https:\/\/berlinbrains.com\/#logo\",\"inLanguage\":\"tr\",\"url\":\"https:\/\/berlinbrains.com\/wp-content\/uploads\/2020\/08\/berlinbrains-logo.svg\",\"contentUrl\":\"https:\/\/berlinbrains.com\/wp-content\/uploads\/2020\/08\/berlinbrains-logo.svg\",\"caption\":\"BerlinBrains\"},\"image\":{\"@id\":\"https:\/\/berlinbrains.com\/#logo\"}},{\"@type\":\"WebSite\",\"@id\":\"https:\/\/berlinbrains.com\/#website\",\"url\":\"https:\/\/berlinbrains.com\/\",\"name\":\"BerlinBrains\",\"description\":\"MISSION: DESIGN DEMOCRACY!\",\"publisher\":{\"@id\":\"https:\/\/berlinbrains.com\/#organization\"},\"potentialAction\":[{\"@type\":\"SearchAction\",\"target\":\"https:\/\/berlinbrains.com\/?s={search_term_string}\",\"query-input\":\"required name=search_term_string\"}],\"inLanguage\":\"tr\"},{\"@type\":\"WebPage\",\"@id\":\"https:\/\/berlinbrains.com\/tr\/#webpage\",\"url\":\"https:\/\/berlinbrains.com\/tr\/\",\"name\":\"Ana Sayfa | BerlinBrains\",\"isPartOf\":{\"@id\":\"https:\/\/berlinbrains.com\/#website\"},\"datePublished\":\"2020-09-17T14:17:36+00:00\",\"dateModified\":\"2021-03-22T12:59:10+00:00\",\"breadcrumb\":{\"@id\":\"https:\/\/berlinbrains.com\/tr\/#breadcrumb\"},\"inLanguage\":\"tr\",\"potentialAction\":[{\"@type\":\"ReadAction\",\"target\":[\"https:\/\/berlinbrains.com\/tr\/\"]}]},{\"@type\":\"BreadcrumbList\",\"@id\":\"https:\/\/berlinbrains.com\/tr\/#breadcrumb\",\"itemListElement\":[{\"@type\":\"ListItem\",\"position\":1,\"name\":\"Startseite\",\"item\":\"https:\/\/berlinbrains.com\/tr\/\"},{\"@type\":\"ListItem\",\"position\":2,\"name\":\"Ana Sayfa\"}]}]}<\/script>\n<!-- \/ Yoast SEO plugin. -->","_links":{"self":[{"href":"https:\/\/berlinbrains.com\/tr\/wp-json\/wp\/v2\/pages\/817"}],"collection":[{"href":"https:\/\/berlinbrains.com\/tr\/wp-json\/wp\/v2\/pages"}],"about":[{"href":"https:\/\/berlinbrains.com\/tr\/wp-json\/wp\/v2\/types\/page"}],"author":[{"embeddable":true,"href":"https:\/\/berlinbrains.com\/tr\/wp-json\/wp\/v2\/users\/1"}],"replies":[{"embeddable":true,"href":"https:\/\/berlinbrains.com\/tr\/wp-json\/wp\/v2\/comments?post=817"}],"version-history":[{"count":3,"href":"https:\/\/berlinbrains.com\/tr\/wp-json\/wp\/v2\/pages\/817\/revisions"}],"predecessor-version":[{"id":1616,"href":"https:\/\/berlinbrains.com\/tr\/wp-json\/wp\/v2\/pages\/817\/revisions\/1616"}],"wp:attachment":[{"href":"https:\/\/berlinbrains.com\/tr\/wp-json\/wp\/v2\/media?parent=817"}],"curies":[{"name":"wp","href":"https:\/\/api.w.org\/{rel}","templated":true}]}}